{"id":870,"date":"2024-03-26T20:28:11","date_gmt":"2024-03-26T23:28:11","guid":{"rendered":"https:\/\/salondelasmujeres.ar\/?page_id=870"},"modified":"2024-03-27T00:48:58","modified_gmt":"2024-03-27T03:48:58","slug":"florentina-gomez-miranda","status":"publish","type":"page","link":"https:\/\/salondelasmujeres.ar\/?page_id=870","title":{"rendered":"Florentina G\u00f3mez Miranda"},"content":{"rendered":"<p>[et_pb_section fb_built=\u00bb1&#8243; custom_padding_last_edited=\u00bboff|desktop\u00bb admin_label=\u00bbHeader\u00bb _builder_version=\u00bb4.16&#8243; background_color_gradient_direction=\u00bb188deg\u00bb background_image=\u00bbhttps:\/\/salondelasmujeres.ar\/wp-content\/uploads\/2024\/03\/art-gallery-55.jpg\u00bb background_size=\u00bbinitial\u00bb background_repeat=\u00bbrepeat\u00bb width=\u00bb100%\u00bb custom_padding_tablet=\u00bb5vw||5vw||true\u00bb global_colors_info=\u00bb{}\u00bb theme_builder_area=\u00bbpost_content\u00bb][et_pb_row custom_padding_last_edited=\u00bboff|phone\u00bb _builder_version=\u00bb4.16&#8243; background_position=\u00bbbottom_center\u00bb custom_padding_tablet=\u00bb17vw||17vw||false\u00bb use_custom_width=\u00bbon\u00bb width_unit=\u00bboff\u00bb custom_width_percent=\u00bb100%\u00bb locked=\u00bboff\u00bb global_colors_info=\u00bb{}\u00bb theme_builder_area=\u00bbpost_content\u00bb][et_pb_column type=\u00bb4_4&#8243; _builder_version=\u00bb4.16&#8243; custom_padding=\u00bb|||\u00bb global_colors_info=\u00bb{}\u00bb custom_padding__hover=\u00bb|||\u00bb theme_builder_area=\u00bbpost_content\u00bb][et_pb_text _builder_version=\u00bb4.24.2&#8243; text_font=\u00bb||||||||\u00bb header_font=\u00bb||||||||\u00bb header_2_font=\u00bbPrata|500|||||||\u00bb header_2_text_align=\u00bbleft\u00bb header_2_font_size=\u00bb56px\u00bb header_2_line_height=\u00bb1.3em\u00bb header_4_font=\u00bb|700|||||||\u00bb header_4_font_size=\u00bb16px\u00bb header_4_line_height=\u00bb1.2em\u00bb transform_translate_linked=\u00bboff\u00bb max_width=\u00bb700px\u00bb max_width_tablet=\u00bb70%\u00bb max_width_last_edited=\u00bboff|phone\u00bb hover_enabled=\u00bb0&#8243; header_2_font_size_tablet=\u00bb40px\u00bb header_2_font_size_phone=\u00bb26px\u00bb header_2_font_size_last_edited=\u00bbon|desktop\u00bb global_colors_info=\u00bb{}\u00bb theme_builder_area=\u00bbpost_content\u00bb sticky_enabled=\u00bb0&#8243;]<\/p>\n<h2>Florentina G\u00f3mez Miranda<\/h2>\n<h4>Abogada y pol\u00edtica, volc\u00f3 sus convicciones, su compromiso y su historia de lucha y de defensa de los derechos de las mujeres &#8211; Olavarr\u00eda, Argentina, 14 de febrero de 1912 &#8211; Buenos Aires, Argentina, 1 de agosto de 2011<\/h4>\n<p>Mar\u00eda Florentina G\u00f3mez Miranda (1912-2011) fue una destacada abogada y pol\u00edtica argentina, afiliada a la Uni\u00f3n C\u00edvica Radical desde 1944. Como diputada nacional (1983-1991), promovi\u00f3 leyes en defensa de los derechos de la mujer, presidiendo la Comisi\u00f3n de Familia, Mujer y Minoridad. Su labor incluy\u00f3 la promoci\u00f3n de leyes como la patria potestad compartida y el divorcio vincular. Reconocida por su trayectoria, fue la primera mujer en ser velada en el Congreso Nacional y en ser enterrada en el Pante\u00f3n de los Ca\u00eddos de la Revoluci\u00f3n del &#8217;90 en el Cementerio de la Recoleta. Recibi\u00f3 diversos premios, como la Banca de Oro (1986) y el Premio Alicia Moreau de Justo (1990-1999).<\/p>\n<p>&nbsp;<\/p>\n<p>&nbsp;<\/p>\n<p>[\/et_pb_text][\/et_pb_column][\/et_pb_row][\/et_pb_section][et_pb_section fb_built=\u00bb1&#8243; custom_padding_last_edited=\u00bboff|desktop\u00bb admin_label=\u00bbWork\u00bb _builder_version=\u00bb4.16&#8243; background_color_gradient_direction=\u00bb188deg\u00bb background_image=\u00bbhttps:\/\/salondelasmujeres.ar\/wp-content\/uploads\/2024\/03\/art-gallery-55.jpg\u00bb background_size=\u00bbinitial\u00bb background_repeat=\u00bbrepeat\u00bb width=\u00bb100%\u00bb custom_padding_tablet=\u00bb5vw||5vw||true\u00bb global_colors_info=\u00bb{}\u00bb theme_builder_area=\u00bbpost_content\u00bb][et_pb_row custom_padding_last_edited=\u00bboff|phone\u00bb _builder_version=\u00bb4.16&#8243; background_position=\u00bbbottom_center\u00bb custom_padding_tablet=\u00bb17vw||17vw||false\u00bb use_custom_width=\u00bbon\u00bb width_unit=\u00bboff\u00bb custom_width_percent=\u00bb100%\u00bb locked=\u00bboff\u00bb global_colors_info=\u00bb{}\u00bb theme_builder_area=\u00bbpost_content\u00bb][et_pb_column type=\u00bb4_4&#8243; _builder_version=\u00bb4.16&#8243; custom_padding=\u00bb|||\u00bb global_colors_info=\u00bb{}\u00bb custom_padding__hover=\u00bb|||\u00bb theme_builder_area=\u00bbpost_content\u00bb][et_pb_text _builder_version=\u00bb4.24.2&#8243; text_font=\u00bb||||||||\u00bb header_font=\u00bb||||||||\u00bb header_2_font=\u00bbPrata|500|||||||\u00bb header_2_font_size=\u00bb56px\u00bb header_2_line_height=\u00bb1.3em\u00bb header_3_font=\u00bb|700||on|||||\u00bb header_3_text_color=\u00bbrgba(0,0,0,0.35)\u00bb header_3_font_size=\u00bb12px\u00bb header_3_letter_spacing=\u00bb5px\u00bb header_3_line_height=\u00bb2em\u00bb transform_translate_linked=\u00bboff\u00bb text_orientation=\u00bbcenter\u00bb max_width=\u00bb700px\u00bb max_width_tablet=\u00bb70%\u00bb max_width_last_edited=\u00bboff|phone\u00bb module_alignment=\u00bbcenter\u00bb hover_enabled=\u00bb0&#8243; header_2_font_size_tablet=\u00bb40px\u00bb header_2_font_size_phone=\u00bb26px\u00bb header_2_font_size_last_edited=\u00bbon|phone\u00bb header_3_font_size_phone=\u00bb10px\u00bb header_3_font_size_last_edited=\u00bboff|desktop\u00bb module_alignment_last_edited=\u00bboff|desktop\u00bb text_text_align=\u00bbcenter\u00bb global_colors_info=\u00bb{}\u00bb theme_builder_area=\u00bbpost_content\u00bb sticky_enabled=\u00bb0&#8243;]<\/p>\n<h3>Un recorrido a trav\u00e9s de<\/h3>\n<h2>Im\u00e1genes y Momentos<\/h2>\n<p>[\/et_pb_text][\/et_pb_column][\/et_pb_row][et_pb_row column_structure=\u00bb1_3,1_3,1_3&#8243; _builder_version=\u00bb4.16&#8243; global_colors_info=\u00bb{}\u00bb theme_builder_area=\u00bbpost_content\u00bb][et_pb_column type=\u00bb1_3&#8243; _builder_version=\u00bb4.16&#8243; custom_padding=\u00bb|||\u00bb global_colors_info=\u00bb{}\u00bb custom_padding__hover=\u00bb|||\u00bb theme_builder_area=\u00bbpost_content\u00bb][et_pb_image src=\u00bbhttps:\/\/salondelasmujeres.ar\/wp-content\/uploads\/2024\/03\/Florentina-Gomez-Miranda_01.jpg\u00bb title_text=\u00bbFlorentina G\u00f3mez Miranda_01&#8243; align=\u00bbcenter\u00bb _builder_version=\u00bb4.24.2&#8243; hover_enabled=\u00bb0&#8243; global_colors_info=\u00bb{}\u00bb theme_builder_area=\u00bbpost_content\u00bb sticky_enabled=\u00bb0&#8243;][\/et_pb_image][et_pb_text ul_position=\u00bbinside\u00bb _builder_version=\u00bb4.24.2&#8243; text_font=\u00bb||||||||\u00bb ul_font=\u00bb||||||||\u00bb header_font=\u00bb|700|||||||\u00bb header_font_size=\u00bb20px\u00bb header_line_height=\u00bb1.3em\u00bb header_3_font=\u00bb|700|||||||\u00bb header_3_font_size=\u00bb14px\u00bb header_3_line_height=\u00bb1.3em\u00bb text_orientation=\u00bbcenter\u00bb hover_enabled=\u00bb0&#8243; text_text_align=\u00bbcenter\u00bb locked=\u00bboff\u00bb global_colors_info=\u00bb{}\u00bb theme_builder_area=\u00bbpost_content\u00bb sticky_enabled=\u00bb0&#8243;]<\/p>\n<h3>Mar\u00eda Elena Walsh<\/h3>\n<p>\u00abSi una mujer entra a la pol\u00edtica, cambia la mujer. Si muchas mujeres entran a la pol\u00edtica, cambia la pol\u00edtica\u201d.<\/p>\n<p>[\/et_pb_text][\/et_pb_column][et_pb_column type=\u00bb1_3&#8243; _builder_version=\u00bb4.16&#8243; custom_padding=\u00bb|||\u00bb global_colors_info=\u00bb{}\u00bb custom_padding__hover=\u00bb|||\u00bb theme_builder_area=\u00bbpost_content\u00bb][et_pb_image src=\u00bbhttps:\/\/salondelasmujeres.ar\/wp-content\/uploads\/2024\/03\/Florentina-Gomez-Miranda_03.jpg\u00bb title_text=\u00bbFlorentina G\u00f3mez Miranda_03&#8243; align=\u00bbcenter\u00bb _builder_version=\u00bb4.24.2&#8243; hover_enabled=\u00bb0&#8243; global_colors_info=\u00bb{}\u00bb theme_builder_area=\u00bbpost_content\u00bb sticky_enabled=\u00bb0&#8243;][\/et_pb_image][et_pb_text ul_position=\u00bbinside\u00bb _builder_version=\u00bb4.24.2&#8243; text_font=\u00bb||||||||\u00bb ul_font=\u00bb||||||||\u00bb header_font=\u00bb|700|||||||\u00bb header_font_size=\u00bb20px\u00bb header_line_height=\u00bb1.3em\u00bb header_3_font=\u00bb|700|||||||\u00bb header_3_font_size=\u00bb14px\u00bb header_3_line_height=\u00bb1.3em\u00bb text_orientation=\u00bbcenter\u00bb hover_enabled=\u00bb0&#8243; text_text_align=\u00bbcenter\u00bb locked=\u00bboff\u00bb global_colors_info=\u00bb{}\u00bb theme_builder_area=\u00bbpost_content\u00bb sticky_enabled=\u00bb0&#8243;]<\/p>\n<h3>Florentina G\u00f3mez Miranda<\/h3>\n<p>En 1983, fue elegida diputada nacional por la UCR, un logro que la convirti\u00f3 en una de las primeras mujeres en ocupar un cargo legislativo de alto nivel en Argentina.<\/p>\n<p>[\/et_pb_text][\/et_pb_column][et_pb_column type=\u00bb1_3&#8243; _builder_version=\u00bb4.16&#8243; custom_padding=\u00bb|||\u00bb global_colors_info=\u00bb{}\u00bb custom_padding__hover=\u00bb|||\u00bb theme_builder_area=\u00bbpost_content\u00bb][et_pb_image src=\u00bbhttps:\/\/salondelasmujeres.ar\/wp-content\/uploads\/2024\/03\/Florentina-Gomez-Miranda_02-A.jpg\u00bb title_text=\u00bbFlorentina G\u00f3mez Miranda_02 A\u00bb align=\u00bbcenter\u00bb _builder_version=\u00bb4.24.2&#8243; hover_enabled=\u00bb0&#8243; global_colors_info=\u00bb{}\u00bb theme_builder_area=\u00bbpost_content\u00bb sticky_enabled=\u00bb0&#8243;][\/et_pb_image][et_pb_text ul_position=\u00bbinside\u00bb _builder_version=\u00bb4.24.2&#8243; text_font=\u00bb||||||||\u00bb ul_font=\u00bb||||||||\u00bb header_font=\u00bb|700|||||||\u00bb header_font_size=\u00bb20px\u00bb header_line_height=\u00bb1.3em\u00bb header_3_font=\u00bb|700|||||||\u00bb header_3_font_size=\u00bb14px\u00bb header_3_line_height=\u00bb1.3em\u00bb text_orientation=\u00bbcenter\u00bb hover_enabled=\u00bb0&#8243; text_text_align=\u00bbcenter\u00bb locked=\u00bboff\u00bb global_colors_info=\u00bb{}\u00bb theme_builder_area=\u00bbpost_content\u00bb sticky_enabled=\u00bb0&#8243;]<\/p>\n<h3>Florentina G\u00f3mez Miranda<\/h3>\n<p><span>\u00abP\u00fablicamente, todos los pol\u00edticos son feministas. Pero los elogios no se traducen en lugares para las mujeres\u00bb<\/span><\/p>\n<p>\u00abAlicia Moreau de Justo s\u00f3lo entr\u00f3 en el Congreso en un caj\u00f3n\u00bb<\/p>\n<p>[\/et_pb_text][\/et_pb_column][\/et_pb_row][\/et_pb_section][et_pb_section fb_built=\u00bb1&#8243; admin_label=\u00bbResume\u00bb _builder_version=\u00bb4.16&#8243; background_image=\u00bbhttps:\/\/salondelasmujeres.ar\/wp-content\/uploads\/2024\/03\/art-gallery-55.jpg\u00bb background_size=\u00bbinitial\u00bb background_repeat=\u00bbrepeat\u00bb global_colors_info=\u00bb{}\u00bb theme_builder_area=\u00bbpost_content\u00bb][et_pb_row custom_padding_last_edited=\u00bboff|phone\u00bb _builder_version=\u00bb4.16&#8243; background_position=\u00bbbottom_center\u00bb custom_padding_tablet=\u00bb17vw||17vw||false\u00bb use_custom_width=\u00bbon\u00bb width_unit=\u00bboff\u00bb custom_width_percent=\u00bb100%\u00bb locked=\u00bboff\u00bb global_colors_info=\u00bb{}\u00bb theme_builder_area=\u00bbpost_content\u00bb][et_pb_column type=\u00bb4_4&#8243; _builder_version=\u00bb4.16&#8243; custom_padding=\u00bb|||\u00bb global_colors_info=\u00bb{}\u00bb custom_padding__hover=\u00bb|||\u00bb theme_builder_area=\u00bbpost_content\u00bb][et_pb_text _builder_version=\u00bb4.24.2&#8243; text_font=\u00bb||||||||\u00bb header_font=\u00bb||||||||\u00bb header_2_font=\u00bbPrata|500|||||||\u00bb header_2_font_size=\u00bb56px\u00bb header_2_line_height=\u00bb1.3em\u00bb header_3_font=\u00bb|700||on|||||\u00bb header_3_text_color=\u00bbrgba(0,0,0,0.35)\u00bb header_3_font_size=\u00bb12px\u00bb header_3_letter_spacing=\u00bb5px\u00bb header_3_line_height=\u00bb2em\u00bb transform_translate_linked=\u00bboff\u00bb max_width=\u00bb700px\u00bb max_width_tablet=\u00bb70%\u00bb max_width_last_edited=\u00bboff|phone\u00bb module_alignment=\u00bbleft\u00bb header_2_font_size_tablet=\u00bb40px\u00bb header_2_font_size_phone=\u00bb26px\u00bb header_2_font_size_last_edited=\u00bbon|phone\u00bb header_3_font_size_phone=\u00bb10px\u00bb header_3_font_size_last_edited=\u00bboff|desktop\u00bb module_alignment_last_edited=\u00bboff|desktop\u00bb global_colors_info=\u00bb{}\u00bb theme_builder_area=\u00bbpost_content\u00bb]<\/p>\n<h3>Biograf\u00eda<\/h3>\n<p>[\/et_pb_text][\/et_pb_column][\/et_pb_row][et_pb_row _builder_version=\u00bb4.16&#8243; global_colors_info=\u00bb{}\u00bb theme_builder_area=\u00bbpost_content\u00bb][et_pb_column type=\u00bb4_4&#8243; _builder_version=\u00bb4.16&#8243; custom_padding=\u00bb|||\u00bb global_colors_info=\u00bb{}\u00bb custom_padding__hover=\u00bb|||\u00bb theme_builder_area=\u00bbpost_content\u00bb][et_pb_text ul_position=\u00bbinside\u00bb _builder_version=\u00bb4.24.2&#8243; text_font=\u00bb||||||||\u00bb ul_font=\u00bb||||||||\u00bb header_font=\u00bb|700|||||||\u00bb header_font_size=\u00bb20px\u00bb header_line_height=\u00bb1.3em\u00bb header_3_font=\u00bb|700|||||||\u00bb header_3_font_size=\u00bb14px\u00bb header_3_line_height=\u00bb1.3em\u00bb header_4_font=\u00bb|700|||||||\u00bb header_4_font_size=\u00bb14px\u00bb header_4_line_height=\u00bb1.3em\u00bb hover_enabled=\u00bb0&#8243; locked=\u00bboff\u00bb global_colors_info=\u00bb{}\u00bb theme_builder_area=\u00bbpost_content\u00bb sticky_enabled=\u00bb0&#8243;]<\/p>\n<p>Mar\u00eda Florentina G\u00f3mez Miranda, nacida el 14 de febrero de 1912 en Olavarr\u00eda, Argentina, emergi\u00f3 como una destacada figura en la esfera pol\u00edtica y legal de nuestro pa\u00eds. Su trayectoria comenz\u00f3 con su graduaci\u00f3n en Derecho en la Universidad Nacional de La Plata en 1945, un hito significativo en una \u00e9poca en la que las mujeres enfrentaban barreras en el acceso a la educaci\u00f3n superior y en el ejercicio de profesiones consideradas tradicionalmente masculinas. Este logro acad\u00e9mico no solo marc\u00f3 el inicio de su carrera profesional, sino que tambi\u00e9n sent\u00f3 las bases para su futura labor en la defensa de los derechos de las mujeres.<\/p>\n<p>Un a\u00f1o despu\u00e9s de obtener su t\u00edtulo de abogada, G\u00f3mez Miranda se uni\u00f3 a la Uni\u00f3n C\u00edvica Radical (UCR), un partido con una historia de defensa de los principios democr\u00e1ticos y derechos civiles. Esta afiliaci\u00f3n marc\u00f3 el comienzo de su compromiso activo con la vida pol\u00edtica del pa\u00eds y su lucha por la igualdad de g\u00e9nero y la justicia social.<\/p>\n<p>Sin embargo, fue en las d\u00e9cadas de 1980 y 1990 cuando G\u00f3mez Miranda alcanz\u00f3 la c\u00faspide de su influencia pol\u00edtica. En 1983, fue elegida diputada nacional por la UCR, un logro que la convirti\u00f3 en una de las primeras mujeres en ocupar un cargo legislativo de alto nivel en Argentina. Durante su mandato, G\u00f3mez Miranda dedic\u00f3 una atenci\u00f3n particular a las cuestiones relacionadas con la familia, la mujer y la infancia, presidiendo la Comisi\u00f3n de Familia, Mujer y Minoridad en el Congreso Nacional.<\/p>\n<p>Su labor legislativa fue extraordinariamente prol\u00edfica, presentando m\u00e1s de 150 proyectos de ley destinados a promover la igualdad de g\u00e9nero, proteger los derechos de la mujer y fortalecer la instituci\u00f3n familiar. Entre estos proyectos se encontraban iniciativas para establecer la patria potestad compartida, legalizar el divorcio vincular, garantizar pensiones para viudos y c\u00f3nyuges divorciados, as\u00ed como garantizar la igualdad de derechos para los hijos nacidos dentro y fuera del matrimonio. Adem\u00e1s, abog\u00f3 por el derecho de la mujer a conservar su apellido de soltera despu\u00e9s del matrimonio, un aspecto que simbolizaba su compromiso con la autonom\u00eda y la identidad de las mujeres en la sociedad.<\/p>\n<p>El impacto de las contribuciones de G\u00f3mez Miranda trascendi\u00f3 las fronteras del \u00e1mbito legislativo, siendo reconocida y honrada en diversos \u00e1mbitos. En 1999, la Legislatura de la Ciudad Aut\u00f3noma de Buenos Aires la distingui\u00f3 como \u00abciudadana ilustre\u00bb, un testimonio de su influencia perdurable en la vida p\u00fablica argentina. Adem\u00e1s, en 2010, la Universidad Nacional de La Plata le otorg\u00f3 la distinci\u00f3n de \u00abGraduada Ilustre\u00bb, convirti\u00e9ndose en la primera mujer en recibir este honor en la historia de la instituci\u00f3n.<\/p>\n<p>A lo largo de su vida, G\u00f3mez Miranda fue una defensora incansable de la igualdad de g\u00e9nero y los derechos humanos, enfrentando desaf\u00edos y resistencias con valent\u00eda y determinaci\u00f3n. Su legado perdura en el recuerdo de aquellos que la conocieron y en las pol\u00edticas y leyes que ayud\u00f3 a promulgar. Aunque falleci\u00f3 el 1 de agosto de 2011, su esp\u00edritu de lucha y su compromiso con la justicia contin\u00faan inspirando a las generaciones futuras en la b\u00fasqueda de un mundo m\u00e1s equitativo y justo para todos.<\/p>\n<p>[\/et_pb_text][\/et_pb_column][\/et_pb_row][\/et_pb_section]<\/p>\n","protected":false},"excerpt":{"rendered":"<p>Florentina G\u00f3mez Miranda Abogada y pol\u00edtica, volc\u00f3 sus convicciones, su compromiso y su historia de lucha y de defensa de los derechos de las mujeres &#8211; Olavarr\u00eda, Argentina, 14 de febrero de 1912 &#8211; Buenos Aires, Argentina, 1 de agosto de 2011 Mar\u00eda Florentina G\u00f3mez Miranda (1912-2011) fue una destacada abogada y pol\u00edtica argentina, afiliada [&hellip;]<\/p>\n","protected":false},"author":1,"featured_media":0,"parent":0,"menu_order":0,"comment_status":"closed","ping_status":"closed","template":"","meta":{"_et_pb_use_builder":"on","_et_pb_old_content":"","_et_gb_content_width":"","footnotes":""},"class_list":["post-870","page","type-page","status-publish","hentry"],"_links":{"self":[{"href":"https:\/\/salondelasmujeres.ar\/index.php?rest_route=\/wp\/v2\/pages\/870","targetHints":{"allow":["GET"]}}],"collection":[{"href":"https:\/\/salondelasmujeres.ar\/index.php?rest_route=\/wp\/v2\/pages"}],"about":[{"href":"https:\/\/salondelasmujeres.ar\/index.php?rest_route=\/wp\/v2\/types\/page"}],"author":[{"embeddable":true,"href":"https:\/\/salondelasmujeres.ar\/index.php?rest_route=\/wp\/v2\/users\/1"}],"replies":[{"embeddable":true,"href":"https:\/\/salondelasmujeres.ar\/index.php?rest_route=%2Fwp%2Fv2%2Fcomments&post=870"}],"version-history":[{"count":9,"href":"https:\/\/salondelasmujeres.ar\/index.php?rest_route=\/wp\/v2\/pages\/870\/revisions"}],"predecessor-version":[{"id":958,"href":"https:\/\/salondelasmujeres.ar\/index.php?rest_route=\/wp\/v2\/pages\/870\/revisions\/958"}],"wp:attachment":[{"href":"https:\/\/salondelasmujeres.ar\/index.php?rest_route=%2Fwp%2Fv2%2Fmedia&parent=870"}],"curies":[{"name":"wp","href":"https:\/\/api.w.org\/{rel}","templated":true}]}}