{"id":849,"date":"2024-03-26T19:39:00","date_gmt":"2024-03-26T22:39:00","guid":{"rendered":"https:\/\/salondelasmujeres.ar\/?page_id=849"},"modified":"2024-03-26T19:39:00","modified_gmt":"2024-03-26T22:39:00","slug":"maria-elena-walsh","status":"publish","type":"page","link":"https:\/\/salondelasmujeres.ar\/?page_id=849","title":{"rendered":"Mar\u00eda Elena Walsh"},"content":{"rendered":"<p>[et_pb_section fb_built=\u00bb1&#8243; custom_padding_last_edited=\u00bboff|desktop\u00bb admin_label=\u00bbHeader\u00bb _builder_version=\u00bb4.16&#8243; background_color_gradient_direction=\u00bb188deg\u00bb background_image=\u00bbhttps:\/\/salondelasmujeres.ar\/wp-content\/uploads\/2024\/03\/art-gallery-55.jpg\u00bb background_size=\u00bbinitial\u00bb background_repeat=\u00bbrepeat\u00bb width=\u00bb100%\u00bb custom_padding_tablet=\u00bb5vw||5vw||true\u00bb global_colors_info=\u00bb{}\u00bb theme_builder_area=\u00bbpost_content\u00bb][et_pb_row custom_padding_last_edited=\u00bboff|phone\u00bb _builder_version=\u00bb4.16&#8243; background_position=\u00bbbottom_center\u00bb custom_padding_tablet=\u00bb17vw||17vw||false\u00bb use_custom_width=\u00bbon\u00bb width_unit=\u00bboff\u00bb custom_width_percent=\u00bb100%\u00bb locked=\u00bboff\u00bb global_colors_info=\u00bb{}\u00bb theme_builder_area=\u00bbpost_content\u00bb][et_pb_column type=\u00bb4_4&#8243; _builder_version=\u00bb4.16&#8243; custom_padding=\u00bb|||\u00bb global_colors_info=\u00bb{}\u00bb custom_padding__hover=\u00bb|||\u00bb theme_builder_area=\u00bbpost_content\u00bb][et_pb_text _builder_version=\u00bb4.24.2&#8243; text_font=\u00bb||||||||\u00bb header_font=\u00bb||||||||\u00bb header_2_font=\u00bbPrata|500|||||||\u00bb header_2_text_align=\u00bbleft\u00bb header_2_font_size=\u00bb56px\u00bb header_2_line_height=\u00bb1.3em\u00bb header_4_font=\u00bb|700|||||||\u00bb header_4_font_size=\u00bb16px\u00bb header_4_line_height=\u00bb1.2em\u00bb transform_translate_linked=\u00bboff\u00bb max_width=\u00bb700px\u00bb max_width_tablet=\u00bb70%\u00bb max_width_last_edited=\u00bboff|phone\u00bb hover_enabled=\u00bb0&#8243; header_2_font_size_tablet=\u00bb40px\u00bb header_2_font_size_phone=\u00bb26px\u00bb header_2_font_size_last_edited=\u00bbon|desktop\u00bb global_colors_info=\u00bb{}\u00bb theme_builder_area=\u00bbpost_content\u00bb sticky_enabled=\u00bb0&#8243;]<\/p>\n<h2>Mar\u00eda Elena Walsh<\/h2>\n<h4>Poetisa, escritora, cantautora, dramaturga, compositora y feminista &#8211; Mor\u00f3n, Buenos Aires, Argentina, 1 de febrero de 1930 &#8211; Buenos Aires, Argentina, 10 de enero de 2011<\/h4>\n<p>Mar\u00eda Elena Walsh fue una figura destacada en la cultura argentina, reconocida por su versatilidad como poetisa, escritora, cantautora, dramaturga, compositora y feminista. Nacida el 1 de febrero de 1930 en Villa Sarmiento, y fallecida el 10 de enero de 2011 en Buenos Aires, dej\u00f3 un legado que trasciende generaciones.<\/p>\n<p>Su obra, especialmente dirigida al p\u00fablico infantil, la consagr\u00f3 como un referente cultural en Argentina y m\u00e1s all\u00e1 de sus fronteras. Entre sus creaciones m\u00e1s emblem\u00e1ticas se encuentran personajes como Manuelita la tortuga y libros como \u00abTut\u00fa Maramb\u00e1\u00bb y \u00abEl Reino del Rev\u00e9s\u00bb. Su talento creativo fue equiparado por el escritor Leopoldo Brizuela con cl\u00e1sicos como \u00abAlicia en el Pa\u00eds de las Maravillas\u00bb y \u00abPinocchio\u00bb, destacando su capacidad para revolucionar la relaci\u00f3n entre poes\u00eda e infancia. Mostr\u00f3 un compromiso con la educaci\u00f3n infantil, participando en estudios sobre la infancia en Argentina. En conferencias internacionales, abog\u00f3 por la importancia de la poes\u00eda y la m\u00fasica en el desarrollo infantil, influenciada por autores como Lewis Carroll.<\/p>\n<p>Adem\u00e1s de su trabajo dirigido a los m\u00e1s peque\u00f1os, Walsh tambi\u00e9n dej\u00f3 un legado en la m\u00fasica popular argentina, con canciones como \u00abComo la cigarra\u00bb, \u00abSerenata para la tierra de uno\u00bb y \u00abEl valle y el volc\u00e1n\u00bb. A lo largo de su carrera, public\u00f3 m\u00e1s de 50 libros y lanz\u00f3 m\u00e1s de 20 discos, consolid\u00e1ndose como una de las voces m\u00e1s influyentes en la escena cultural de su pa\u00eds.<\/p>\n<p>A lo largo de su carrera, Walsh tambi\u00e9n se destac\u00f3 por sus posturas feministas, expresadas en sus escritos period\u00edsticos. En art\u00edculos como \u00abSepa usted por qu\u00e9 es machista\u00bb, identific\u00f3 y critic\u00f3 los estereotipos de g\u00e9nero arraigados en la sociedad argentina, abogando por la igualdad de derechos y oportunidades para las mujeres.<\/p>\n<p><span>Pasada la dictadura militar, el programa \u00abLa cigarra\u00bb fue muy emblem\u00e1tico y ejemplificador para el futuro de la televisi\u00f3n en Argentina: Walsh, Avellaneda y Susana Rinaldi hicieron un programa sobre y para mujeres, pero que nada ten\u00eda que ver con el \u00e1mbito dom\u00e9stico, sino que planteaba otro tipo de cuestiones, que fue criticado y en pocos meses dej\u00f3 de emitirse.<\/span><\/p>\n<p>Su legado trasciende su obra art\u00edstica, siendo recordada como una figura multifac\u00e9tica que dej\u00f3 una profunda huella en la cultura argentina y latinoamericana.<\/p>\n<p>[\/et_pb_text][\/et_pb_column][\/et_pb_row][\/et_pb_section][et_pb_section fb_built=\u00bb1&#8243; custom_padding_last_edited=\u00bboff|desktop\u00bb admin_label=\u00bbWork\u00bb _builder_version=\u00bb4.16&#8243; background_color_gradient_direction=\u00bb188deg\u00bb background_image=\u00bbhttps:\/\/salondelasmujeres.ar\/wp-content\/uploads\/2024\/03\/art-gallery-55.jpg\u00bb background_size=\u00bbinitial\u00bb background_repeat=\u00bbrepeat\u00bb width=\u00bb100%\u00bb custom_padding_tablet=\u00bb5vw||5vw||true\u00bb global_colors_info=\u00bb{}\u00bb theme_builder_area=\u00bbpost_content\u00bb][et_pb_row custom_padding_last_edited=\u00bboff|phone\u00bb _builder_version=\u00bb4.16&#8243; background_position=\u00bbbottom_center\u00bb custom_padding_tablet=\u00bb17vw||17vw||false\u00bb use_custom_width=\u00bbon\u00bb width_unit=\u00bboff\u00bb custom_width_percent=\u00bb100%\u00bb locked=\u00bboff\u00bb global_colors_info=\u00bb{}\u00bb theme_builder_area=\u00bbpost_content\u00bb][et_pb_column type=\u00bb4_4&#8243; _builder_version=\u00bb4.16&#8243; custom_padding=\u00bb|||\u00bb global_colors_info=\u00bb{}\u00bb custom_padding__hover=\u00bb|||\u00bb theme_builder_area=\u00bbpost_content\u00bb][et_pb_text _builder_version=\u00bb4.24.2&#8243; text_font=\u00bb||||||||\u00bb header_font=\u00bb||||||||\u00bb header_2_font=\u00bbPrata|500|||||||\u00bb header_2_font_size=\u00bb56px\u00bb header_2_line_height=\u00bb1.3em\u00bb header_3_font=\u00bb|700||on|||||\u00bb header_3_text_color=\u00bbrgba(0,0,0,0.35)\u00bb header_3_font_size=\u00bb12px\u00bb header_3_letter_spacing=\u00bb5px\u00bb header_3_line_height=\u00bb2em\u00bb transform_translate_linked=\u00bboff\u00bb text_orientation=\u00bbcenter\u00bb max_width=\u00bb700px\u00bb max_width_tablet=\u00bb70%\u00bb max_width_last_edited=\u00bboff|phone\u00bb module_alignment=\u00bbcenter\u00bb header_2_font_size_tablet=\u00bb40px\u00bb header_2_font_size_phone=\u00bb26px\u00bb header_2_font_size_last_edited=\u00bbon|phone\u00bb header_3_font_size_phone=\u00bb10px\u00bb header_3_font_size_last_edited=\u00bboff|desktop\u00bb module_alignment_last_edited=\u00bboff|desktop\u00bb text_text_align=\u00bbcenter\u00bb global_colors_info=\u00bb{}\u00bb theme_builder_area=\u00bbpost_content\u00bb]<\/p>\n<h3>Un recorrido a trav\u00e9s de<\/h3>\n<h2>Im\u00e1genes y Momentos<\/h2>\n<p>[\/et_pb_text][\/et_pb_column][\/et_pb_row][et_pb_row column_structure=\u00bb1_3,1_3,1_3&#8243; _builder_version=\u00bb4.16&#8243; global_colors_info=\u00bb{}\u00bb theme_builder_area=\u00bbpost_content\u00bb][et_pb_column type=\u00bb1_3&#8243; _builder_version=\u00bb4.16&#8243; custom_padding=\u00bb|||\u00bb global_colors_info=\u00bb{}\u00bb custom_padding__hover=\u00bb|||\u00bb theme_builder_area=\u00bbpost_content\u00bb][et_pb_image src=\u00bbhttps:\/\/salondelasmujeres.ar\/wp-content\/uploads\/2024\/03\/Maria-Elena-Walsh_01.jpg\u00bb title_text=\u00bbMar\u00eda Elena Walsh_01&#8243; align=\u00bbcenter\u00bb _builder_version=\u00bb4.24.2&#8243; hover_enabled=\u00bb0&#8243; global_colors_info=\u00bb{}\u00bb theme_builder_area=\u00bbpost_content\u00bb sticky_enabled=\u00bb0&#8243;][\/et_pb_image][et_pb_text ul_position=\u00bbinside\u00bb _builder_version=\u00bb4.24.2&#8243; text_font=\u00bb||||||||\u00bb ul_font=\u00bb||||||||\u00bb header_font=\u00bb|700|||||||\u00bb header_font_size=\u00bb20px\u00bb header_line_height=\u00bb1.3em\u00bb header_3_font=\u00bb|700|||||||\u00bb header_3_font_size=\u00bb14px\u00bb header_3_line_height=\u00bb1.3em\u00bb text_orientation=\u00bbcenter\u00bb hover_enabled=\u00bb0&#8243; text_text_align=\u00bbcenter\u00bb locked=\u00bboff\u00bb global_colors_info=\u00bb{}\u00bb theme_builder_area=\u00bbpost_content\u00bb sticky_enabled=\u00bb0&#8243;]<\/p>\n<h3>Mar\u00eda Elena Walsh<\/h3>\n<p>\u00abNo es un entretenimiento destinado a distraer de la liberaci\u00f3n de los pueblos, sino que esa liberaci\u00f3n es mentira mientras la determinen exclusivamente los varones. As\u00ed como ya no es posible pensar en t\u00e9rminos previos a Marx o Freud (por no decir a Galileo y a Col\u00f3n), tampoco es posible seguir pensando sin erradicar de cuajo los prejuicio sexistas, base y modelo de toda opresi\u00f3n\u00bb.<\/p>\n<p>[\/et_pb_text][\/et_pb_column][et_pb_column type=\u00bb1_3&#8243; _builder_version=\u00bb4.16&#8243; custom_padding=\u00bb|||\u00bb global_colors_info=\u00bb{}\u00bb custom_padding__hover=\u00bb|||\u00bb theme_builder_area=\u00bbpost_content\u00bb][et_pb_image src=\u00bbhttps:\/\/salondelasmujeres.ar\/wp-content\/uploads\/2024\/03\/Maria-Elena-Walsh_03.jpg\u00bb title_text=\u00bbMar\u00eda Elena Walsh_03&#8243; align=\u00bbcenter\u00bb _builder_version=\u00bb4.24.2&#8243; hover_enabled=\u00bb0&#8243; global_colors_info=\u00bb{}\u00bb theme_builder_area=\u00bbpost_content\u00bb sticky_enabled=\u00bb0&#8243;][\/et_pb_image][et_pb_text ul_position=\u00bbinside\u00bb _builder_version=\u00bb4.24.2&#8243; text_font=\u00bb||||||||\u00bb ul_font=\u00bb||||||||\u00bb header_font=\u00bb|700|||||||\u00bb header_font_size=\u00bb20px\u00bb header_line_height=\u00bb1.3em\u00bb header_3_font=\u00bb|700|||||||\u00bb header_3_font_size=\u00bb14px\u00bb header_3_line_height=\u00bb1.3em\u00bb text_orientation=\u00bbcenter\u00bb hover_enabled=\u00bb0&#8243; text_text_align=\u00bbcenter\u00bb locked=\u00bboff\u00bb global_colors_info=\u00bb{}\u00bb theme_builder_area=\u00bbpost_content\u00bb sticky_enabled=\u00bb0&#8243;]<\/p>\n<h3>Mar\u00eda Elena Walsh<\/h3>\n<p>\u00abSi a nuestra sociedad le preocupara en serio el h\u00e1bito de la lectura en los chicos, procurar\u00eda no seguir fomentando la existencia de madres ignorantes. A la mujer se la disuade firmemente, por todos los medios, de cultivarse en profundidad. (&#8230;) A una nena entusiasmada con una novela se le sugerir\u00e1 que \u00abno se quede tanto tiempo sentada sin hacer nada, que ayude en las tareas dom\u00e9sticas\u00bb.<\/p>\n<p>[\/et_pb_text][\/et_pb_column][et_pb_column type=\u00bb1_3&#8243; _builder_version=\u00bb4.16&#8243; custom_padding=\u00bb|||\u00bb global_colors_info=\u00bb{}\u00bb custom_padding__hover=\u00bb|||\u00bb theme_builder_area=\u00bbpost_content\u00bb][et_pb_image src=\u00bbhttps:\/\/salondelasmujeres.ar\/wp-content\/uploads\/2024\/03\/Maria-Elena-Walsh_02-A.jpg\u00bb title_text=\u00bbMar\u00eda Elena Walsh_02 A\u00bb align=\u00bbcenter\u00bb _builder_version=\u00bb4.24.2&#8243; hover_enabled=\u00bb0&#8243; global_colors_info=\u00bb{}\u00bb theme_builder_area=\u00bbpost_content\u00bb sticky_enabled=\u00bb0&#8243;][\/et_pb_image][et_pb_text ul_position=\u00bbinside\u00bb _builder_version=\u00bb4.24.2&#8243; text_font=\u00bb||||||||\u00bb ul_font=\u00bb||||||||\u00bb header_font=\u00bb|700|||||||\u00bb header_font_size=\u00bb20px\u00bb header_line_height=\u00bb1.3em\u00bb header_3_font=\u00bb|700|||||||\u00bb header_3_font_size=\u00bb14px\u00bb header_3_line_height=\u00bb1.3em\u00bb text_orientation=\u00bbcenter\u00bb hover_enabled=\u00bb0&#8243; text_text_align=\u00bbcenter\u00bb locked=\u00bboff\u00bb global_colors_info=\u00bb{}\u00bb theme_builder_area=\u00bbpost_content\u00bb sticky_enabled=\u00bb0&#8243;]<\/p>\n<h3>Mar\u00eda Elena Walsh<\/h3>\n<p>\u00abEl Movimiento de Liberaci\u00f3n Femenina es una ideolog\u00eda revolucionaria, no exprimida de libracos apolillados sino del cotidiano martirio de la mitad de la humanidad. Nace en las ferias y junto a las bateas, a la vera de las camillas de ginec\u00f3logos carniceros y a contrapelo de los viejitos c\u00e9libes del Vaticano que vienen diagramando la conducta sexual seg\u00fan conviene a los intereses de los capitales y a las fluctuaciones del mercado b\u00e9lico\u00bb.<\/p>\n<p>[\/et_pb_text][\/et_pb_column][\/et_pb_row][\/et_pb_section][et_pb_section fb_built=\u00bb1&#8243; admin_label=\u00bbResume\u00bb _builder_version=\u00bb4.16&#8243; background_image=\u00bbhttps:\/\/salondelasmujeres.ar\/wp-content\/uploads\/2024\/03\/art-gallery-55.jpg\u00bb background_size=\u00bbinitial\u00bb background_repeat=\u00bbrepeat\u00bb global_colors_info=\u00bb{}\u00bb theme_builder_area=\u00bbpost_content\u00bb][et_pb_row custom_padding_last_edited=\u00bboff|phone\u00bb _builder_version=\u00bb4.16&#8243; background_position=\u00bbbottom_center\u00bb custom_padding_tablet=\u00bb17vw||17vw||false\u00bb use_custom_width=\u00bbon\u00bb width_unit=\u00bboff\u00bb custom_width_percent=\u00bb100%\u00bb locked=\u00bboff\u00bb global_colors_info=\u00bb{}\u00bb theme_builder_area=\u00bbpost_content\u00bb][et_pb_column type=\u00bb4_4&#8243; _builder_version=\u00bb4.16&#8243; custom_padding=\u00bb|||\u00bb global_colors_info=\u00bb{}\u00bb custom_padding__hover=\u00bb|||\u00bb theme_builder_area=\u00bbpost_content\u00bb][et_pb_text _builder_version=\u00bb4.24.2&#8243; text_font=\u00bb||||||||\u00bb header_font=\u00bb||||||||\u00bb header_2_font=\u00bbPrata|500|||||||\u00bb header_2_font_size=\u00bb56px\u00bb header_2_line_height=\u00bb1.3em\u00bb header_3_font=\u00bb|700||on|||||\u00bb header_3_text_color=\u00bbrgba(0,0,0,0.35)\u00bb header_3_font_size=\u00bb12px\u00bb header_3_letter_spacing=\u00bb5px\u00bb header_3_line_height=\u00bb2em\u00bb transform_translate_linked=\u00bboff\u00bb max_width=\u00bb700px\u00bb max_width_tablet=\u00bb70%\u00bb max_width_last_edited=\u00bboff|phone\u00bb module_alignment=\u00bbleft\u00bb header_2_font_size_tablet=\u00bb40px\u00bb header_2_font_size_phone=\u00bb26px\u00bb header_2_font_size_last_edited=\u00bbon|phone\u00bb header_3_font_size_phone=\u00bb10px\u00bb header_3_font_size_last_edited=\u00bboff|desktop\u00bb module_alignment_last_edited=\u00bboff|desktop\u00bb global_colors_info=\u00bb{}\u00bb theme_builder_area=\u00bbpost_content\u00bb]<\/p>\n<h3>Biograf\u00eda<\/h3>\n<p>[\/et_pb_text][\/et_pb_column][\/et_pb_row][et_pb_row _builder_version=\u00bb4.16&#8243; global_colors_info=\u00bb{}\u00bb theme_builder_area=\u00bbpost_content\u00bb][et_pb_column type=\u00bb4_4&#8243; _builder_version=\u00bb4.16&#8243; custom_padding=\u00bb|||\u00bb global_colors_info=\u00bb{}\u00bb custom_padding__hover=\u00bb|||\u00bb theme_builder_area=\u00bbpost_content\u00bb][et_pb_text ul_position=\u00bbinside\u00bb _builder_version=\u00bb4.24.2&#8243; text_font=\u00bb||||||||\u00bb ul_font=\u00bb||||||||\u00bb header_font=\u00bb|700|||||||\u00bb header_font_size=\u00bb20px\u00bb header_line_height=\u00bb1.3em\u00bb header_3_font=\u00bb|700|||||||\u00bb header_3_font_size=\u00bb14px\u00bb header_3_line_height=\u00bb1.3em\u00bb header_4_font=\u00bb|700|||||||\u00bb header_4_font_size=\u00bb14px\u00bb header_4_line_height=\u00bb1.3em\u00bb hover_enabled=\u00bb0&#8243; locked=\u00bboff\u00bb global_colors_info=\u00bb{}\u00bb theme_builder_area=\u00bbpost_content\u00bb sticky_enabled=\u00bb0&#8243;]<\/p>\n<p>Mar\u00eda Elena Walsh naci\u00f3 en una familia de ra\u00edces inglesas y argentinas en Villa Sarmiento, Buenos Aires. Desde peque\u00f1a, absorbi\u00f3 la influencia de las canciones tradicionales inglesas y el nonsense brit\u00e1nico que le cantaba su padre. Mostr\u00f3 talento art\u00edstico desde temprana edad y comenz\u00f3 a publicar poemas a los 15 a\u00f1os. Su obra precoz recibi\u00f3 elogios de figuras literarias destacadas como Borges y Neruda.<\/p>\n<p>En su juventud, estudi\u00f3 en la Escuela de Bellas Artes y se relacion\u00f3 con figuras creativas que marcar\u00edan su trayectoria. Experiment\u00f3 con la m\u00fasica folcl\u00f3rica en Europa junto a Leda Valladares, pero las diferencias creativas llevaron a su separaci\u00f3n. A su regreso a Argentina, se enfoc\u00f3 en la creaci\u00f3n de m\u00fasica y literatura infantil, revolucionando el panorama cultural con obras como \u00abTut\u00fa Maramb\u00e1\u00bb y \u00abCanciones para mirar\u00bb.<\/p>\n<p>En el \u00e1mbito adulto, su espect\u00e1culo \u00abJuguemos en el mundo\u00bb impact\u00f3 en la escena musical, introduciendo temas de protesta y una diversidad de estilos musicales. A lo largo de su vida, fue una voz comprometida con los derechos humanos y la igualdad, reflejada en su activismo feminista y sus escritos pol\u00edticos.<\/p>\n<p>Mar\u00eda Elena Walsh fue una figura destacada en el \u00e1mbito cultural argentino, cuyo legado va m\u00e1s all\u00e1 de sus contribuciones art\u00edsticas. Desde su juventud, su pensamiento y obra estuvieron impregnados de un fuerte sentido feminista, influenciado por escritoras como Virginia Woolf, Doris Lessing y Victoria Ocampo.<\/p>\n<p>En un contexto donde el feminismo comenzaba a tomar forma en Argentina en la d\u00e9cada de 1970, Walsh se involucr\u00f3 activamente en el Movimiento de Liberaci\u00f3n Femenina (MLF), que surg\u00eda como una respuesta a la opresi\u00f3n de g\u00e9nero. Aunque proven\u00eda de una clase media alta e intelectual, Walsh se identificaba con las luchas de las mujeres de todos los estratos sociales, y abogaba por una integraci\u00f3n pol\u00edtica y feminista.<\/p>\n<p>Junto con otras destacadas figuras como Ang\u00e9lica Gorodischer y Mar\u00eda Luisa Bemberg, Walsh se convirti\u00f3 en una de las artistas representantes del movimiento feminista en esa \u00e9poca. Su participaci\u00f3n se reflej\u00f3 no solo en su obra art\u00edstica, sino tambi\u00e9n en sus escritos period\u00edsticos, donde abordaba temas de actualidad, literatura y feminismo.<\/p>\n<p>En sus art\u00edculos y entrevistas, Walsh no dudaba en cuestionar los estereotipos de g\u00e9nero y denunciar la discriminaci\u00f3n hacia las mujeres. En textos como \u00abVirginia Woolf y los secretos de la tribu femenina\u00bb y \u00abBolivia cherchez la femme\u00bb, destacaba el papel de las mujeres en la sociedad y la importancia de su participaci\u00f3n en la pol\u00edtica y la cultura.<\/p>\n<p>Su compromiso feminista tambi\u00e9n se manifest\u00f3 en su obra literaria y musical. En canciones como \u00abSepa usted por qu\u00e9 es machista\u00bb, Walsh expon\u00eda con iron\u00eda y contundencia las actitudes machistas presentes en la sociedad, desafiando as\u00ed las normas de g\u00e9nero establecidas.<\/p>\n<p>Adem\u00e1s de su activismo en el \u00e1mbito cultural, Walsh se pronunci\u00f3 abiertamente a favor del derecho al aborto en una \u00e9poca en que era un tema tab\u00fa en Argentina. En una carta dirigida al presidente Ra\u00fal Alfons\u00edn en plena dictadura, Walsh instaba a legislar sobre el aborto, mostrando su valent\u00eda y compromiso con las causas feministas.<\/p>\n<p>A lo largo de su vida, Mar\u00eda Elena Walsh recibi\u00f3 numerosos reconocimientos por su trabajo, tanto en el \u00e1mbito nacional como internacional. Sin embargo, su legado como activista feminista sigue siendo relevante, especialmente en un contexto donde las luchas por la igualdad de g\u00e9nero contin\u00faan vigentes. Su valiente postura y su obra siguen inspirando a generaciones de mujeres a alzar su voz y luchar por sus derechos en una sociedad a\u00fan marcada por la desigualdad de g\u00e9nero.<\/p>\n<p>[\/et_pb_text][\/et_pb_column][\/et_pb_row][\/et_pb_section]<\/p>\n","protected":false},"excerpt":{"rendered":"<p>Mar\u00eda Elena Walsh Poetisa, escritora, cantautora, dramaturga, compositora y feminista &#8211; Mor\u00f3n, Buenos Aires, Argentina, 1 de febrero de 1930 &#8211; Buenos Aires, Argentina, 10 de enero de 2011 Mar\u00eda Elena Walsh fue una figura destacada en la cultura argentina, reconocida por su versatilidad como poetisa, escritora, cantautora, dramaturga, compositora y feminista. Nacida el 1 [&hellip;]<\/p>\n","protected":false},"author":1,"featured_media":0,"parent":0,"menu_order":0,"comment_status":"closed","ping_status":"closed","template":"","meta":{"_et_pb_use_builder":"on","_et_pb_old_content":"","_et_gb_content_width":"","footnotes":""},"class_list":["post-849","page","type-page","status-publish","hentry"],"_links":{"self":[{"href":"https:\/\/salondelasmujeres.ar\/index.php?rest_route=\/wp\/v2\/pages\/849","targetHints":{"allow":["GET"]}}],"collection":[{"href":"https:\/\/salondelasmujeres.ar\/index.php?rest_route=\/wp\/v2\/pages"}],"about":[{"href":"https:\/\/salondelasmujeres.ar\/index.php?rest_route=\/wp\/v2\/types\/page"}],"author":[{"embeddable":true,"href":"https:\/\/salondelasmujeres.ar\/index.php?rest_route=\/wp\/v2\/users\/1"}],"replies":[{"embeddable":true,"href":"https:\/\/salondelasmujeres.ar\/index.php?rest_route=%2Fwp%2Fv2%2Fcomments&post=849"}],"version-history":[{"count":10,"href":"https:\/\/salondelasmujeres.ar\/index.php?rest_route=\/wp\/v2\/pages\/849\/revisions"}],"predecessor-version":[{"id":867,"href":"https:\/\/salondelasmujeres.ar\/index.php?rest_route=\/wp\/v2\/pages\/849\/revisions\/867"}],"wp:attachment":[{"href":"https:\/\/salondelasmujeres.ar\/index.php?rest_route=%2Fwp%2Fv2%2Fmedia&parent=849"}],"curies":[{"name":"wp","href":"https:\/\/api.w.org\/{rel}","templated":true}]}}