{"id":80,"date":"2024-03-19T00:01:53","date_gmt":"2024-03-19T03:01:53","guid":{"rendered":"https:\/\/salondelasmujeres.ar\/?page_id=80"},"modified":"2024-03-22T15:27:56","modified_gmt":"2024-03-22T18:27:56","slug":"contacto","status":"publish","type":"page","link":"https:\/\/salondelasmujeres.ar\/?page_id=80","title":{"rendered":"Contacto"},"content":{"rendered":"<p>[et_pb_section fb_built=\u00bb1&#8243; admin_label=\u00bbHeader\u00bb _builder_version=\u00bb4.16&#8243; background_image=\u00bbhttps:\/\/salondelasmujeres.ar\/wp-content\/uploads\/2024\/03\/art-gallery-55.jpg\u00bb background_size=\u00bbinitial\u00bb background_repeat=\u00bbrepeat\u00bb global_colors_info=\u00bb{}\u00bb][et_pb_row _builder_version=\u00bb4.16&#8243; use_custom_width=\u00bbon\u00bb width_unit=\u00bboff\u00bb custom_width_percent=\u00bb100%\u00bb locked=\u00bboff\u00bb global_colors_info=\u00bb{}\u00bb][et_pb_column type=\u00bb4_4&#8243; _builder_version=\u00bb4.16&#8243; custom_padding=\u00bb|||\u00bb global_colors_info=\u00bb{}\u00bb custom_padding__hover=\u00bb|||\u00bb][et_pb_text _builder_version=\u00bb4.24.2&#8243; text_font=\u00bb||||||||\u00bb header_3_font=\u00bbPrata||||||||\u00bb header_3_text_align=\u00bbleft\u00bb header_3_font_size=\u00bb40px\u00bb header_3_line_height=\u00bb1.3em\u00bb transform_translate_linked=\u00bboff\u00bb max_width=\u00bb100%\u00bb max_width_tablet=\u00bb70%\u00bb max_width_last_edited=\u00bboff|phone\u00bb header_3_font_size_tablet=\u00bb40px\u00bb header_3_font_size_phone=\u00bb35px\u00bb header_3_font_size_last_edited=\u00bbon|phone\u00bb global_colors_info=\u00bb{}\u00bb]<\/p>\n<h3>Estemos en contacto<\/h3>\n<p>[\/et_pb_text][\/et_pb_column][\/et_pb_row][et_pb_row _builder_version=\u00bb4.16&#8243; use_custom_width=\u00bbon\u00bb width_unit=\u00bboff\u00bb custom_width_percent=\u00bb100%\u00bb locked=\u00bboff\u00bb global_colors_info=\u00bb{}\u00bb][et_pb_column type=\u00bb4_4&#8243; _builder_version=\u00bb4.16&#8243; custom_padding=\u00bb|||\u00bb global_colors_info=\u00bb{}\u00bb custom_padding__hover=\u00bb|||\u00bb][et_pb_text _builder_version=\u00bb4.24.2&#8243; text_font=\u00bb||||||||\u00bb header_3_font=\u00bbPrata||||||||\u00bb header_3_text_align=\u00bbleft\u00bb header_3_font_size=\u00bb40px\u00bb header_3_line_height=\u00bb1.3em\u00bb transform_translate_linked=\u00bboff\u00bb max_width=\u00bb100%\u00bb max_width_tablet=\u00bb70%\u00bb max_width_last_edited=\u00bboff|phone\u00bb hover_enabled=\u00bb0&#8243; header_3_font_size_tablet=\u00bb40px\u00bb header_3_font_size_phone=\u00bb35px\u00bb header_3_font_size_last_edited=\u00bbon|phone\u00bb global_colors_info=\u00bb{}\u00bb sticky_enabled=\u00bb0&#8243;]<\/p>\n<p>Comparte tu historia y \u00fanete a nuestra iniciativa de celebrar a mujeres inspiradoras.<\/p>\n<p>En Argentina, y en todo el mundo, las mujeres han desempe\u00f1ado roles fundamentales en la lucha por la igualdad y la paz. Queremos honrar sus contribuciones y destacar sus historias en nuestra p\u00e1gina web como parte de una iniciativa para celebrar su valent\u00eda y determinaci\u00f3n.<\/p>\n<p>Te invitamos a que nos env\u00edes historias de mujeres importantes en tu vida, aquellas que te hayan inspirado o que hayan realizado una labor significativa en la lucha por el feminismo. Pueden ser mujeres cercanas a ti, figuras hist\u00f3ricas o simplemente aquellas cuyas acciones hayan dejado una huella en tu comunidad.<\/p>\n<p>Utiliza este espacio de correo electr\u00f3nico para compartir tu historia y dar voz a estas mujeres extraordinarias. Juntos, podemos crear un tributo poderoso a su legado y seguir inspirando a otros a seguir sus pasos hacia un mundo m\u00e1s justo y pac\u00edfico para todos.<\/p>\n<p>\u00a1Esperamos leer tus historias y compartirlas con nuestra comunidad en l\u00ednea!<\/p>\n<p>[\/et_pb_text][\/et_pb_column][\/et_pb_row][\/et_pb_section][et_pb_section fb_built=\u00bb1&#8243; admin_label=\u00bbEmail\u00bb _builder_version=\u00bb4.16&#8243; background_image=\u00bbhttps:\/\/salondelasmujeres.ar\/wp-content\/uploads\/2024\/03\/art-gallery-55.jpg\u00bb background_size=\u00bbinitial\u00bb background_repeat=\u00bbrepeat\u00bb locked=\u00bboff\u00bb global_colors_info=\u00bb{}\u00bb][et_pb_row _builder_version=\u00bb4.16&#8243; global_colors_info=\u00bb{}\u00bb][et_pb_column type=\u00bb4_4&#8243; _builder_version=\u00bb4.16&#8243; custom_padding=\u00bb|||\u00bb global_colors_info=\u00bb{}\u00bb custom_padding__hover=\u00bb|||\u00bb][et_pb_contact_form captcha=\u00bboff\u00bb email=\u00bbsalondelasmujeresar2024@gmail.com\u00bb custom_message=\u00bbHola, dejanos tu comentario y en breve ser\u00e1 respondido.\u00bb _builder_version=\u00bb4.24.2&#8243; form_field_background_color=\u00bb#f3f3f4&#8243; title_font=\u00bb||||||||\u00bb form_field_font=\u00bbOpen Sans||||||||\u00bb custom_button=\u00bbon\u00bb button_text_size=\u00bb12px\u00bb button_text_color=\u00bb#ffffff\u00bb button_bg_color=\u00bb#000000&#8243; button_border_width=\u00bb14px\u00bb button_border_color=\u00bbrgba(0,0,0,0)\u00bb button_border_radius=\u00bb0px\u00bb button_letter_spacing=\u00bb3px\u00bb button_font=\u00bbRoboto|700||on|||||\u00bb form_background_color=\u00bb#f9fafc\u00bb global_colors_info=\u00bb{}\u00bb button_text_color__hover=\u00bb#ffffff\u00bb button_text_color__hover_enabled=\u00bbon\u00bb button_bg_color__hover=\u00bb#ff7a6b\u00bb][et_pb_contact_field field_id=\u00bbName\u00bb field_title=\u00bbNombre y Apellido\u00bb fullwidth_field=\u00bbon\u00bb _builder_version=\u00bb4.24.2&#8243; global_colors_info=\u00bb{}\u00bb button_text_size__hover_enabled=\u00bboff\u00bb button_one_text_size__hover_enabled=\u00bboff\u00bb button_two_text_size__hover_enabled=\u00bboff\u00bb button_text_color__hover_enabled=\u00bboff\u00bb button_one_text_color__hover_enabled=\u00bboff\u00bb button_two_text_color__hover_enabled=\u00bboff\u00bb button_border_width__hover_enabled=\u00bboff\u00bb button_one_border_width__hover_enabled=\u00bboff\u00bb button_two_border_width__hover_enabled=\u00bboff\u00bb button_border_color__hover_enabled=\u00bboff\u00bb button_one_border_color__hover_enabled=\u00bboff\u00bb button_two_border_color__hover_enabled=\u00bboff\u00bb button_border_radius__hover_enabled=\u00bboff\u00bb button_one_border_radius__hover_enabled=\u00bboff\u00bb button_two_border_radius__hover_enabled=\u00bboff\u00bb button_letter_spacing__hover_enabled=\u00bboff\u00bb button_one_letter_spacing__hover_enabled=\u00bboff\u00bb button_two_letter_spacing__hover_enabled=\u00bboff\u00bb button_bg_color__hover_enabled=\u00bboff\u00bb button_one_bg_color__hover_enabled=\u00bboff\u00bb button_two_bg_color__hover_enabled=\u00bboff\u00bb][\/et_pb_contact_field][et_pb_contact_field field_id=\u00bbEmail\u00bb field_title=\u00bbCorreo electr\u00f3nico\u00bb field_type=\u00bbemail\u00bb fullwidth_field=\u00bbon\u00bb _builder_version=\u00bb4.24.2&#8243; global_colors_info=\u00bb{}\u00bb button_text_size__hover_enabled=\u00bboff\u00bb button_one_text_size__hover_enabled=\u00bboff\u00bb button_two_text_size__hover_enabled=\u00bboff\u00bb button_text_color__hover_enabled=\u00bboff\u00bb button_one_text_color__hover_enabled=\u00bboff\u00bb button_two_text_color__hover_enabled=\u00bboff\u00bb button_border_width__hover_enabled=\u00bboff\u00bb button_one_border_width__hover_enabled=\u00bboff\u00bb button_two_border_width__hover_enabled=\u00bboff\u00bb button_border_color__hover_enabled=\u00bboff\u00bb button_one_border_color__hover_enabled=\u00bboff\u00bb button_two_border_color__hover_enabled=\u00bboff\u00bb button_border_radius__hover_enabled=\u00bboff\u00bb button_one_border_radius__hover_enabled=\u00bboff\u00bb button_two_border_radius__hover_enabled=\u00bboff\u00bb button_letter_spacing__hover_enabled=\u00bboff\u00bb button_one_letter_spacing__hover_enabled=\u00bboff\u00bb button_two_letter_spacing__hover_enabled=\u00bboff\u00bb button_bg_color__hover_enabled=\u00bboff\u00bb button_one_bg_color__hover_enabled=\u00bboff\u00bb button_two_bg_color__hover_enabled=\u00bboff\u00bb][\/et_pb_contact_field][et_pb_contact_field field_id=\u00bbMessage\u00bb field_title=\u00bbMensaje\u00bb field_type=\u00bbtext\u00bb fullwidth_field=\u00bbon\u00bb _builder_version=\u00bb4.24.2&#8243; global_colors_info=\u00bb{}\u00bb button_text_size__hover_enabled=\u00bboff\u00bb button_one_text_size__hover_enabled=\u00bboff\u00bb button_two_text_size__hover_enabled=\u00bboff\u00bb button_text_color__hover_enabled=\u00bboff\u00bb button_one_text_color__hover_enabled=\u00bboff\u00bb button_two_text_color__hover_enabled=\u00bboff\u00bb button_border_width__hover_enabled=\u00bboff\u00bb button_one_border_width__hover_enabled=\u00bboff\u00bb button_two_border_width__hover_enabled=\u00bboff\u00bb button_border_color__hover_enabled=\u00bboff\u00bb button_one_border_color__hover_enabled=\u00bboff\u00bb button_two_border_color__hover_enabled=\u00bboff\u00bb button_border_radius__hover_enabled=\u00bboff\u00bb button_one_border_radius__hover_enabled=\u00bboff\u00bb button_two_border_radius__hover_enabled=\u00bboff\u00bb button_letter_spacing__hover_enabled=\u00bboff\u00bb button_one_letter_spacing__hover_enabled=\u00bboff\u00bb button_two_letter_spacing__hover_enabled=\u00bboff\u00bb button_bg_color__hover_enabled=\u00bboff\u00bb button_one_bg_color__hover_enabled=\u00bboff\u00bb button_two_bg_color__hover_enabled=\u00bboff\u00bb][\/et_pb_contact_field][\/et_pb_contact_form][\/et_pb_column][\/et_pb_row][\/et_pb_section]<\/p>\n","protected":false},"excerpt":{"rendered":"<p>Estemos en contactoComparte tu historia y \u00fanete a nuestra iniciativa de celebrar a mujeres inspiradoras. En Argentina, y en todo el mundo, las mujeres han desempe\u00f1ado roles fundamentales en la lucha por la igualdad y la paz. Queremos honrar sus contribuciones y destacar sus historias en nuestra p\u00e1gina web como parte de una iniciativa para [&hellip;]<\/p>\n","protected":false},"author":1,"featured_media":0,"parent":0,"menu_order":0,"comment_status":"closed","ping_status":"closed","template":"","meta":{"_et_pb_use_builder":"on","_et_pb_old_content":"","_et_gb_content_width":"","footnotes":""},"class_list":["post-80","page","type-page","status-publish","hentry"],"_links":{"self":[{"href":"https:\/\/salondelasmujeres.ar\/index.php?rest_route=\/wp\/v2\/pages\/80","targetHints":{"allow":["GET"]}}],"collection":[{"href":"https:\/\/salondelasmujeres.ar\/index.php?rest_route=\/wp\/v2\/pages"}],"about":[{"href":"https:\/\/salondelasmujeres.ar\/index.php?rest_route=\/wp\/v2\/types\/page"}],"author":[{"embeddable":true,"href":"https:\/\/salondelasmujeres.ar\/index.php?rest_route=\/wp\/v2\/users\/1"}],"replies":[{"embeddable":true,"href":"https:\/\/salondelasmujeres.ar\/index.php?rest_route=%2Fwp%2Fv2%2Fcomments&post=80"}],"version-history":[{"count":5,"href":"https:\/\/salondelasmujeres.ar\/index.php?rest_route=\/wp\/v2\/pages\/80\/revisions"}],"predecessor-version":[{"id":647,"href":"https:\/\/salondelasmujeres.ar\/index.php?rest_route=\/wp\/v2\/pages\/80\/revisions\/647"}],"wp:attachment":[{"href":"https:\/\/salondelasmujeres.ar\/index.php?rest_route=%2Fwp%2Fv2%2Fmedia&parent=80"}],"curies":[{"name":"wp","href":"https:\/\/api.w.org\/{rel}","templated":true}]}}