{"id":50,"date":"2024-03-18T23:41:00","date_gmt":"2024-03-19T02:41:00","guid":{"rendered":"https:\/\/salondelasmujeres.ar\/?page_id=50"},"modified":"2024-03-22T20:46:53","modified_gmt":"2024-03-22T23:46:53","slug":"inicio","status":"publish","type":"page","link":"https:\/\/salondelasmujeres.ar\/","title":{"rendered":"Inicio"},"content":{"rendered":"<p>[et_pb_section fb_built=\u00bb1&#8243; custom_padding_last_edited=\u00bboff|desktop\u00bb admin_label=\u00bbHeader\u00bb _builder_version=\u00bb4.24.2&#8243; use_background_color_gradient=\u00bbon\u00bb background_color_gradient_direction=\u00bb188deg\u00bb background_color_gradient_stops=\u00bb#ffffff 0%|rgba(255,255,255,0.43) 100%\u00bb background_color_gradient_overlays_image=\u00bbon\u00bb background_color_gradient_start=\u00bbrgba(255,255,255,0)\u00bb background_color_gradient_end=\u00bbrgba(255,255,255,0.43)\u00bb background_image=\u00bbhttps:\/\/salondelasmujeres.ar\/wp-content\/uploads\/2024\/03\/Salon-de-las-mujeres-02.jpg\u00bb width=\u00bb100%\u00bb max_width=\u00bb100%\u00bb max_width_tablet=\u00bb\u00bb max_width_phone=\u00bb\u00bb max_width_last_edited=\u00bbon|desktop\u00bb custom_padding=\u00bb8vw||12vw||false|\u00bb custom_padding_tablet=\u00bb5vw||5vw||true\u00bb locked=\u00bboff\u00bb global_colors_info=\u00bb{}\u00bb][et_pb_row _builder_version=\u00bb4.16&#8243; use_custom_width=\u00bbon\u00bb width_unit=\u00bboff\u00bb custom_width_percent=\u00bb100%\u00bb global_colors_info=\u00bb{}\u00bb][et_pb_column type=\u00bb4_4&#8243; _builder_version=\u00bb4.16&#8243; custom_padding=\u00bb|||\u00bb global_colors_info=\u00bb{}\u00bb custom_padding__hover=\u00bb|||\u00bb][et_pb_text _builder_version=\u00bb4.24.2&#8243; text_font=\u00bb||||||||\u00bb header_font=\u00bbPrata||||||||\u00bb header_text_align=\u00bbcenter\u00bb header_text_color=\u00bb#333333&#8243; header_font_size=\u00bb150px\u00bb header_2_font=\u00bb|700||on|||||\u00bb header_2_text_align=\u00bbcenter\u00bb header_2_text_color=\u00bbrgba(0,0,0,0.28)\u00bb header_2_font_size=\u00bb14px\u00bb header_2_letter_spacing=\u00bb5px\u00bb header_2_line_height=\u00bb2em\u00bb transform_translate_linked=\u00bboff\u00bb max_width=\u00bb100%\u00bb max_width_tablet=\u00bb70%\u00bb max_width_last_edited=\u00bboff|phone\u00bb header_font_size_tablet=\u00bb80px\u00bb header_font_size_phone=\u00bb50px\u00bb header_font_size_last_edited=\u00bbon|phone\u00bb global_colors_info=\u00bb{}\u00bb]<\/p>\n<h2>El Sal\u00f3n invisible de la Casa Rosada<\/h2>\n<p>[\/et_pb_text][et_pb_text _builder_version=\u00bb4.24.2&#8243; text_font=\u00bb||||||||\u00bb header_font=\u00bbPrata||||||||\u00bb header_text_align=\u00bbcenter\u00bb header_text_color=\u00bb#333333&#8243; header_font_size=\u00bb150px\u00bb header_2_font=\u00bb|500||on|||||\u00bb header_2_text_align=\u00bbcenter\u00bb header_2_font_size=\u00bb14px\u00bb header_2_letter_spacing=\u00bb5px\u00bb header_2_line_height=\u00bb2em\u00bb transform_translate_linked=\u00bboff\u00bb max_width=\u00bb100%\u00bb max_width_tablet=\u00bb70%\u00bb max_width_last_edited=\u00bboff|phone\u00bb header_font_size_tablet=\u00bb80px\u00bb header_font_size_phone=\u00bb50px\u00bb header_font_size_last_edited=\u00bbon|phone\u00bb global_colors_info=\u00bb{}\u00bb]<\/p>\n<h1>Sal\u00f3n de las Mujeres<\/h1>\n<p>[\/et_pb_text][et_pb_text _builder_version=\u00bb4.24.2&#8243; text_font=\u00bb||||||||\u00bb header_font=\u00bbPrata||||||||\u00bb header_text_align=\u00bbcenter\u00bb header_text_color=\u00bb#333333&#8243; header_font_size=\u00bb150px\u00bb header_2_font=\u00bb|700||on|||||\u00bb header_2_text_align=\u00bbcenter\u00bb header_2_text_color=\u00bbrgba(0,0,0,0.28)\u00bb header_2_font_size=\u00bb14px\u00bb header_2_letter_spacing=\u00bb5px\u00bb header_2_line_height=\u00bb2em\u00bb transform_translate_linked=\u00bboff\u00bb max_width=\u00bb100%\u00bb max_width_tablet=\u00bb70%\u00bb max_width_last_edited=\u00bboff|phone\u00bb header_font_size_tablet=\u00bb80px\u00bb header_font_size_phone=\u00bb50px\u00bb header_font_size_last_edited=\u00bbon|phone\u00bb global_colors_info=\u00bb{}\u00bb]<\/p>\n<h2>Argentinas del bicentenario<\/h2>\n<p>[\/et_pb_text][\/et_pb_column][\/et_pb_row][et_pb_row column_structure=\u00bb1_3,1_3,1_3&#8243; _builder_version=\u00bb4.16&#8243; custom_margin=\u00bb|auto|100px|auto||\u00bb use_custom_width=\u00bbon\u00bb width_unit=\u00bboff\u00bb custom_width_percent=\u00bb100%\u00bb global_colors_info=\u00bb{}\u00bb][et_pb_column type=\u00bb1_3&#8243; _builder_version=\u00bb4.16&#8243; custom_padding=\u00bb|||\u00bb global_colors_info=\u00bb{}\u00bb custom_padding__hover=\u00bb|||\u00bb][et_pb_text _builder_version=\u00bb4.24.2&#8243; text_font=\u00bbRoboto Flex||||||||\u00bb text_line_height=\u00bb1.3em\u00bb link_font=\u00bb||||on||||\u00bb link_text_color=\u00bb#666666&#8243; header_font=\u00bb||||||||\u00bb header_text_align=\u00bbleft\u00bb header_3_font=\u00bb|700||on|||||\u00bb header_3_font_size=\u00bb12px\u00bb header_3_letter_spacing=\u00bb5px\u00bb header_3_line_height=\u00bb1.8em\u00bb text_orientation=\u00bbcenter\u00bb animation_style=\u00bbzoom\u00bb animation_intensity_zoom=\u00bb5%\u00bb header_3_font_size_tablet=\u00bb\u00bb header_3_font_size_phone=\u00bb\u00bb header_3_font_size_last_edited=\u00bbon|desktop\u00bb text_text_align=\u00bbcenter\u00bb sticky_enabled=\u00bb0&#8243; text_text_color=\u00bbgcid-d63c5588-6be8-4d69-bcbf-02f680aa13c9&#8243; global_colors_info=\u00bb{%22gcid-d63c5588-6be8-4d69-bcbf-02f680aa13c9%22:%91%22text_text_color%22,%22text_text_color%22%93}\u00bb]<\/p>\n<h3>Conocer<\/h3>\n<p>Conocer nuestro valor es el primer paso hacia la igualdad.<\/p>\n<p>[\/et_pb_text][\/et_pb_column][et_pb_column type=\u00bb1_3&#8243; _builder_version=\u00bb4.16&#8243; custom_padding=\u00bb|||\u00bb global_colors_info=\u00bb{}\u00bb custom_padding__hover=\u00bb|||\u00bb][et_pb_text _builder_version=\u00bb4.24.2&#8243; text_font=\u00bbRoboto Flex||||||||\u00bb text_line_height=\u00bb1.3em\u00bb link_font=\u00bb||||on||||\u00bb link_text_color=\u00bb#666666&#8243; header_font=\u00bb||||||||\u00bb header_text_align=\u00bbleft\u00bb header_3_font=\u00bb|700||on|||||\u00bb header_3_font_size=\u00bb12px\u00bb header_3_letter_spacing=\u00bb5px\u00bb header_3_line_height=\u00bb1.8em\u00bb text_orientation=\u00bbcenter\u00bb max_width_tablet=\u00bb70%\u00bb max_width_last_edited=\u00bboff|phone\u00bb animation_style=\u00bbzoom\u00bb animation_intensity_zoom=\u00bb5%\u00bb hover_enabled=\u00bb0&#8243; header_3_font_size_tablet=\u00bb\u00bb header_3_font_size_phone=\u00bb\u00bb header_3_font_size_last_edited=\u00bbon|desktop\u00bb text_text_align=\u00bbcenter\u00bb global_colors_info=\u00bb{%22gcid-d63c5588-6be8-4d69-bcbf-02f680aa13c9%22:%91%22text_text_color%22%93}\u00bb text_text_color=\u00bbgcid-d63c5588-6be8-4d69-bcbf-02f680aa13c9&#8243; sticky_enabled=\u00bb0&#8243;]<\/p>\n<h3>Recordar<\/h3>\n<p>Recordar que nuestra historia no se olvida, se reivindica.<\/p>\n<p>[\/et_pb_text][\/et_pb_column][et_pb_column type=\u00bb1_3&#8243; _builder_version=\u00bb4.16&#8243; custom_padding=\u00bb|||\u00bb global_colors_info=\u00bb{}\u00bb custom_padding__hover=\u00bb|||\u00bb][et_pb_text _builder_version=\u00bb4.24.2&#8243; text_font=\u00bbRoboto Flex||||||||\u00bb text_line_height=\u00bb1.3em\u00bb link_font=\u00bb||||on||||\u00bb link_text_color=\u00bb#666666&#8243; header_font=\u00bb||||||||\u00bb header_text_align=\u00bbleft\u00bb header_3_font=\u00bb|700||on|||||\u00bb header_3_font_size=\u00bb12px\u00bb header_3_letter_spacing=\u00bb5px\u00bb header_3_line_height=\u00bb1.8em\u00bb text_orientation=\u00bbcenter\u00bb animation_style=\u00bbzoom\u00bb animation_intensity_zoom=\u00bb5%\u00bb header_3_font_size_tablet=\u00bb\u00bb header_3_font_size_phone=\u00bb\u00bb header_3_font_size_last_edited=\u00bbon|desktop\u00bb text_text_align=\u00bbcenter\u00bb text_text_color=\u00bbgcid-d63c5588-6be8-4d69-bcbf-02f680aa13c9&#8243; global_colors_info=\u00bb{%22gcid-d63c5588-6be8-4d69-bcbf-02f680aa13c9%22:%91%22text_text_color%22,%22text_text_color%22%93}\u00bb]<\/p>\n<h3>visivilizar<\/h3>\n<p>Visibilizar nuestras luchas es el primer paso para la transformaci\u00f3n social.<\/p>\n<p>[\/et_pb_text][\/et_pb_column][\/et_pb_row][et_pb_row column_structure=\u00bb1_2,1_2&#8243; use_custom_gutter=\u00bbon\u00bb gutter_width=\u00bb2&#8243; make_equal=\u00bbon\u00bb _builder_version=\u00bb4.16&#8243; locked=\u00bboff\u00bb global_colors_info=\u00bb{}\u00bb][et_pb_column type=\u00bb1_2&#8243; _builder_version=\u00bb4.16&#8243; custom_padding=\u00bb|||\u00bb global_colors_info=\u00bb{}\u00bb custom_padding__hover=\u00bb|||\u00bb][et_pb_button button_url=\u00bb@ET-DC@eyJkeW5hbWljIjp0cnVlLCJjb250ZW50IjoicG9zdF9saW5rX3VybF9wYWdlIiwic2V0dGluZ3MiOnsicG9zdF9pZCI6IjgwIn19@\u00bb button_text=\u00bbContacto\u00bb button_alignment=\u00bbright\u00bb button_alignment_tablet=\u00bbcenter\u00bb button_alignment_phone=\u00bb\u00bb button_alignment_last_edited=\u00bbon|tablet\u00bb _builder_version=\u00bb4.24.2&#8243; _dynamic_attributes=\u00bbbutton_url\u00bb custom_button=\u00bbon\u00bb button_text_size=\u00bb14px\u00bb button_text_color=\u00bb#000000&#8243; button_bg_color=\u00bbrgba(0,0,0,0)\u00bb button_border_width=\u00bb2px\u00bb button_border_radius=\u00bb0px\u00bb button_font=\u00bb|700|||||||\u00bb custom_margin_tablet=\u00bb|0px||\u00bb custom_margin_phone=\u00bb|0px||\u00bb custom_margin_last_edited=\u00bbon|tablet\u00bb custom_padding=\u00bb14px|48px|14px|48px|true|true\u00bb global_colors_info=\u00bb{}\u00bb][\/et_pb_button][\/et_pb_column][et_pb_column type=\u00bb1_2&#8243; _builder_version=\u00bb4.16&#8243; custom_padding=\u00bb|||\u00bb global_colors_info=\u00bb{}\u00bb custom_padding__hover=\u00bb|||\u00bb][et_pb_button button_url=\u00bb@ET-DC@eyJkeW5hbWljIjp0cnVlLCJjb250ZW50IjoicG9zdF9saW5rX3VybF9wYWdlIiwic2V0dGluZ3MiOnsicG9zdF9pZCI6IjEwMSJ9fQ==@\u00bb button_text=\u00bbSobre Nosotras\u00bb button_alignment=\u00bbleft\u00bb button_alignment_tablet=\u00bbcenter\u00bb button_alignment_phone=\u00bb\u00bb button_alignment_last_edited=\u00bbon|phone\u00bb _builder_version=\u00bb4.24.2&#8243; _dynamic_attributes=\u00bbbutton_url\u00bb custom_button=\u00bbon\u00bb button_text_size=\u00bb14px\u00bb button_text_color=\u00bb#ffffff\u00bb button_bg_color=\u00bb#000000&#8243; button_border_width=\u00bb2px\u00bb button_border_color=\u00bbrgba(0,0,0,0)\u00bb button_border_radius=\u00bb0px\u00bb button_font=\u00bb|700|||||||\u00bb custom_margin_tablet=\u00bb|0px||\u00bb custom_margin_phone=\u00bb|0px||\u00bb custom_margin_last_edited=\u00bbon|tablet\u00bb custom_padding=\u00bb14px|48px|14px|48px|true|true\u00bb global_colors_info=\u00bb{}\u00bb][\/et_pb_button][\/et_pb_column][\/et_pb_row][\/et_pb_section][et_pb_section fb_built=\u00bb1&#8243; _builder_version=\u00bb4.24.2&#8243; _module_preset=\u00bbdefault\u00bb custom_margin=\u00bb0px|0px|0px|0px|false|false\u00bb custom_padding=\u00bb0px|0px|0px|0px|false|false\u00bb global_colors_info=\u00bb{}\u00bb][et_pb_row _builder_version=\u00bb4.24.2&#8243; _module_preset=\u00bbdefault\u00bb width=\u00bb100%\u00bb max_width=\u00bb2560px\u00bb custom_margin=\u00bb0px|0px|0px|0px|false|false\u00bb custom_padding=\u00bb0px|0px|0px|0px|false|false\u00bb global_colors_info=\u00bb{}\u00bb][et_pb_column type=\u00bb4_4&#8243; _builder_version=\u00bb4.24.2&#8243; _module_preset=\u00bbdefault\u00bb global_colors_info=\u00bb{}\u00bb][et_pb_video src=\u00bbhttps:\/\/salondelasmujeres.ar\/wp-content\/uploads\/2024\/03\/Header-inicio-Salon-de-la-Mujeres.mp4&#8243; image_src=\u00bbhttps:\/\/salondelasmujeres.ar\/wp-content\/uploads\/2024\/03\/Portada-Video-Salon-Mujeres.jpg\u00bb play_icon_color=\u00bbRGBA(255,255,255,0)\u00bb admin_label=\u00bbVideo Salon\u00bb _builder_version=\u00bb4.24.2&#8243; _module_preset=\u00bbdefault\u00bb animation_style=\u00bbfade\u00bb global_colors_info=\u00bb{}\u00bb][\/et_pb_video][\/et_pb_column][\/et_pb_row][\/et_pb_section][et_pb_section fb_built=\u00bb1&#8243; admin_label=\u00bbEvents\u00bb module_id=\u00bbinicio salas\u00bb _builder_version=\u00bb4.24.2&#8243; background_image=\u00bbhttps:\/\/salondelasmujeres.ar\/wp-content\/uploads\/2024\/03\/art-gallery-55.jpg\u00bb background_size=\u00bbinitial\u00bb background_repeat=\u00bbrepeat\u00bb global_colors_info=\u00bb{}\u00bb][et_pb_row custom_padding_last_edited=\u00bboff|phone\u00bb _builder_version=\u00bb4.16&#8243; background_position=\u00bbbottom_center\u00bb custom_padding_tablet=\u00bb17vw||17vw||false\u00bb use_custom_width=\u00bbon\u00bb width_unit=\u00bboff\u00bb custom_width_percent=\u00bb100%\u00bb locked=\u00bboff\u00bb global_colors_info=\u00bb{}\u00bb][et_pb_column type=\u00bb4_4&#8243; _builder_version=\u00bb4.16&#8243; custom_padding=\u00bb|||\u00bb global_colors_info=\u00bb{}\u00bb custom_padding__hover=\u00bb|||\u00bb][et_pb_text _builder_version=\u00bb4.24.2&#8243; text_font=\u00bb||||||||\u00bb header_font=\u00bb||||||||\u00bb header_2_font=\u00bbPrata|500|||||||\u00bb header_2_text_align=\u00bbcenter\u00bb header_2_font_size=\u00bb56px\u00bb header_2_line_height=\u00bb1.3em\u00bb header_3_font=\u00bb|700||on|||||\u00bb header_3_text_align=\u00bbcenter\u00bb header_3_text_color=\u00bbrgba(0,0,0,0.35)\u00bb header_3_font_size=\u00bb12px\u00bb header_3_letter_spacing=\u00bb5px\u00bb header_3_line_height=\u00bb2em\u00bb transform_translate_linked=\u00bboff\u00bb max_width=\u00bb700px\u00bb max_width_tablet=\u00bb70%\u00bb max_width_last_edited=\u00bboff|phone\u00bb module_alignment=\u00bbcenter\u00bb header_2_font_size_tablet=\u00bb40px\u00bb header_2_font_size_phone=\u00bb26px\u00bb header_2_font_size_last_edited=\u00bbon|phone\u00bb header_3_font_size_phone=\u00bb10px\u00bb header_3_font_size_last_edited=\u00bboff|desktop\u00bb module_alignment_last_edited=\u00bboff|desktop\u00bb global_colors_info=\u00bb{}\u00bb]<\/p>\n<h3>Inaugurado\u00a0 en 2009 . reinaugurado en 2020 . Desmantelado el 08 de marzo de 2024<\/h3>\n<h2>El Sal\u00f3n de las Mujeres<\/h2>\n<p>[\/et_pb_text][\/et_pb_column][\/et_pb_row][et_pb_row column_structure=\u00bb3_5,2_5&#8243; _builder_version=\u00bb4.16&#8243; max_width=\u00bb1280px\u00bb global_colors_info=\u00bb{}\u00bb][et_pb_column type=\u00bb3_5&#8243; _builder_version=\u00bb4.16&#8243; custom_padding=\u00bb|||\u00bb global_colors_info=\u00bb{}\u00bb custom_padding__hover=\u00bb|||\u00bb][et_pb_image src=\u00bbhttps:\/\/salondelasmujeres.ar\/wp-content\/uploads\/2024\/03\/Salon-de-las-Mujeres-1.jpg\u00bb title_text=\u00bbSalon de las Mujeres\u00bb _builder_version=\u00bb4.24.2&#8243; background_image=\u00bbhttps:\/\/salondelasmujeres.ar\/wp-content\/uploads\/2024\/03\/art-gallery-56.png\u00bb background_size=\u00bbinitial\u00bb background_position=\u00bbbottom_left\u00bb max_width=\u00bb800px\u00bb max_width_tablet=\u00bb560px\u00bb max_width_phone=\u00bb\u00bb max_width_last_edited=\u00bbon|tablet\u00bb module_alignment=\u00bbright\u00bb custom_margin=\u00bb||\u00bb custom_padding=\u00bb||40px|78px||\u00bb custom_padding_tablet=\u00bb40px|30px|0px|0px\u00bb custom_padding_phone=\u00bb\u00bb custom_padding_last_edited=\u00bbon|tablet\u00bb background_last_edited=\u00bbon|desktop\u00bb background_position_tablet=\u00bbtop_right\u00bb box_shadow_style=\u00bbpreset3&#8243; box_shadow_vertical=\u00bb20px\u00bb box_shadow_blur=\u00bb80px\u00bb box_shadow_spread=\u00bb0px\u00bb box_shadow_color=\u00bbrgba(67,58,122,0.2)\u00bb global_colors_info=\u00bb{}\u00bb][\/et_pb_image][\/et_pb_column][et_pb_column type=\u00bb2_5&#8243; _builder_version=\u00bb4.16&#8243; custom_padding=\u00bb|||\u00bb global_colors_info=\u00bb{}\u00bb custom_padding__hover=\u00bb|||\u00bb][et_pb_cta title=\u00bbSal\u00f3n Mujeres Argentinas del Bicentenario\u00bb button_url=\u00bb@ET-DC@eyJkeW5hbWljIjp0cnVlLCJjb250ZW50IjoicG9zdF9saW5rX3VybF9wYWdlIiwic2V0dGluZ3MiOnsicG9zdF9pZCI6IjY0In19@\u00bb button_text=\u00bbConocer m\u00e1s\u00bb _builder_version=\u00bb4.24.2&#8243; _dynamic_attributes=\u00bbbutton_url\u00bb header_level=\u00bbh3&#8243; header_font=\u00bb|700|||||||\u00bb header_font_size=\u00bb20px\u00bb header_line_height=\u00bb1.3em\u00bb body_font=\u00bb||||||||\u00bb background_color=\u00bb#ffffff\u00bb custom_button=\u00bbon\u00bb button_text_size=\u00bb14px\u00bb button_text_color=\u00bb#000000&#8243; button_bg_color=\u00bbrgba(0,0,0,0)\u00bb button_bg_color_gradient_stops=\u00bb#ffffff 90%|#000000 100%\u00bb button_bg_color_gradient_start=\u00bb#ffffff\u00bb button_bg_color_gradient_start_position=\u00bb90%\u00bb button_bg_color_gradient_end=\u00bb#000000&#8243; button_border_width=\u00bb0px\u00bb button_border_radius=\u00bb0px\u00bb button_letter_spacing=\u00bb0px\u00bb button_font=\u00bb|700|||||||\u00bb button_custom_padding=\u00bb|0px||0px||true\u00bb transform_scale_tablet=\u00bb\u00bb transform_scale_phone=\u00bb\u00bb transform_scale_last_edited=\u00bbon|desktop\u00bb transform_translate=\u00bb-120px|40px\u00bb transform_translate_tablet=\u00bb0px|0px\u00bb transform_translate_phone=\u00bb\u00bb transform_translate_last_edited=\u00bbon|phone\u00bb transform_translate_linked=\u00bboff\u00bb transform_rotate_tablet=\u00bb\u00bb transform_rotate_phone=\u00bb\u00bb transform_rotate_last_edited=\u00bbon|desktop\u00bb transform_skew_tablet=\u00bb\u00bb transform_skew_phone=\u00bb\u00bb transform_skew_last_edited=\u00bbon|desktop\u00bb transform_origin_tablet=\u00bb\u00bb transform_origin_phone=\u00bb\u00bb transform_origin_last_edited=\u00bbon|desktop\u00bb transform_styles_last_edited=\u00bbon|phone\u00bb text_orientation=\u00bbleft\u00bb background_layout=\u00bblight\u00bb custom_margin_tablet=\u00bb||-60px|\u00bb custom_margin_phone=\u00bb\u00bb custom_margin_last_edited=\u00bbon|tablet\u00bb header_font_size_tablet=\u00bb\u00bb header_font_size_phone=\u00bb\u00bb header_font_size_last_edited=\u00bbon|desktop\u00bb transform_styles_tablet=\u00bb\u00bb transform_styles_phone=\u00bb\u00bb box_shadow_style=\u00bbpreset3&#8243; box_shadow_horizontal=\u00bb-70px\u00bb box_shadow_vertical=\u00bb70px\u00bb box_shadow_blur=\u00bb80px\u00bb box_shadow_spread=\u00bb0px\u00bb box_shadow_color=\u00bbrgba(67,58,122,0.1)\u00bb box_shadow_style_button=\u00bbpreset2&#8243; box_shadow_horizontal_button=\u00bb0px\u00bb box_shadow_vertical_button=\u00bb1px\u00bb box_shadow_blur_button=\u00bb0px\u00bb box_shadow_color_button=\u00bb#000000&#8243; global_colors_info=\u00bb{}\u00bb]<\/p>\n<p>Inaugurado por Cristina Fern\u00e1ndez<br \/>Viernes 06 de Marzo de 2009<\/p>\n<p>\u201cPor eso est\u00e1n todas aqu\u00ed, porque nos representan a todas y no es una visi\u00f3n integracionista de la historia, en absoluto; la historia est\u00e1 escrita y cada uno ha jugado un rol y ha escrito una p\u00e1gina en ella.\u201d<\/p>\n<p>[\/et_pb_cta][\/et_pb_column][\/et_pb_row][et_pb_row column_structure=\u00bb2_5,3_5&#8243; use_custom_gutter=\u00bbon\u00bb gutter_width=\u00bb1&#8243; make_equal=\u00bbon\u00bb custom_padding_last_edited=\u00bboff|phone\u00bb _builder_version=\u00bb4.16&#8243; background_size=\u00bbinitial\u00bb background_position=\u00bbtop_right\u00bb max_width=\u00bb1280px\u00bb custom_margin=\u00bb||\u00bb custom_margin_tablet=\u00bb0px||\u00bb custom_margin_last_edited=\u00bboff|phone\u00bb custom_padding=\u00bb|||\u00bb custom_padding_tablet=\u00bb||80px|0px\u00bb global_colors_info=\u00bb{}\u00bb][et_pb_column type=\u00bb2_5&#8243; _builder_version=\u00bb4.16&#8243; custom_padding=\u00bb|||\u00bb custom_padding_tablet=\u00bb0vw||\u00bb custom_padding_last_edited=\u00bboff|phone\u00bb global_colors_info=\u00bb{}\u00bb custom_padding__hover=\u00bb|||\u00bb][\/et_pb_column][et_pb_column type=\u00bb3_5&#8243; _builder_version=\u00bb4.16&#8243; background_size=\u00bbinitial\u00bb background_position=\u00bbtop_right\u00bb custom_padding=\u00bb|||\u00bb global_colors_info=\u00bb{}\u00bb custom_padding__hover=\u00bb|||\u00bb][et_pb_image src=\u00bbhttps:\/\/salondelasmujeres.ar\/wp-content\/uploads\/2024\/03\/Sala-Mujeres-Generos-Div.jpg\u00bb title_text=\u00bbSala Mujeres Generos Div\u00bb _builder_version=\u00bb4.24.2&#8243; background_image=\u00bbhttps:\/\/salondelasmujeres.ar\/wp-content\/uploads\/2024\/03\/art-gallery-57.png\u00bb background_size=\u00bbinitial\u00bb background_position=\u00bbtop_right\u00bb max_width=\u00bb560px\u00bb module_alignment=\u00bbright\u00bb custom_margin=\u00bb||30px\u00bb custom_padding=\u00bb40px|40px||\u00bb custom_padding_tablet=\u00bb|30px||\u00bb custom_padding_phone=\u00bb\u00bb custom_padding_last_edited=\u00bbon|desktop\u00bb box_shadow_style=\u00bbpreset3&#8243; box_shadow_vertical=\u00bb20px\u00bb box_shadow_blur=\u00bb80px\u00bb box_shadow_spread=\u00bb0px\u00bb box_shadow_color=\u00bbrgba(67,58,122,0.2)\u00bb global_colors_info=\u00bb{}\u00bb][\/et_pb_image][et_pb_cta title=\u00bbSala de las Mujeres, G\u00e9neros y Diversidad\u00bb button_url=\u00bb@ET-DC@eyJkeW5hbWljIjp0cnVlLCJjb250ZW50IjoicG9zdF9saW5rX3VybF9wYWdlIiwic2V0dGluZ3MiOnsicG9zdF9pZCI6IjIxOCJ9fQ==@\u00bb button_text=\u00bbConocer m\u00e1s\u00bb _builder_version=\u00bb4.24.2&#8243; _dynamic_attributes=\u00bbbutton_url\u00bb header_level=\u00bbh3&#8243; header_font=\u00bb|700|||||||\u00bb header_font_size=\u00bb20px\u00bb header_line_height=\u00bb1.3em\u00bb body_font=\u00bb||||||||\u00bb background_color=\u00bb#ffffff\u00bb custom_button=\u00bbon\u00bb button_text_size=\u00bb14px\u00bb button_text_color=\u00bb#000000&#8243; button_bg_color=\u00bbrgba(0,0,0,0)\u00bb button_bg_color_gradient_stops=\u00bb#ffffff 90%|#000000 100%\u00bb button_bg_color_gradient_start=\u00bb#ffffff\u00bb button_bg_color_gradient_start_position=\u00bb90%\u00bb button_bg_color_gradient_end=\u00bb#000000&#8243; button_border_width=\u00bb0px\u00bb button_border_radius=\u00bb0px\u00bb button_letter_spacing=\u00bb0px\u00bb button_font=\u00bb|700|||||||\u00bb button_custom_padding=\u00bb|0px||0px||true\u00bb transform_scale_last_edited=\u00bboff|desktop\u00bb transform_translate_tablet=\u00bb0px|0px\u00bb transform_translate_last_edited=\u00bboff|phone\u00bb transform_translate_linked=\u00bboff\u00bb transform_rotate_last_edited=\u00bboff|desktop\u00bb transform_skew_last_edited=\u00bboff|desktop\u00bb transform_origin_last_edited=\u00bboff|desktop\u00bb transform_styles_last_edited=\u00bboff|phone\u00bb z_index=\u00bb2&#8243; text_orientation=\u00bbleft\u00bb background_layout=\u00bblight\u00bb max_width=\u00bb450px\u00bb max_width_tablet=\u00bb100%\u00bb max_width_phone=\u00bb\u00bb max_width_last_edited=\u00bbon|phone\u00bb custom_margin=\u00bb-380px||100px|-200px\u00bb custom_margin_tablet=\u00bb-60px|||0px\u00bb custom_margin_phone=\u00bb\u00bb custom_margin_last_edited=\u00bbon|phone\u00bb header_font_size_tablet=\u00bb\u00bb header_font_size_phone=\u00bb\u00bb header_font_size_last_edited=\u00bbon|desktop\u00bb box_shadow_style=\u00bbpreset3&#8243; box_shadow_horizontal=\u00bb-70px\u00bb box_shadow_vertical=\u00bb70px\u00bb box_shadow_blur=\u00bb80px\u00bb box_shadow_spread=\u00bb0px\u00bb box_shadow_color=\u00bbrgba(67,58,122,0.1)\u00bb box_shadow_style_button=\u00bbpreset4&#8243; box_shadow_horizontal_button=\u00bb0px\u00bb box_shadow_vertical_button=\u00bb1px\u00bb box_shadow_color_button=\u00bb#000000&#8243; locked=\u00bboff\u00bb global_colors_info=\u00bb{}\u00bb]<\/p>\n<p>Reinaugurado por Alberto Fern\u00e1ndez<br \/>Viernes 06 de Marzo de 2020<\/p>\n<p>\u201cSi algo tenemos de maravilloso como pueblo argentino es que hemos aprendido a construir y ejercer la memoria colectiva\u201d<\/p>\n<p>[\/et_pb_cta][\/et_pb_column][\/et_pb_row][et_pb_row _builder_version=\u00bb4.16&#8243; custom_padding=\u00bb0px|||||\u00bb global_colors_info=\u00bb{}\u00bb][et_pb_column type=\u00bb4_4&#8243; _builder_version=\u00bb4.16&#8243; custom_padding=\u00bb|||\u00bb global_colors_info=\u00bb{}\u00bb custom_padding__hover=\u00bb|||\u00bb][et_pb_button button_url=\u00bb@ET-DC@eyJkeW5hbWljIjp0cnVlLCJjb250ZW50IjoicG9zdF9saW5rX3VybF9wYWdlIiwic2V0dGluZ3MiOnsicG9zdF9pZCI6IjgwIn19@\u00bb button_text=\u00bbA qui\u00e9n agregar\u00edas para hacerle homenaje?\u00bb button_alignment=\u00bbright\u00bb _builder_version=\u00bb4.24.2&#8243; _dynamic_attributes=\u00bbbutton_url\u00bb custom_button=\u00bbon\u00bb button_text_size=\u00bb14px\u00bb button_text_color=\u00bb#ffffff\u00bb button_bg_color=\u00bb#000000&#8243; button_border_width=\u00bb0px\u00bb button_border_radius=\u00bb0px\u00bb button_font=\u00bb|700|||||||\u00bb custom_margin_tablet=\u00bb0px|0px||\u00bb custom_margin_phone=\u00bb|0px||\u00bb custom_margin_last_edited=\u00bboff|desktop\u00bb custom_padding=\u00bb14px|48px|14px|48px|true|true\u00bb locked=\u00bboff\u00bb global_colors_info=\u00bb{}\u00bb][\/et_pb_button][\/et_pb_column][\/et_pb_row][\/et_pb_section]<\/p>\n","protected":false},"excerpt":{"rendered":"<p>El Sal\u00f3n invisible de la Casa RosadaSal\u00f3n de las MujeresArgentinas del bicentenarioConocer Conocer nuestro valor es el primer paso hacia la igualdad.Recordar Recordar que nuestra historia no se olvida, se reivindica.visivilizar Visibilizar nuestras luchas es el primer paso para la transformaci\u00f3n social.Inaugurado\u00a0 en 2009 . reinaugurado en 2020 . Desmantelado el 08 de marzo de [&hellip;]<\/p>\n","protected":false},"author":1,"featured_media":0,"parent":0,"menu_order":0,"comment_status":"closed","ping_status":"closed","template":"","meta":{"_et_pb_use_builder":"on","_et_pb_old_content":"","_et_gb_content_width":"","footnotes":""},"class_list":["post-50","page","type-page","status-publish","hentry"],"_links":{"self":[{"href":"https:\/\/salondelasmujeres.ar\/index.php?rest_route=\/wp\/v2\/pages\/50","targetHints":{"allow":["GET"]}}],"collection":[{"href":"https:\/\/salondelasmujeres.ar\/index.php?rest_route=\/wp\/v2\/pages"}],"about":[{"href":"https:\/\/salondelasmujeres.ar\/index.php?rest_route=\/wp\/v2\/types\/page"}],"author":[{"embeddable":true,"href":"https:\/\/salondelasmujeres.ar\/index.php?rest_route=\/wp\/v2\/users\/1"}],"replies":[{"embeddable":true,"href":"https:\/\/salondelasmujeres.ar\/index.php?rest_route=%2Fwp%2Fv2%2Fcomments&post=50"}],"version-history":[{"count":55,"href":"https:\/\/salondelasmujeres.ar\/index.php?rest_route=\/wp\/v2\/pages\/50\/revisions"}],"predecessor-version":[{"id":690,"href":"https:\/\/salondelasmujeres.ar\/index.php?rest_route=\/wp\/v2\/pages\/50\/revisions\/690"}],"wp:attachment":[{"href":"https:\/\/salondelasmujeres.ar\/index.php?rest_route=%2Fwp%2Fv2%2Fmedia&parent=50"}],"curies":[{"name":"wp","href":"https:\/\/api.w.org\/{rel}","templated":true}]}}