{"id":444,"date":"2024-03-22T01:44:13","date_gmt":"2024-03-22T04:44:13","guid":{"rendered":"https:\/\/salondelasmujeres.ar\/?page_id=444"},"modified":"2024-03-27T00:12:48","modified_gmt":"2024-03-27T03:12:48","slug":"victoria-ocampo","status":"publish","type":"page","link":"https:\/\/salondelasmujeres.ar\/?page_id=444","title":{"rendered":"Victoria Ocampo"},"content":{"rendered":"<p>[et_pb_section fb_built=\u00bb1&#8243; custom_padding_last_edited=\u00bboff|desktop\u00bb admin_label=\u00bbHeader\u00bb _builder_version=\u00bb4.16&#8243; background_color_gradient_direction=\u00bb188deg\u00bb background_image=\u00bbhttps:\/\/salondelasmujeres.ar\/wp-content\/uploads\/2024\/03\/art-gallery-55.jpg\u00bb background_size=\u00bbinitial\u00bb background_repeat=\u00bbrepeat\u00bb width=\u00bb100%\u00bb custom_padding_tablet=\u00bb5vw||5vw||true\u00bb global_colors_info=\u00bb{}\u00bb][et_pb_row custom_padding_last_edited=\u00bboff|phone\u00bb _builder_version=\u00bb4.16&#8243; background_position=\u00bbbottom_center\u00bb custom_padding_tablet=\u00bb17vw||17vw||false\u00bb use_custom_width=\u00bbon\u00bb width_unit=\u00bboff\u00bb custom_width_percent=\u00bb100%\u00bb locked=\u00bboff\u00bb global_colors_info=\u00bb{}\u00bb][et_pb_column type=\u00bb4_4&#8243; _builder_version=\u00bb4.16&#8243; custom_padding=\u00bb|||\u00bb global_colors_info=\u00bb{}\u00bb custom_padding__hover=\u00bb|||\u00bb][et_pb_text _builder_version=\u00bb4.24.2&#8243; text_font=\u00bb||||||||\u00bb header_font=\u00bb||||||||\u00bb header_2_font=\u00bbPrata|500|||||||\u00bb header_2_text_align=\u00bbleft\u00bb header_2_font_size=\u00bb56px\u00bb header_2_line_height=\u00bb1.3em\u00bb header_4_font=\u00bb|700|||||||\u00bb header_4_font_size=\u00bb16px\u00bb header_4_line_height=\u00bb1.2em\u00bb transform_translate_linked=\u00bboff\u00bb max_width=\u00bb700px\u00bb max_width_tablet=\u00bb70%\u00bb max_width_last_edited=\u00bboff|phone\u00bb header_2_font_size_tablet=\u00bb40px\u00bb header_2_font_size_phone=\u00bb26px\u00bb header_2_font_size_last_edited=\u00bbon|desktop\u00bb global_colors_info=\u00bb{}\u00bb]<\/p>\n<h2>Victoria Ocampo<\/h2>\n<h4>Escritora, \u200bintelectual, ensayista, traductora, editora y mecenas &#8211; Ciudad de Buenos Aires, Argentina, 7 de abril de 1890 \u2013 Beccar,\u200b Buenos Aires, Argentina, 27 de enero de 1979<\/h4>\n<p>Ramona Victoria Epifan\u00eda Rufina Ocampo, conocida como Victoria Ocampo, fue una destacada escritora, intelectual, ensayista, traductora, editora, fil\u00e1ntropa y mecenas argentina. Nacida el 7 de abril de 1890 en Buenos Aires, proven\u00eda de una familia aristocr\u00e1tica y fue educada principalmente en franc\u00e9s por institutrices.<\/p>\n<p>Desde joven, Ocampo estuvo involucrada en los movimientos feministas, intelectuales y antifascistas de Argentina, y en 1936 fund\u00f3 la Uni\u00f3n Argentina de Mujeres. Fund\u00f3 la revista y editorial Sur en 1931, donde promovi\u00f3 obras literarias tanto de autores nacionales como internacionales, colaborando con figuras como Jorge Luis Borges, Adolfo Bioy Casares y Virginia Woolf.<\/p>\n<p>Residiendo en Villa Ocampo, recibi\u00f3 a prominentes personalidades del \u00e1mbito literario y cultural, como Rabindranath Tagore, Albert Camus y Graham Greene. Durante la Segunda Guerra Mundial, realiz\u00f3 donaciones de alimentos y ropa a pa\u00edses ocupados por el Eje, destac\u00e1ndose su labor filantr\u00f3pica.<\/p>\n<p>Ocampo fue una figura reconocida a nivel internacional, recibiendo distinciones y doctorados honoris causa de varias universidades, as\u00ed como condecoraciones de gobiernos extranjeros, como la Legi\u00f3n de Honor francesa y el Orden del Imperio Brit\u00e1nico. En 1977, se convirti\u00f3 en la primera mujer en ser elegida miembro de la Academia Argentina de Letras. Su legado perdura como un s\u00edmbolo de compromiso con la cultura y la justicia social.<\/p>\n<p>[\/et_pb_text][\/et_pb_column][\/et_pb_row][\/et_pb_section][et_pb_section fb_built=\u00bb1&#8243; custom_padding_last_edited=\u00bboff|desktop\u00bb admin_label=\u00bbWork\u00bb _builder_version=\u00bb4.16&#8243; background_color_gradient_direction=\u00bb188deg\u00bb background_image=\u00bbhttps:\/\/salondelasmujeres.ar\/wp-content\/uploads\/2024\/03\/art-gallery-55.jpg\u00bb background_size=\u00bbinitial\u00bb background_repeat=\u00bbrepeat\u00bb width=\u00bb100%\u00bb custom_padding_tablet=\u00bb5vw||5vw||true\u00bb global_colors_info=\u00bb{}\u00bb][et_pb_row custom_padding_last_edited=\u00bboff|phone\u00bb _builder_version=\u00bb4.16&#8243; background_position=\u00bbbottom_center\u00bb custom_padding_tablet=\u00bb17vw||17vw||false\u00bb use_custom_width=\u00bbon\u00bb width_unit=\u00bboff\u00bb custom_width_percent=\u00bb100%\u00bb locked=\u00bboff\u00bb global_colors_info=\u00bb{}\u00bb][et_pb_column type=\u00bb4_4&#8243; _builder_version=\u00bb4.16&#8243; custom_padding=\u00bb|||\u00bb global_colors_info=\u00bb{}\u00bb custom_padding__hover=\u00bb|||\u00bb][et_pb_text _builder_version=\u00bb4.24.2&#8243; text_font=\u00bb||||||||\u00bb header_font=\u00bb||||||||\u00bb header_2_font=\u00bbPrata|500|||||||\u00bb header_2_font_size=\u00bb56px\u00bb header_2_line_height=\u00bb1.3em\u00bb header_3_font=\u00bb|700||on|||||\u00bb header_3_text_color=\u00bbrgba(0,0,0,0.35)\u00bb header_3_font_size=\u00bb12px\u00bb header_3_letter_spacing=\u00bb5px\u00bb header_3_line_height=\u00bb2em\u00bb transform_translate_linked=\u00bboff\u00bb text_orientation=\u00bbcenter\u00bb max_width=\u00bb700px\u00bb max_width_tablet=\u00bb70%\u00bb max_width_last_edited=\u00bboff|phone\u00bb module_alignment=\u00bbcenter\u00bb header_2_font_size_tablet=\u00bb40px\u00bb header_2_font_size_phone=\u00bb26px\u00bb header_2_font_size_last_edited=\u00bbon|phone\u00bb header_3_font_size_phone=\u00bb10px\u00bb header_3_font_size_last_edited=\u00bboff|desktop\u00bb module_alignment_last_edited=\u00bboff|desktop\u00bb text_text_align=\u00bbcenter\u00bb global_colors_info=\u00bb{}\u00bb]<\/p>\n<h3>Un recorrido a trav\u00e9s de<\/h3>\n<h2>Im\u00e1genes y Momentos<\/h2>\n<p>[\/et_pb_text][\/et_pb_column][\/et_pb_row][et_pb_row column_structure=\u00bb1_3,1_3,1_3&#8243; _builder_version=\u00bb4.16&#8243; global_colors_info=\u00bb{}\u00bb][et_pb_column type=\u00bb1_3&#8243; _builder_version=\u00bb4.16&#8243; custom_padding=\u00bb|||\u00bb global_colors_info=\u00bb{}\u00bb custom_padding__hover=\u00bb|||\u00bb][et_pb_image src=\u00bbhttps:\/\/salondelasmujeres.ar\/wp-content\/uploads\/2024\/03\/Victoria-Ocampo_06.jpg\u00bb title_text=\u00bbVictoria Ocampo_06&#8243; align=\u00bbcenter\u00bb _builder_version=\u00bb4.24.2&#8243; global_colors_info=\u00bb{}\u00bb][\/et_pb_image][et_pb_text ul_position=\u00bbinside\u00bb _builder_version=\u00bb4.24.2&#8243; text_font=\u00bb||||||||\u00bb ul_font=\u00bb||||||||\u00bb header_font=\u00bb|700|||||||\u00bb header_font_size=\u00bb20px\u00bb header_line_height=\u00bb1.3em\u00bb header_3_font=\u00bb|700|||||||\u00bb header_3_font_size=\u00bb14px\u00bb header_3_line_height=\u00bb1.3em\u00bb text_orientation=\u00bbcenter\u00bb text_text_align=\u00bbcenter\u00bb locked=\u00bboff\u00bb global_colors_info=\u00bb{}\u00bb]<\/p>\n<h3>Victoria Ocampo<\/h3>\n<p>\u201cEl solo sujeto de que realmente puedo hablar y en nombre del cual me permito hablar con alg\u00fan derecho de causa soy yo misma.\u201d<\/p>\n<p>[\/et_pb_text][\/et_pb_column][et_pb_column type=\u00bb1_3&#8243; _builder_version=\u00bb4.16&#8243; custom_padding=\u00bb|||\u00bb global_colors_info=\u00bb{}\u00bb custom_padding__hover=\u00bb|||\u00bb][et_pb_image src=\u00bbhttps:\/\/salondelasmujeres.ar\/wp-content\/uploads\/2024\/03\/Victoria-Ocampo_01.jpg\u00bb title_text=\u00bbVictoria Ocampo_01&#8243; align=\u00bbcenter\u00bb _builder_version=\u00bb4.24.2&#8243; global_colors_info=\u00bb{}\u00bb][\/et_pb_image][et_pb_text ul_position=\u00bbinside\u00bb _builder_version=\u00bb4.24.2&#8243; text_font=\u00bb||||||||\u00bb ul_font=\u00bb||||||||\u00bb header_font=\u00bb|700|||||||\u00bb header_font_size=\u00bb20px\u00bb header_line_height=\u00bb1.3em\u00bb header_3_font=\u00bb|700|||||||\u00bb header_3_font_size=\u00bb14px\u00bb header_3_line_height=\u00bb1.3em\u00bb text_orientation=\u00bbcenter\u00bb text_text_align=\u00bbcenter\u00bb locked=\u00bboff\u00bb global_colors_info=\u00bb{}\u00bb]<\/p>\n<h3>Victoria Ocampo<\/h3>\n<p>\u201cMi alma est\u00e1 hecha de luz y tinieblas. No sabe de brumas.\u201d<\/p>\n<p>[\/et_pb_text][\/et_pb_column][et_pb_column type=\u00bb1_3&#8243; _builder_version=\u00bb4.16&#8243; custom_padding=\u00bb|||\u00bb global_colors_info=\u00bb{}\u00bb custom_padding__hover=\u00bb|||\u00bb][et_pb_image src=\u00bbhttps:\/\/salondelasmujeres.ar\/wp-content\/uploads\/2024\/03\/Victoria-Ocampo_05.jpg\u00bb title_text=\u00bbVictoria Ocampo_05&#8243; align=\u00bbcenter\u00bb _builder_version=\u00bb4.24.2&#8243; global_colors_info=\u00bb{}\u00bb][\/et_pb_image][et_pb_text ul_position=\u00bbinside\u00bb _builder_version=\u00bb4.24.2&#8243; text_font=\u00bb||||||||\u00bb ul_font=\u00bb||||||||\u00bb header_font=\u00bb|700|||||||\u00bb header_font_size=\u00bb20px\u00bb header_line_height=\u00bb1.3em\u00bb header_3_font=\u00bb|700|||||||\u00bb header_3_font_size=\u00bb14px\u00bb header_3_line_height=\u00bb1.3em\u00bb text_orientation=\u00bbcenter\u00bb hover_enabled=\u00bb0&#8243; text_text_align=\u00bbcenter\u00bb locked=\u00bboff\u00bb global_colors_info=\u00bb{}\u00bb sticky_enabled=\u00bb0&#8243;]<\/p>\n<h3>Josefina Dorado, Adolfo Bioy Casares, Victoria Ocampo y Jorge Luis Borges<\/h3>\n<p>\u00abLa vida social es un continuado concurso abierto entre los hombres para medir sus aptitudes con \u00e1nimo de ser preferidos por la mujer.\u00bb<\/p>\n<p>Fotograf\u00eda en Mar del Plata a\u00f1o 1935.<\/p>\n<p>[\/et_pb_text][\/et_pb_column][\/et_pb_row][et_pb_row column_structure=\u00bb1_3,1_3,1_3&#8243; _builder_version=\u00bb4.16&#8243; global_colors_info=\u00bb{}\u00bb][et_pb_column type=\u00bb1_3&#8243; _builder_version=\u00bb4.16&#8243; custom_padding=\u00bb|||\u00bb global_colors_info=\u00bb{}\u00bb custom_padding__hover=\u00bb|||\u00bb][et_pb_image src=\u00bbhttps:\/\/salondelasmujeres.ar\/wp-content\/uploads\/2024\/03\/Victoria-Ocampo_04.jpg\u00bb title_text=\u00bbVictoria Ocampo_04&#8243; align=\u00bbcenter\u00bb _builder_version=\u00bb4.24.2&#8243; global_colors_info=\u00bb{}\u00bb][\/et_pb_image][et_pb_text ul_position=\u00bbinside\u00bb _builder_version=\u00bb4.24.2&#8243; text_font=\u00bb||||||||\u00bb ul_font=\u00bb||||||||\u00bb header_font=\u00bb|700|||||||\u00bb header_font_size=\u00bb20px\u00bb header_line_height=\u00bb1.3em\u00bb header_3_font=\u00bb|700|||||||\u00bb header_3_font_size=\u00bb14px\u00bb header_3_line_height=\u00bb1.3em\u00bb text_orientation=\u00bbcenter\u00bb hover_enabled=\u00bb0&#8243; text_text_align=\u00bbcenter\u00bb locked=\u00bboff\u00bb global_colors_info=\u00bb{}\u00bb sticky_enabled=\u00bb0&#8243;]<\/p>\n<h3>Victoria Ocampo, en el centro, entre Adolfo Bioy Casares, Alicia Jurado y Borges.<\/h3>\n<p><span>\u00abHay libros cuya belleza formal es tan apretada, tan concluida, tan severa, que nada nuestro puede insertarse en ellos. Su superficie compacta y lisa no nos ofrece resquicio alguno. Nos queda s\u00f3lo la posibilidad de aquiescencia o de rechazo.\u00bb <\/span><\/p>\n<p><span>Fotograf\u00eda con e<\/span>l equipo de redacci\u00f3n de <em>Sur<\/em> en el a\u00f1o 1961.<\/p>\n<p>[\/et_pb_text][\/et_pb_column][et_pb_column type=\u00bb1_3&#8243; _builder_version=\u00bb4.16&#8243; custom_padding=\u00bb|||\u00bb global_colors_info=\u00bb{}\u00bb custom_padding__hover=\u00bb|||\u00bb][et_pb_image src=\u00bbhttps:\/\/salondelasmujeres.ar\/wp-content\/uploads\/2024\/03\/Victoria-Ocampo_03.jpg\u00bb title_text=\u00bbVictoria Ocampo_03&#8243; align=\u00bbcenter\u00bb _builder_version=\u00bb4.24.2&#8243; global_colors_info=\u00bb{}\u00bb][\/et_pb_image][et_pb_text ul_position=\u00bbinside\u00bb _builder_version=\u00bb4.24.2&#8243; text_font=\u00bb||||||||\u00bb ul_font=\u00bb||||||||\u00bb header_font=\u00bb|700|||||||\u00bb header_font_size=\u00bb20px\u00bb header_line_height=\u00bb1.3em\u00bb header_3_font=\u00bb|700|||||||\u00bb header_3_font_size=\u00bb14px\u00bb header_3_line_height=\u00bb1.3em\u00bb text_orientation=\u00bbcenter\u00bb hover_enabled=\u00bb0&#8243; text_text_align=\u00bbcenter\u00bb locked=\u00bboff\u00bb global_colors_info=\u00bb{}\u00bb sticky_enabled=\u00bb0&#8243;]<\/p>\n<h3>Victoria Ocampo<\/h3>\n<p>\u00abLos hombres han hablado enormemente de -la mujer-, pero desde luego y fatalmente a trav\u00e9s de s\u00ed mismos. A trav\u00e9s de la gratitud o de la decepci\u00f3n (&#8230;). Se los puede elogiar por muchas cosas, pero nunca por una profunda imparcialidad acerca de este tema.\u00bb Fotograf\u00eda con un ejemplar de su revista <em>Sur<\/em>.<\/p>\n<p>[\/et_pb_text][\/et_pb_column][et_pb_column type=\u00bb1_3&#8243; _builder_version=\u00bb4.16&#8243; custom_padding=\u00bb|||\u00bb global_colors_info=\u00bb{}\u00bb custom_padding__hover=\u00bb|||\u00bb][et_pb_image src=\u00bbhttps:\/\/salondelasmujeres.ar\/wp-content\/uploads\/2024\/03\/Victoria-Ocampo_02.jpg\u00bb title_text=\u00bbVictoria Ocampo_02&#8243; align=\u00bbcenter\u00bb _builder_version=\u00bb4.24.2&#8243; global_colors_info=\u00bb{}\u00bb][\/et_pb_image][et_pb_text ul_position=\u00bbinside\u00bb _builder_version=\u00bb4.24.2&#8243; text_font=\u00bb||||||||\u00bb ul_font=\u00bb||||||||\u00bb header_font=\u00bb|700|||||||\u00bb header_font_size=\u00bb20px\u00bb header_line_height=\u00bb1.3em\u00bb header_3_font=\u00bb|700|||||||\u00bb header_3_font_size=\u00bb14px\u00bb header_3_line_height=\u00bb1.3em\u00bb text_orientation=\u00bbcenter\u00bb hover_enabled=\u00bb0&#8243; text_text_align=\u00bbcenter\u00bb locked=\u00bboff\u00bb global_colors_info=\u00bb{}\u00bb sticky_enabled=\u00bb0&#8243;]<\/p>\n<h3>Victoria Ocampo<\/h3>\n<p><span>\u00abMi \u00fanica ambici\u00f3n es llegar a escribir un d\u00eda m\u00e1s o menos bien, m\u00e1s o menos mal, pero como una mujer.\u00bb <\/span><\/p>\n<p>Fotograf\u00eda como directora de <em>Sur<\/em>.<\/p>\n<p>[\/et_pb_text][\/et_pb_column][\/et_pb_row][\/et_pb_section][et_pb_section fb_built=\u00bb1&#8243; admin_label=\u00bbResume\u00bb _builder_version=\u00bb4.16&#8243; background_image=\u00bbhttps:\/\/salondelasmujeres.ar\/wp-content\/uploads\/2024\/03\/art-gallery-55.jpg\u00bb background_size=\u00bbinitial\u00bb background_repeat=\u00bbrepeat\u00bb global_colors_info=\u00bb{}\u00bb][et_pb_row custom_padding_last_edited=\u00bboff|phone\u00bb _builder_version=\u00bb4.16&#8243; background_position=\u00bbbottom_center\u00bb custom_padding_tablet=\u00bb17vw||17vw||false\u00bb use_custom_width=\u00bbon\u00bb width_unit=\u00bboff\u00bb custom_width_percent=\u00bb100%\u00bb locked=\u00bboff\u00bb global_colors_info=\u00bb{}\u00bb][et_pb_column type=\u00bb4_4&#8243; _builder_version=\u00bb4.16&#8243; custom_padding=\u00bb|||\u00bb global_colors_info=\u00bb{}\u00bb custom_padding__hover=\u00bb|||\u00bb][et_pb_text _builder_version=\u00bb4.24.2&#8243; text_font=\u00bb||||||||\u00bb header_font=\u00bb||||||||\u00bb header_2_font=\u00bbPrata|500|||||||\u00bb header_2_font_size=\u00bb56px\u00bb header_2_line_height=\u00bb1.3em\u00bb header_3_font=\u00bb|700||on|||||\u00bb header_3_text_color=\u00bbrgba(0,0,0,0.35)\u00bb header_3_font_size=\u00bb12px\u00bb header_3_letter_spacing=\u00bb5px\u00bb header_3_line_height=\u00bb2em\u00bb transform_translate_linked=\u00bboff\u00bb max_width=\u00bb700px\u00bb max_width_tablet=\u00bb70%\u00bb max_width_last_edited=\u00bboff|phone\u00bb module_alignment=\u00bbleft\u00bb header_2_font_size_tablet=\u00bb40px\u00bb header_2_font_size_phone=\u00bb26px\u00bb header_2_font_size_last_edited=\u00bbon|phone\u00bb header_3_font_size_phone=\u00bb10px\u00bb header_3_font_size_last_edited=\u00bboff|desktop\u00bb module_alignment_last_edited=\u00bboff|desktop\u00bb global_colors_info=\u00bb{}\u00bb]<\/p>\n<h3>Biograf\u00eda<\/h3>\n<p>[\/et_pb_text][\/et_pb_column][\/et_pb_row][et_pb_row _builder_version=\u00bb4.16&#8243; global_colors_info=\u00bb{}\u00bb][et_pb_column type=\u00bb4_4&#8243; _builder_version=\u00bb4.16&#8243; custom_padding=\u00bb|||\u00bb global_colors_info=\u00bb{}\u00bb custom_padding__hover=\u00bb|||\u00bb][et_pb_text ul_position=\u00bbinside\u00bb _builder_version=\u00bb4.24.2&#8243; text_font=\u00bb||||||||\u00bb ul_font=\u00bb||||||||\u00bb header_font=\u00bb|700|||||||\u00bb header_font_size=\u00bb20px\u00bb header_line_height=\u00bb1.3em\u00bb header_3_font=\u00bb|700|||||||\u00bb header_3_font_size=\u00bb14px\u00bb header_3_line_height=\u00bb1.3em\u00bb header_4_font=\u00bb|700|||||||\u00bb header_4_font_size=\u00bb14px\u00bb header_4_line_height=\u00bb1.3em\u00bb locked=\u00bboff\u00bb global_colors_info=\u00bb{}\u00bb]<\/p>\n<p>Victoria Ocampo, una figura emblem\u00e1tica en la historia cultural argentina, naci\u00f3 en el seno de una familia aristocr\u00e1tica de Buenos Aires. Su linaje ten\u00eda lazos con la historia del pa\u00eds, ya que su bisabuelo hab\u00eda sido part\u00edcipe de la Revoluci\u00f3n de mayo de 1810 y manten\u00eda una amistad cercana con Domingo Faustino Sarmiento.<\/p>\n<p>En 1896, la familia emprendi\u00f3 un viaje a Europa que dejar\u00eda una marca indeleble en el esp\u00edritu inquieto de Victoria. Durante un a\u00f1o, recorrieron ciudades como Par\u00eds, Londres, Ginebra y Roma, sumergi\u00e9ndose en la riqueza cultural y art\u00edstica del continente. Este per\u00edodo despert\u00f3 en ella un profundo inter\u00e9s por la literatura y el arte, sentando las bases de su futura carrera como escritora e intelectual.<\/p>\n<p>En 1912, contrae matrimonio con Luis Bernardo de Estrada y juntos realizan un viaje de luna de miel a Europa. Sin embargo, la relaci\u00f3n pronto enfrenta dificultades y al regresar a Buenos Aires en 1914, la pareja se separa de hecho. Este per\u00edodo marc\u00f3 un momento de introspecci\u00f3n para Victoria, quien comenz\u00f3 a explorar su propia identidad y a forjar su camino en el mundo de las letras.<\/p>\n<p>El a\u00f1o 1920 marca un hito en la carrera de Victoria Ocampo con la publicaci\u00f3n de su primera nota para el prestigioso diario La Naci\u00f3n, titulada \u00abBabel\u00bb. En 1924, su amigo Jos\u00e9 Ortega publica su primer libro, \u00abDe Francesca a Beatrice\u00bb, consolidando su posici\u00f3n como escritora y ensayista. Desde entonces, continu\u00f3 contribuyendo con art\u00edculos para La Naci\u00f3n y en 1925 particip\u00f3 en la obra \u00abEl rey David\u00bb de Arthur Honegger, donde destac\u00f3 por su talento como recitante.<\/p>\n<p>El 1 de enero de 1931, Victoria Ocampo funda la revista Sur, que r\u00e1pidamente se convierte en un referente cultural tanto en Argentina como en el \u00e1mbito hispanoamericano, europeo y estadounidense. Su visi\u00f3n de Sur como un puente entre diferentes culturas y corrientes intelectuales la llev\u00f3 a establecer conexiones profundas y duraderas en el mundo de las letras.<\/p>\n<p>Adem\u00e1s de su destacada labor como escritora e intelectual, Victoria Ocampo tambi\u00e9n incursion\u00f3 en la gesti\u00f3n cultural. En 1930, fue designada presidenta del Teatro Col\u00f3n, una de las instituciones m\u00e1s importantes de la escena cultural argentina. En 1936, fund\u00f3 la Uni\u00f3n Argentina de Mujeres (UAM), donde desempe\u00f1\u00f3 un papel fundamental en la lucha por los derechos de las mujeres en el pa\u00eds.<\/p>\n<p>Su compromiso con las artes y la cultura la llev\u00f3 a ser designada presidenta del Fondo Nacional de las Artes en 1958, y en 1962 recibi\u00f3 el t\u00edtulo de Comendadora de la Orden de las Artes y las Letras de Francia, en reconocimiento a su contribuci\u00f3n al mundo cultural. En 1977, hizo historia al convertirse en la primera mujer elegida miembro de la Academia Argentina de Letras, un logro que destac\u00f3 su influencia y prestigio en el \u00e1mbito literario nacional.<\/p>\n<p>Victoria Ocampo falleci\u00f3 a causa de una enfermedad, dejando tras de s\u00ed un legado imborrable en la cultura argentina y un ejemplo de dedicaci\u00f3n y compromiso con las letras y las artes.<\/p>\n<p>[\/et_pb_text][\/et_pb_column][\/et_pb_row][\/et_pb_section]<\/p>\n","protected":false},"excerpt":{"rendered":"<p>Victoria Ocampo Escritora, \u200bintelectual, ensayista, traductora, editora y mecenas &#8211; Ciudad de Buenos Aires, Argentina, 7 de abril de 1890 \u2013 Beccar,\u200b Buenos Aires, Argentina, 27 de enero de 1979 Ramona Victoria Epifan\u00eda Rufina Ocampo, conocida como Victoria Ocampo, fue una destacada escritora, intelectual, ensayista, traductora, editora, fil\u00e1ntropa y mecenas argentina. Nacida el 7 de [&hellip;]<\/p>\n","protected":false},"author":1,"featured_media":0,"parent":0,"menu_order":0,"comment_status":"closed","ping_status":"closed","template":"","meta":{"_et_pb_use_builder":"on","_et_pb_old_content":"","_et_gb_content_width":"","footnotes":""},"class_list":["post-444","page","type-page","status-publish","hentry"],"_links":{"self":[{"href":"https:\/\/salondelasmujeres.ar\/index.php?rest_route=\/wp\/v2\/pages\/444","targetHints":{"allow":["GET"]}}],"collection":[{"href":"https:\/\/salondelasmujeres.ar\/index.php?rest_route=\/wp\/v2\/pages"}],"about":[{"href":"https:\/\/salondelasmujeres.ar\/index.php?rest_route=\/wp\/v2\/types\/page"}],"author":[{"embeddable":true,"href":"https:\/\/salondelasmujeres.ar\/index.php?rest_route=\/wp\/v2\/users\/1"}],"replies":[{"embeddable":true,"href":"https:\/\/salondelasmujeres.ar\/index.php?rest_route=%2Fwp%2Fv2%2Fcomments&post=444"}],"version-history":[{"count":18,"href":"https:\/\/salondelasmujeres.ar\/index.php?rest_route=\/wp\/v2\/pages\/444\/revisions"}],"predecessor-version":[{"id":941,"href":"https:\/\/salondelasmujeres.ar\/index.php?rest_route=\/wp\/v2\/pages\/444\/revisions\/941"}],"wp:attachment":[{"href":"https:\/\/salondelasmujeres.ar\/index.php?rest_route=%2Fwp%2Fv2%2Fmedia&parent=444"}],"curies":[{"name":"wp","href":"https:\/\/api.w.org\/{rel}","templated":true}]}}