{"id":372,"date":"2024-03-21T17:56:14","date_gmt":"2024-03-21T20:56:14","guid":{"rendered":"https:\/\/salondelasmujeres.ar\/?page_id=372"},"modified":"2024-03-26T23:24:05","modified_gmt":"2024-03-27T02:24:05","slug":"cecilia-grierson","status":"publish","type":"page","link":"https:\/\/salondelasmujeres.ar\/?page_id=372","title":{"rendered":"Cecilia Grierson"},"content":{"rendered":"<p>[et_pb_section fb_built=\u00bb1&#8243; custom_padding_last_edited=\u00bboff|desktop\u00bb admin_label=\u00bbHeader\u00bb _builder_version=\u00bb4.16&#8243; background_color_gradient_direction=\u00bb188deg\u00bb background_image=\u00bbhttps:\/\/salondelasmujeres.ar\/wp-content\/uploads\/2024\/03\/art-gallery-55.jpg\u00bb background_size=\u00bbinitial\u00bb background_repeat=\u00bbrepeat\u00bb width=\u00bb100%\u00bb custom_padding_tablet=\u00bb5vw||5vw||true\u00bb global_colors_info=\u00bb{}\u00bb][et_pb_row custom_padding_last_edited=\u00bboff|phone\u00bb _builder_version=\u00bb4.16&#8243; background_position=\u00bbbottom_center\u00bb custom_padding_tablet=\u00bb17vw||17vw||false\u00bb use_custom_width=\u00bbon\u00bb width_unit=\u00bboff\u00bb custom_width_percent=\u00bb100%\u00bb locked=\u00bboff\u00bb global_colors_info=\u00bb{}\u00bb][et_pb_column type=\u00bb4_4&#8243; _builder_version=\u00bb4.16&#8243; custom_padding=\u00bb|||\u00bb global_colors_info=\u00bb{}\u00bb custom_padding__hover=\u00bb|||\u00bb][et_pb_text _builder_version=\u00bb4.24.2&#8243; text_font=\u00bb||||||||\u00bb header_font=\u00bb||||||||\u00bb header_2_font=\u00bbPrata|500|||||||\u00bb header_2_text_align=\u00bbleft\u00bb header_2_font_size=\u00bb56px\u00bb header_2_line_height=\u00bb1.3em\u00bb header_4_font=\u00bb|700|||||||\u00bb header_4_font_size=\u00bb16px\u00bb header_4_line_height=\u00bb1.2em\u00bb transform_translate_linked=\u00bboff\u00bb max_width=\u00bb700px\u00bb max_width_tablet=\u00bb70%\u00bb max_width_last_edited=\u00bboff|phone\u00bb header_2_font_size_tablet=\u00bb40px\u00bb header_2_font_size_phone=\u00bb26px\u00bb header_2_font_size_last_edited=\u00bbon|desktop\u00bb global_colors_info=\u00bb{}\u00bb]<\/p>\n<h2>Cecilia Grierson<\/h2>\n<h4>Profesora, fil\u00e1ntropa y primera m\u00e9dica argentina &#8211; Buenos Aires, Argentina, 22 de noviembre\u200b de 1859 &#8211; Buenos Aires, Argentina, 10 de abril de 1934<\/h4>\n<p>Cecilia Grierson, la primera Doctora en Medicina de Argentina, fue mucho m\u00e1s que una m\u00e9dica pionera. Nacida en Buenos Aires en 1859, creci\u00f3 en Uruguay y enfrent\u00f3 desde joven las dificultades econ\u00f3micas de su familia inmigrante escocesa. A pesar de ello, se dedic\u00f3 a la ense\u00f1anza y luego, inspirada por la muerte de una amiga, persigui\u00f3 su sue\u00f1o de convertirse en m\u00e9dica. Aunque las barreras de g\u00e9nero eran enormes en su \u00e9poca, se gradu\u00f3 como obstetra y kinesi\u00f3loga, estableciendo una exitosa carrera en el campo de la medicina.<\/p>\n<p>Adem\u00e1s de su destacada labor m\u00e9dica, Grierson fue una defensora incansable de la educaci\u00f3n y los derechos de la mujer. Fund\u00f3 escuelas y particip\u00f3 activamente en la promoci\u00f3n de cambios legislativos para mejorar la situaci\u00f3n de las mujeres en Argentina. Su legado perdura a trav\u00e9s de numerosas publicaciones, el reconocimiento p\u00fablico a trav\u00e9s de calles y escuelas que llevan su nombre, as\u00ed como la preservaci\u00f3n de su hogar y su auto en museos, record\u00e1ndonos su inestimable contribuci\u00f3n a la sociedad argentina.<\/p>\n<p>[\/et_pb_text][\/et_pb_column][\/et_pb_row][\/et_pb_section][et_pb_section fb_built=\u00bb1&#8243; custom_padding_last_edited=\u00bboff|desktop\u00bb admin_label=\u00bbWork\u00bb _builder_version=\u00bb4.16&#8243; background_color_gradient_direction=\u00bb188deg\u00bb background_image=\u00bbhttps:\/\/salondelasmujeres.ar\/wp-content\/uploads\/2024\/03\/art-gallery-55.jpg\u00bb background_size=\u00bbinitial\u00bb background_repeat=\u00bbrepeat\u00bb width=\u00bb100%\u00bb custom_padding_tablet=\u00bb5vw||5vw||true\u00bb global_colors_info=\u00bb{}\u00bb][et_pb_row custom_padding_last_edited=\u00bboff|phone\u00bb _builder_version=\u00bb4.16&#8243; background_position=\u00bbbottom_center\u00bb custom_padding_tablet=\u00bb17vw||17vw||false\u00bb use_custom_width=\u00bbon\u00bb width_unit=\u00bboff\u00bb custom_width_percent=\u00bb100%\u00bb locked=\u00bboff\u00bb global_colors_info=\u00bb{}\u00bb][et_pb_column type=\u00bb4_4&#8243; _builder_version=\u00bb4.16&#8243; custom_padding=\u00bb|||\u00bb global_colors_info=\u00bb{}\u00bb custom_padding__hover=\u00bb|||\u00bb][et_pb_text _builder_version=\u00bb4.24.2&#8243; text_font=\u00bb||||||||\u00bb header_font=\u00bb||||||||\u00bb header_2_font=\u00bbPrata|500|||||||\u00bb header_2_font_size=\u00bb56px\u00bb header_2_line_height=\u00bb1.3em\u00bb header_3_font=\u00bb|700||on|||||\u00bb header_3_text_color=\u00bbrgba(0,0,0,0.35)\u00bb header_3_font_size=\u00bb12px\u00bb header_3_letter_spacing=\u00bb5px\u00bb header_3_line_height=\u00bb2em\u00bb transform_translate_linked=\u00bboff\u00bb text_orientation=\u00bbcenter\u00bb max_width=\u00bb700px\u00bb max_width_tablet=\u00bb70%\u00bb max_width_last_edited=\u00bboff|phone\u00bb module_alignment=\u00bbcenter\u00bb header_2_font_size_tablet=\u00bb40px\u00bb header_2_font_size_phone=\u00bb26px\u00bb header_2_font_size_last_edited=\u00bbon|phone\u00bb header_3_font_size_phone=\u00bb10px\u00bb header_3_font_size_last_edited=\u00bboff|desktop\u00bb module_alignment_last_edited=\u00bboff|desktop\u00bb text_text_align=\u00bbcenter\u00bb global_colors_info=\u00bb{}\u00bb]<\/p>\n<h3>Un recorrido a trav\u00e9s de<\/h3>\n<h2>Im\u00e1genes y Momentos<\/h2>\n<p>[\/et_pb_text][\/et_pb_column][\/et_pb_row][et_pb_row column_structure=\u00bb1_3,1_3,1_3&#8243; _builder_version=\u00bb4.16&#8243; global_colors_info=\u00bb{}\u00bb][et_pb_column type=\u00bb1_3&#8243; _builder_version=\u00bb4.16&#8243; custom_padding=\u00bb|||\u00bb global_colors_info=\u00bb{}\u00bb custom_padding__hover=\u00bb|||\u00bb][et_pb_image src=\u00bbhttps:\/\/salondelasmujeres.ar\/wp-content\/uploads\/2024\/03\/Cecilia-Grierson_06.jpg\u00bb title_text=\u00bbCecilia Grierson_06&#8243; align=\u00bbcenter\u00bb _builder_version=\u00bb4.24.2&#8243; hover_enabled=\u00bb0&#8243; global_colors_info=\u00bb{}\u00bb sticky_enabled=\u00bb0&#8243;][\/et_pb_image][et_pb_text ul_position=\u00bbinside\u00bb _builder_version=\u00bb4.24.2&#8243; text_font=\u00bb||||||||\u00bb ul_font=\u00bb||||||||\u00bb header_font=\u00bb|700|||||||\u00bb header_font_size=\u00bb20px\u00bb header_line_height=\u00bb1.3em\u00bb header_3_font=\u00bb|700|||||||\u00bb header_3_font_size=\u00bb14px\u00bb header_3_line_height=\u00bb1.3em\u00bb text_orientation=\u00bbcenter\u00bb hover_enabled=\u00bb0&#8243; text_text_align=\u00bbcenter\u00bb locked=\u00bboff\u00bb global_colors_info=\u00bb{}\u00bb sticky_enabled=\u00bb0&#8243;]<\/p>\n<h3>Cecilia Grierson<\/h3>\n<p>Sus primeros a\u00f1os de estudiante. \u00abConfieso que durante mi ni\u00f1ez fui ap\u00e1tica e in\u00addolente, pero amiga de contemplar la naturaleza y las plantas; los p\u00e1jaros me atra\u00edan, as\u00ed como el cabalgar por esas soledades; y (\u2026) gozaba en general de una independencia poco com\u00fan en aquellos tiempos\u2026\u00bb De su libro: <em>Su vida y su obra<\/em>, Buenos Aires, Tragant, 1916, p\u00e1gs. 43-75.<\/p>\n<p>[\/et_pb_text][\/et_pb_column][et_pb_column type=\u00bb1_3&#8243; _builder_version=\u00bb4.16&#8243; custom_padding=\u00bb|||\u00bb global_colors_info=\u00bb{}\u00bb custom_padding__hover=\u00bb|||\u00bb][et_pb_image src=\u00bbhttps:\/\/salondelasmujeres.ar\/wp-content\/uploads\/2024\/03\/Cecilia-Grierson_01.jpg\u00bb title_text=\u00bbCecilia Grierson_01&#8243; align=\u00bbcenter\u00bb _builder_version=\u00bb4.24.2&#8243; global_colors_info=\u00bb{}\u00bb][\/et_pb_image][et_pb_text ul_position=\u00bbinside\u00bb _builder_version=\u00bb4.24.2&#8243; text_font=\u00bb||||||||\u00bb ul_font=\u00bb||||||||\u00bb header_font=\u00bb|700|||||||\u00bb header_font_size=\u00bb20px\u00bb header_line_height=\u00bb1.3em\u00bb header_3_font=\u00bb|700|||||||\u00bb header_3_font_size=\u00bb14px\u00bb header_3_line_height=\u00bb1.3em\u00bb text_orientation=\u00bbcenter\u00bb hover_enabled=\u00bb0&#8243; text_text_align=\u00bbcenter\u00bb locked=\u00bboff\u00bb global_colors_info=\u00bb{}\u00bb sticky_enabled=\u00bb0&#8243;]<\/p>\n<h3>Cecilia Grierson.<\/h3>\n<p>Primera m\u00e9dica graduada en la Facultad de Medicina de la UBA. \u00abExtensa fue mi labor de los a\u00f1os de estudiante; recuerdo que cuando estudiaba tercer a\u00f1o de me\u00addicina, trabajaba fuera de mis estudios, ocho ho\u00adras diarias para ganar el pan de cada d\u00eda. S\u00f3lo una constituci\u00f3n de hierro, como fue la m\u00eda, pudo resistir semejante trabajo.\u00bb De su libro: <em>Su vida y su obra<\/em>, Buenos Aires, Tragant, 1916.<\/p>\n<p>[\/et_pb_text][\/et_pb_column][et_pb_column type=\u00bb1_3&#8243; _builder_version=\u00bb4.16&#8243; custom_padding=\u00bb|||\u00bb global_colors_info=\u00bb{}\u00bb custom_padding__hover=\u00bb|||\u00bb][et_pb_image src=\u00bbhttps:\/\/salondelasmujeres.ar\/wp-content\/uploads\/2024\/03\/Cecilia-Grierson_03.jpg\u00bb title_text=\u00bbCecilia Grierson_03&#8243; align=\u00bbcenter\u00bb _builder_version=\u00bb4.24.2&#8243; global_colors_info=\u00bb{}\u00bb][\/et_pb_image][et_pb_text ul_position=\u00bbinside\u00bb _builder_version=\u00bb4.24.2&#8243; text_font=\u00bb||||||||\u00bb ul_font=\u00bb||||||||\u00bb header_font=\u00bb|700|||||||\u00bb header_font_size=\u00bb20px\u00bb header_line_height=\u00bb1.3em\u00bb header_3_font=\u00bb|700|||||||\u00bb header_3_font_size=\u00bb14px\u00bb header_3_line_height=\u00bb1.3em\u00bb text_orientation=\u00bbcenter\u00bb hover_enabled=\u00bb0&#8243; text_text_align=\u00bbcenter\u00bb locked=\u00bboff\u00bb global_colors_info=\u00bb{}\u00bb sticky_enabled=\u00bb0&#8243;]<\/p>\n<h3>Cecilia Grierson<\/h3>\n<p>\u00abPara realizar mi aspiraci\u00f3n de ser m\u00e9dica, re\u00adnunci\u00e9 al puesto en la Escuela Normal y obtuve una escuela nocturna de adultas, pues jam\u00e1s pen\u00ads\u00e9 en olvidar mis sagrados deberes de sostener y educar a nuestra numerosa familia de hermanos menores.\u00bb\u00a0 (\u2026) Doctora Cecilia Grierson. De su libro: <em>Su vida y su obra<\/em>, Buenos Aires, Tragant, 1916.\u00a0Fotograf\u00eda a\u00f1o 1910<\/p>\n<p>[\/et_pb_text][\/et_pb_column][\/et_pb_row][et_pb_row column_structure=\u00bb1_3,1_3,1_3&#8243; _builder_version=\u00bb4.16&#8243; global_colors_info=\u00bb{}\u00bb][et_pb_column type=\u00bb1_3&#8243; _builder_version=\u00bb4.16&#8243; custom_padding=\u00bb|||\u00bb global_colors_info=\u00bb{}\u00bb custom_padding__hover=\u00bb|||\u00bb][et_pb_image src=\u00bbhttps:\/\/salondelasmujeres.ar\/wp-content\/uploads\/2024\/03\/Cecilia-Grierson_05.jpg\u00bb title_text=\u00bbCecilia Grierson_05&#8243; align=\u00bbcenter\u00bb _builder_version=\u00bb4.24.2&#8243; global_colors_info=\u00bb{}\u00bb][\/et_pb_image][et_pb_text ul_position=\u00bbinside\u00bb _builder_version=\u00bb4.24.2&#8243; text_font=\u00bb||||||||\u00bb ul_font=\u00bb||||||||\u00bb header_font=\u00bb|700|||||||\u00bb header_font_size=\u00bb20px\u00bb header_line_height=\u00bb1.3em\u00bb header_3_font=\u00bb|700|||||||\u00bb header_3_font_size=\u00bb14px\u00bb header_3_line_height=\u00bb1.3em\u00bb text_orientation=\u00bbcenter\u00bb hover_enabled=\u00bb0&#8243; text_text_align=\u00bbcenter\u00bb locked=\u00bboff\u00bb global_colors_info=\u00bb{}\u00bb sticky_enabled=\u00bb0&#8243;]<\/p>\n<h3>Cecilia Grierson junto a otros docentes.<\/h3>\n<p>Durante un examen en la Facultad de Medicina de la Universidad de Buenos Aires en 1909. \u00abAlgunas peque\u00f1as iniciativas han sido incorporadas a nuestras costumbres, con gran alegr\u00eda m\u00eda; tal como el repartir juguetes a los ni\u00f1os en las salas de hospitales y ponerles a la vista cuadros alegres y art\u00edsticos\u2026 (\u2026)\u00bb. De su libro: <em>Su vida y su obra<\/em>, Buenos Aires, Tragant, 1916.<\/p>\n<p>[\/et_pb_text][\/et_pb_column][et_pb_column type=\u00bb1_3&#8243; _builder_version=\u00bb4.16&#8243; custom_padding=\u00bb|||\u00bb global_colors_info=\u00bb{}\u00bb custom_padding__hover=\u00bb|||\u00bb][et_pb_image src=\u00bbhttps:\/\/salondelasmujeres.ar\/wp-content\/uploads\/2024\/03\/Cecilia-Grierson_04.jpg\u00bb title_text=\u00bbCecilia Grierson_04&#8243; align=\u00bbcenter\u00bb _builder_version=\u00bb4.24.2&#8243; global_colors_info=\u00bb{}\u00bb][\/et_pb_image][et_pb_text ul_position=\u00bbinside\u00bb _builder_version=\u00bb4.24.2&#8243; text_font=\u00bb||||||||\u00bb ul_font=\u00bb||||||||\u00bb header_font=\u00bb|700|||||||\u00bb header_font_size=\u00bb20px\u00bb header_line_height=\u00bb1.3em\u00bb header_3_font=\u00bb|700|||||||\u00bb header_3_font_size=\u00bb14px\u00bb header_3_line_height=\u00bb1.3em\u00bb text_orientation=\u00bbcenter\u00bb hover_enabled=\u00bb0&#8243; text_text_align=\u00bbcenter\u00bb locked=\u00bboff\u00bb global_colors_info=\u00bb{}\u00bb sticky_enabled=\u00bb0&#8243;]<\/p>\n<h3>Cecilia Grierson<\/h3>\n<p>A los 70 a\u00f1os. \u00abNunca he pose\u00eddo el arte de pedir, ni de retener lo mucho que personalmente he ganado, y hoy d\u00eda, si no fuera por allegados cari\u00f1osos que manejan mi haber, probablemente estar\u00eda en una situaci\u00f3n insolvente. (\u2026). De su libro: <em>Su vida y su obra<\/em>, Buenos Aires, Tragant, 1916.<\/p>\n<p>[\/et_pb_text][\/et_pb_column][et_pb_column type=\u00bb1_3&#8243; _builder_version=\u00bb4.16&#8243; custom_padding=\u00bb|||\u00bb global_colors_info=\u00bb{}\u00bb custom_padding__hover=\u00bb|||\u00bb][et_pb_image src=\u00bbhttps:\/\/salondelasmujeres.ar\/wp-content\/uploads\/2024\/03\/Cecilia-Grierson_02.jpg\u00bb title_text=\u00bbCecilia Grierson_02&#8243; align=\u00bbcenter\u00bb _builder_version=\u00bb4.24.2&#8243; global_colors_info=\u00bb{}\u00bb][\/et_pb_image][et_pb_text ul_position=\u00bbinside\u00bb _builder_version=\u00bb4.24.2&#8243; text_font=\u00bb||||||||\u00bb ul_font=\u00bb||||||||\u00bb header_font=\u00bb|700|||||||\u00bb header_font_size=\u00bb20px\u00bb header_line_height=\u00bb1.3em\u00bb header_3_font=\u00bb|700|||||||\u00bb header_3_font_size=\u00bb14px\u00bb header_3_line_height=\u00bb1.3em\u00bb text_orientation=\u00bbcenter\u00bb hover_enabled=\u00bb0&#8243; text_text_align=\u00bbcenter\u00bb locked=\u00bboff\u00bb global_colors_info=\u00bb{}\u00bb sticky_enabled=\u00bb0&#8243;]<\/p>\n<h3>Escuela de Enfermeras del C\u00edrculo M\u00e9dico Argentino.<\/h3>\n<p><span>\u00abPara que mis alumnas pudieran tener un texto, escrib\u00ed el folleto: <\/span><em>Gu\u00eda de la Enfermera<\/em><span>, y publiqu\u00e9\u00a0<\/span><em>Primeros auxilios en casos de\u00a0<\/em><em>accidentes\u2026\u00a0<\/em><span>M\u00e1s tarde, en 1897, publiqu\u00e9 el texto\u00a0<\/span><em>Masaje Pr\u00e1ctico<\/em><span> a beneficio de la asociaci\u00f3n de enferme\u00adras y masajistas que acababa de constituir. (\u2026)\u00bb<\/span> De su libro: <em>Su vida y su obra<\/em>, Buenos Aires, Tragant, 1916. Fotograf\u00eda Circa 1909. Archivo General de la Naci\u00f3n.<\/p>\n<p>[\/et_pb_text][\/et_pb_column][\/et_pb_row][\/et_pb_section][et_pb_section fb_built=\u00bb1&#8243; admin_label=\u00bbResume\u00bb _builder_version=\u00bb4.16&#8243; background_image=\u00bbhttps:\/\/salondelasmujeres.ar\/wp-content\/uploads\/2024\/03\/art-gallery-55.jpg\u00bb background_size=\u00bbinitial\u00bb background_repeat=\u00bbrepeat\u00bb global_colors_info=\u00bb{}\u00bb][et_pb_row custom_padding_last_edited=\u00bboff|phone\u00bb _builder_version=\u00bb4.16&#8243; background_position=\u00bbbottom_center\u00bb custom_padding_tablet=\u00bb17vw||17vw||false\u00bb use_custom_width=\u00bbon\u00bb width_unit=\u00bboff\u00bb custom_width_percent=\u00bb100%\u00bb locked=\u00bboff\u00bb global_colors_info=\u00bb{}\u00bb][et_pb_column type=\u00bb4_4&#8243; _builder_version=\u00bb4.16&#8243; custom_padding=\u00bb|||\u00bb global_colors_info=\u00bb{}\u00bb custom_padding__hover=\u00bb|||\u00bb][et_pb_text _builder_version=\u00bb4.24.2&#8243; text_font=\u00bb||||||||\u00bb header_font=\u00bb||||||||\u00bb header_2_font=\u00bbPrata|500|||||||\u00bb header_2_font_size=\u00bb56px\u00bb header_2_line_height=\u00bb1.3em\u00bb header_3_font=\u00bb|700||on|||||\u00bb header_3_text_color=\u00bbrgba(0,0,0,0.35)\u00bb header_3_font_size=\u00bb12px\u00bb header_3_letter_spacing=\u00bb5px\u00bb header_3_line_height=\u00bb2em\u00bb transform_translate_linked=\u00bboff\u00bb max_width=\u00bb700px\u00bb max_width_tablet=\u00bb70%\u00bb max_width_last_edited=\u00bboff|phone\u00bb module_alignment=\u00bbleft\u00bb header_2_font_size_tablet=\u00bb40px\u00bb header_2_font_size_phone=\u00bb26px\u00bb header_2_font_size_last_edited=\u00bbon|phone\u00bb header_3_font_size_phone=\u00bb10px\u00bb header_3_font_size_last_edited=\u00bboff|desktop\u00bb module_alignment_last_edited=\u00bboff|desktop\u00bb global_colors_info=\u00bb{}\u00bb]<\/p>\n<h3>Biograf\u00eda<\/h3>\n<p>[\/et_pb_text][\/et_pb_column][\/et_pb_row][et_pb_row _builder_version=\u00bb4.16&#8243; global_colors_info=\u00bb{}\u00bb][et_pb_column type=\u00bb4_4&#8243; _builder_version=\u00bb4.16&#8243; custom_padding=\u00bb|||\u00bb global_colors_info=\u00bb{}\u00bb custom_padding__hover=\u00bb|||\u00bb][et_pb_text ul_position=\u00bbinside\u00bb _builder_version=\u00bb4.24.2&#8243; text_font=\u00bb||||||||\u00bb ul_font=\u00bb||||||||\u00bb header_font=\u00bb|700|||||||\u00bb header_font_size=\u00bb20px\u00bb header_line_height=\u00bb1.3em\u00bb header_3_font=\u00bb|700|||||||\u00bb header_3_font_size=\u00bb14px\u00bb header_3_line_height=\u00bb1.3em\u00bb header_4_font=\u00bb|700|||||||\u00bb header_4_font_size=\u00bb14px\u00bb header_4_line_height=\u00bb1.3em\u00bb locked=\u00bboff\u00bb global_colors_info=\u00bb{}\u00bb]<\/p>\n<p>Cecilia Grierson, la primera Doctora en Medicina de Argentina, naci\u00f3 en Buenos Aires en 1859, siendo hija de inmigrantes escoceses e irlandeses. Su infancia transcurri\u00f3 en los campos de su familia en Uruguay y Entre R\u00edos, donde desde joven mostr\u00f3 un inter\u00e9s por la ense\u00f1anza. A los 14 a\u00f1os, comenz\u00f3 a ejercer como maestra en una escuela establecida en la estancia de su fallecido padre, contribuyendo as\u00ed al sustento de su familia. M\u00e1s tarde, se form\u00f3 como maestra en la Escuela Normal de Se\u00f1oritas y fue nombrada docente por Domingo F. Sarmiento, marcando el inicio de su compromiso con la educaci\u00f3n.<\/p>\n<p>El destino de Grierson dio un giro tras la enfermedad y muerte de una amiga, despertando en ella una vocaci\u00f3n por la medicina. A pesar de las barreras de g\u00e9nero de la \u00e9poca, ingres\u00f3 a la Facultad de Ciencias M\u00e9dicas en 1883 y se gradu\u00f3 como m\u00e9dica en 1889. Durante su carrera, enfrent\u00f3 la discriminaci\u00f3n de profesores y compa\u00f1eros, pero persever\u00f3 y se convirti\u00f3 en la primera mujer en obtener el t\u00edtulo de M\u00e9dico en Argentina. Fund\u00f3 la primera Escuela de Enfermeras de Am\u00e9rica Latina y contribuy\u00f3 al desarrollo de la obstetricia y la kinesiolog\u00eda en el pa\u00eds.<\/p>\n<p>Adem\u00e1s de su destacada labor m\u00e9dica, Grierson fue una defensora de los derechos de la mujer y la educaci\u00f3n. Su legado perdurable se refleja en calles, escuelas y reconocimientos p\u00fablicos en su honor en toda Argentina. Desde una vacuna contra el COVID-19 que lleva su nombre hasta una estaci\u00f3n de ferrocarril, su incansable trabajo y su impacto en la sociedad argentina contin\u00faan siendo recordados y celebrados hasta el d\u00eda de hoy.<\/p>\n<p>[\/et_pb_text][\/et_pb_column][\/et_pb_row][\/et_pb_section]<\/p>\n","protected":false},"excerpt":{"rendered":"<p>Cecilia Grierson Profesora, fil\u00e1ntropa y primera m\u00e9dica argentina &#8211; Buenos Aires, Argentina, 22 de noviembre\u200b de 1859 &#8211; Buenos Aires, Argentina, 10 de abril de 1934 Cecilia Grierson, la primera Doctora en Medicina de Argentina, fue mucho m\u00e1s que una m\u00e9dica pionera. Nacida en Buenos Aires en 1859, creci\u00f3 en Uruguay y enfrent\u00f3 desde joven [&hellip;]<\/p>\n","protected":false},"author":1,"featured_media":0,"parent":0,"menu_order":0,"comment_status":"closed","ping_status":"closed","template":"","meta":{"_et_pb_use_builder":"on","_et_pb_old_content":"","_et_gb_content_width":"","footnotes":""},"class_list":["post-372","page","type-page","status-publish","hentry"],"_links":{"self":[{"href":"https:\/\/salondelasmujeres.ar\/index.php?rest_route=\/wp\/v2\/pages\/372","targetHints":{"allow":["GET"]}}],"collection":[{"href":"https:\/\/salondelasmujeres.ar\/index.php?rest_route=\/wp\/v2\/pages"}],"about":[{"href":"https:\/\/salondelasmujeres.ar\/index.php?rest_route=\/wp\/v2\/types\/page"}],"author":[{"embeddable":true,"href":"https:\/\/salondelasmujeres.ar\/index.php?rest_route=\/wp\/v2\/users\/1"}],"replies":[{"embeddable":true,"href":"https:\/\/salondelasmujeres.ar\/index.php?rest_route=%2Fwp%2Fv2%2Fcomments&post=372"}],"version-history":[{"count":20,"href":"https:\/\/salondelasmujeres.ar\/index.php?rest_route=\/wp\/v2\/pages\/372\/revisions"}],"predecessor-version":[{"id":921,"href":"https:\/\/salondelasmujeres.ar\/index.php?rest_route=\/wp\/v2\/pages\/372\/revisions\/921"}],"wp:attachment":[{"href":"https:\/\/salondelasmujeres.ar\/index.php?rest_route=%2Fwp%2Fv2%2Fmedia&parent=372"}],"curies":[{"name":"wp","href":"https:\/\/api.w.org\/{rel}","templated":true}]}}