{"id":350,"date":"2024-03-21T16:16:28","date_gmt":"2024-03-21T19:16:28","guid":{"rendered":"https:\/\/salondelasmujeres.ar\/?page_id=350"},"modified":"2024-03-26T21:42:08","modified_gmt":"2024-03-27T00:42:08","slug":"alfonsina-storni","status":"publish","type":"page","link":"https:\/\/salondelasmujeres.ar\/?page_id=350","title":{"rendered":"Alfonsina Storni"},"content":{"rendered":"<p>[et_pb_section fb_built=\u00bb1&#8243; custom_padding_last_edited=\u00bboff|desktop\u00bb admin_label=\u00bbHeader\u00bb _builder_version=\u00bb4.16&#8243; background_color_gradient_direction=\u00bb188deg\u00bb background_image=\u00bbhttps:\/\/salondelasmujeres.ar\/wp-content\/uploads\/2024\/03\/art-gallery-55.jpg\u00bb background_size=\u00bbinitial\u00bb background_repeat=\u00bbrepeat\u00bb width=\u00bb100%\u00bb custom_padding_tablet=\u00bb5vw||5vw||true\u00bb global_colors_info=\u00bb{}\u00bb][et_pb_row custom_padding_last_edited=\u00bboff|phone\u00bb _builder_version=\u00bb4.16&#8243; background_position=\u00bbbottom_center\u00bb custom_padding_tablet=\u00bb17vw||17vw||false\u00bb use_custom_width=\u00bbon\u00bb width_unit=\u00bboff\u00bb custom_width_percent=\u00bb100%\u00bb locked=\u00bboff\u00bb global_colors_info=\u00bb{}\u00bb][et_pb_column type=\u00bb4_4&#8243; _builder_version=\u00bb4.16&#8243; custom_padding=\u00bb|||\u00bb global_colors_info=\u00bb{}\u00bb custom_padding__hover=\u00bb|||\u00bb][et_pb_text _builder_version=\u00bb4.24.2&#8243; text_font=\u00bb||||||||\u00bb header_font=\u00bb||||||||\u00bb header_2_font=\u00bbPrata|500|||||||\u00bb header_2_text_align=\u00bbleft\u00bb header_2_font_size=\u00bb56px\u00bb header_2_line_height=\u00bb1.3em\u00bb header_4_font=\u00bb|700|||||||\u00bb header_4_font_size=\u00bb16px\u00bb header_4_line_height=\u00bb1.2em\u00bb transform_translate_linked=\u00bboff\u00bb max_width=\u00bb700px\u00bb max_width_tablet=\u00bb70%\u00bb max_width_last_edited=\u00bboff|phone\u00bb header_2_font_size_tablet=\u00bb40px\u00bb header_2_font_size_phone=\u00bb26px\u00bb header_2_font_size_last_edited=\u00bbon|desktop\u00bb global_colors_info=\u00bb{}\u00bb]<\/p>\n<h2>Alfonsina Storni<\/h2>\n<h4>Poetisa y escritora &#8211; Capriasca, Suiza, 29 de mayo de 1892 &#8211; Mar del Plata, Buenos Aires, Argentina, 25 de octubre de 1938<\/h4>\n<p>Alfonsina Storni fue una destacada poetisa y escritora argentina asociada al modernismo. Nacida en Capriasca en 1892, pas\u00f3 su infancia en San Juan y luego se traslad\u00f3 a Rosario, donde su madre fund\u00f3 una escuela y su padre estableci\u00f3 un caf\u00e9. Tras trabajar como camarera en el negocio familiar y descontenta con este empleo, se independiz\u00f3 y se dedic\u00f3 al teatro, realizando giras por diversas provincias.<\/p>\n<p>Durante su carrera, Storni ejerci\u00f3 como maestra y escribi\u00f3 poes\u00eda y obras de teatro. Su estilo literario, feminista y original, ha sido elogiado por su contribuci\u00f3n al cambio en la literatura latinoamericana. En su poes\u00eda, abord\u00f3 temas como la enfermedad, la muerte y el feminismo, utilizando recursos vanguardistas como el antisoneto.<\/p>\n<p>Diagnosticada con c\u00e1ncer de mama, Storni se someti\u00f3 a una operaci\u00f3n y posteriormente a un estudio quirol\u00f3gico incorrecto, lo que la sumi\u00f3 en una profunda depresi\u00f3n. Finalmente, se suicid\u00f3 arroj\u00e1ndose al mar en Mar del Plata. Su tr\u00e1gica muerte inspir\u00f3 la famosa canci\u00f3n \u00abAlfonsina y el mar\u00bb. Sus restos descansan en el cementerio de la Chacarita en Buenos Aires.<\/p>\n<p>[\/et_pb_text][\/et_pb_column][\/et_pb_row][\/et_pb_section][et_pb_section fb_built=\u00bb1&#8243; custom_padding_last_edited=\u00bboff|desktop\u00bb admin_label=\u00bbWork\u00bb _builder_version=\u00bb4.16&#8243; background_color_gradient_direction=\u00bb188deg\u00bb background_image=\u00bbhttps:\/\/salondelasmujeres.ar\/wp-content\/uploads\/2024\/03\/art-gallery-55.jpg\u00bb background_size=\u00bbinitial\u00bb background_repeat=\u00bbrepeat\u00bb width=\u00bb100%\u00bb custom_padding_tablet=\u00bb5vw||5vw||true\u00bb global_colors_info=\u00bb{}\u00bb][et_pb_row custom_padding_last_edited=\u00bboff|phone\u00bb _builder_version=\u00bb4.16&#8243; background_position=\u00bbbottom_center\u00bb custom_padding_tablet=\u00bb17vw||17vw||false\u00bb use_custom_width=\u00bbon\u00bb width_unit=\u00bboff\u00bb custom_width_percent=\u00bb100%\u00bb locked=\u00bboff\u00bb global_colors_info=\u00bb{}\u00bb][et_pb_column type=\u00bb4_4&#8243; _builder_version=\u00bb4.16&#8243; custom_padding=\u00bb|||\u00bb global_colors_info=\u00bb{}\u00bb custom_padding__hover=\u00bb|||\u00bb][et_pb_text _builder_version=\u00bb4.24.2&#8243; text_font=\u00bb||||||||\u00bb header_font=\u00bb||||||||\u00bb header_2_font=\u00bbPrata|500|||||||\u00bb header_2_font_size=\u00bb56px\u00bb header_2_line_height=\u00bb1.3em\u00bb header_3_font=\u00bb|700||on|||||\u00bb header_3_text_color=\u00bbrgba(0,0,0,0.35)\u00bb header_3_font_size=\u00bb12px\u00bb header_3_letter_spacing=\u00bb5px\u00bb header_3_line_height=\u00bb2em\u00bb transform_translate_linked=\u00bboff\u00bb text_orientation=\u00bbcenter\u00bb max_width=\u00bb700px\u00bb max_width_tablet=\u00bb70%\u00bb max_width_last_edited=\u00bboff|phone\u00bb module_alignment=\u00bbcenter\u00bb header_2_font_size_tablet=\u00bb40px\u00bb header_2_font_size_phone=\u00bb26px\u00bb header_2_font_size_last_edited=\u00bbon|phone\u00bb header_3_font_size_phone=\u00bb10px\u00bb header_3_font_size_last_edited=\u00bboff|desktop\u00bb module_alignment_last_edited=\u00bboff|desktop\u00bb text_text_align=\u00bbcenter\u00bb global_colors_info=\u00bb{}\u00bb]<\/p>\n<h3>Un recorrido a trav\u00e9s de<\/h3>\n<h2>Im\u00e1genes y Momentos<\/h2>\n<p>[\/et_pb_text][\/et_pb_column][\/et_pb_row][et_pb_row column_structure=\u00bb1_3,1_3,1_3&#8243; _builder_version=\u00bb4.16&#8243; global_colors_info=\u00bb{}\u00bb][et_pb_column type=\u00bb1_3&#8243; _builder_version=\u00bb4.16&#8243; custom_padding=\u00bb|||\u00bb global_colors_info=\u00bb{}\u00bb custom_padding__hover=\u00bb|||\u00bb][et_pb_image src=\u00bbhttps:\/\/salondelasmujeres.ar\/wp-content\/uploads\/2024\/03\/Alfonsina-Storni_06.jpg\u00bb title_text=\u00bbAlfonsina Storni_06&#8243; align=\u00bbcenter\u00bb _builder_version=\u00bb4.24.2&#8243; global_colors_info=\u00bb{}\u00bb][\/et_pb_image][et_pb_text ul_position=\u00bbinside\u00bb _builder_version=\u00bb4.24.2&#8243; text_font=\u00bb||||||||\u00bb ul_font=\u00bb||||||||\u00bb header_font=\u00bb|700|||||||\u00bb header_font_size=\u00bb20px\u00bb header_line_height=\u00bb1.3em\u00bb header_3_font=\u00bb|700|||||||\u00bb header_3_font_size=\u00bb14px\u00bb header_3_line_height=\u00bb1.3em\u00bb text_orientation=\u00bbcenter\u00bb hover_enabled=\u00bb0&#8243; text_text_align=\u00bbcenter\u00bb locked=\u00bboff\u00bb global_colors_info=\u00bb{}\u00bb sticky_enabled=\u00bb0&#8243;]<\/p>\n<h3>Alfonsina Storni de ni\u00f1a<\/h3>\n<p>\u201cTienes un deseo: morir. Y una esperanza: no morir\u201d.<\/p>\n<p>Fotograf\u00eda del Archivo General de la Naci\u00f3n.<\/p>\n<p>[\/et_pb_text][\/et_pb_column][et_pb_column type=\u00bb1_3&#8243; _builder_version=\u00bb4.16&#8243; custom_padding=\u00bb|||\u00bb global_colors_info=\u00bb{}\u00bb custom_padding__hover=\u00bb|||\u00bb][et_pb_image src=\u00bbhttps:\/\/salondelasmujeres.ar\/wp-content\/uploads\/2024\/03\/Alfonsina-Storni_03.jpg\u00bb title_text=\u00bbAlfonsina Storni_03&#8243; align=\u00bbcenter\u00bb _builder_version=\u00bb4.24.2&#8243; global_colors_info=\u00bb{}\u00bb][\/et_pb_image][et_pb_text ul_position=\u00bbinside\u00bb _builder_version=\u00bb4.24.2&#8243; text_font=\u00bb||||||||\u00bb ul_font=\u00bb||||||||\u00bb header_font=\u00bb|700|||||||\u00bb header_font_size=\u00bb20px\u00bb header_line_height=\u00bb1.3em\u00bb header_3_font=\u00bb|700|||||||\u00bb header_3_font_size=\u00bb14px\u00bb header_3_line_height=\u00bb1.3em\u00bb text_orientation=\u00bbcenter\u00bb hover_enabled=\u00bb0&#8243; text_text_align=\u00bbcenter\u00bb locked=\u00bboff\u00bb global_colors_info=\u00bb{}\u00bb sticky_enabled=\u00bb0&#8243;]<\/p>\n<h3>Alfonsina Storni a los 24 a\u00f1os.<\/h3>\n<p>Cuando public\u00f3 \u00abLa inquietud del rosal\u00bb.<\/p>\n<p>\u00abEl rosal en su inquieto modo de florecer<br \/>va quemando la savia que alimenta su ser.<br \/>\u00a1Fijaos en las rosas que caen del rosal:<br \/>Tantas son que la planta morir\u00e1 de este mal!<br \/>El rosal no es adulto y su vida impaciente<br \/>se consume al dar flores precipitadamente.\u00bb<\/p>\n<p>[\/et_pb_text][\/et_pb_column][et_pb_column type=\u00bb1_3&#8243; _builder_version=\u00bb4.16&#8243; custom_padding=\u00bb|||\u00bb global_colors_info=\u00bb{}\u00bb custom_padding__hover=\u00bb|||\u00bb][et_pb_image src=\u00bbhttps:\/\/salondelasmujeres.ar\/wp-content\/uploads\/2024\/03\/Alfonsina-Storni_02.jpg\u00bb title_text=\u00bbAlfonsina Storni_02&#8243; align=\u00bbcenter\u00bb _builder_version=\u00bb4.24.2&#8243; global_colors_info=\u00bb{}\u00bb][\/et_pb_image][et_pb_text ul_position=\u00bbinside\u00bb _builder_version=\u00bb4.24.2&#8243; text_font=\u00bb||||||||\u00bb ul_font=\u00bb||||||||\u00bb header_font=\u00bb|700|||||||\u00bb header_font_size=\u00bb20px\u00bb header_line_height=\u00bb1.3em\u00bb header_3_font=\u00bb|700|||||||\u00bb header_3_font_size=\u00bb14px\u00bb header_3_line_height=\u00bb1.3em\u00bb text_orientation=\u00bbcenter\u00bb hover_enabled=\u00bb0&#8243; text_text_align=\u00bbcenter\u00bb locked=\u00bboff\u00bb global_colors_info=\u00bb{}\u00bb sticky_enabled=\u00bb0&#8243;]<\/p>\n<h3>Alfonsina Storni<\/h3>\n<p>\u201cHombre peque\u00f1ito que jaula me das. Digo peque\u00f1ito porque no me entiendes, ni me entender\u00e1s. Tampoco te entiendo, pero mientras tanto \u00e1breme la jaula que quiero escapar. Hombre peque\u00f1ito, te am\u00e9 media hora, no me pidas m\u00e1s\u201d.<\/p>\n<p>[\/et_pb_text][\/et_pb_column][\/et_pb_row][et_pb_row column_structure=\u00bb1_3,1_3,1_3&#8243; _builder_version=\u00bb4.16&#8243; global_colors_info=\u00bb{}\u00bb][et_pb_column type=\u00bb1_3&#8243; _builder_version=\u00bb4.16&#8243; custom_padding=\u00bb|||\u00bb global_colors_info=\u00bb{}\u00bb custom_padding__hover=\u00bb|||\u00bb][et_pb_image src=\u00bbhttps:\/\/salondelasmujeres.ar\/wp-content\/uploads\/2024\/03\/Alfonsina-Storni_04.jpg\u00bb title_text=\u00bbAlfonsina Storni_04&#8243; align=\u00bbcenter\u00bb _builder_version=\u00bb4.24.2&#8243; global_colors_info=\u00bb{}\u00bb][\/et_pb_image][et_pb_text ul_position=\u00bbinside\u00bb _builder_version=\u00bb4.24.2&#8243; text_font=\u00bb||||||||\u00bb ul_font=\u00bb||||||||\u00bb header_font=\u00bb|700|||||||\u00bb header_font_size=\u00bb20px\u00bb header_line_height=\u00bb1.3em\u00bb header_3_font=\u00bb|700|||||||\u00bb header_3_font_size=\u00bb14px\u00bb header_3_line_height=\u00bb1.3em\u00bb text_orientation=\u00bbcenter\u00bb hover_enabled=\u00bb0&#8243; text_text_align=\u00bbcenter\u00bb locked=\u00bboff\u00bb global_colors_info=\u00bb{}\u00bb sticky_enabled=\u00bb0&#8243;]<\/p>\n<h3>Alfonsina Storni<\/h3>\n<p>Mar del Plata, Buenos Aires.<\/p>\n<p>\u201c\u00bfQu\u00e9 mundos tengo dentro del alma que hace tiempo vengo pidiendo medios para volar?\u201d.<\/p>\n<p>[\/et_pb_text][\/et_pb_column][et_pb_column type=\u00bb1_3&#8243; _builder_version=\u00bb4.16&#8243; custom_padding=\u00bb|||\u00bb global_colors_info=\u00bb{}\u00bb custom_padding__hover=\u00bb|||\u00bb][et_pb_image src=\u00bbhttps:\/\/salondelasmujeres.ar\/wp-content\/uploads\/2024\/03\/Alfonsina-Storni_05.jpg\u00bb title_text=\u00bbAlfonsina Storni_05&#8243; align=\u00bbcenter\u00bb _builder_version=\u00bb4.24.2&#8243; global_colors_info=\u00bb{}\u00bb][\/et_pb_image][et_pb_text ul_position=\u00bbinside\u00bb _builder_version=\u00bb4.24.2&#8243; text_font=\u00bb||||||||\u00bb ul_font=\u00bb||||||||\u00bb header_font=\u00bb|700|||||||\u00bb header_font_size=\u00bb20px\u00bb header_line_height=\u00bb1.3em\u00bb header_3_font=\u00bb|700|||||||\u00bb header_3_font_size=\u00bb14px\u00bb header_3_line_height=\u00bb1.3em\u00bb text_orientation=\u00bbcenter\u00bb hover_enabled=\u00bb0&#8243; text_text_align=\u00bbcenter\u00bb locked=\u00bboff\u00bb global_colors_info=\u00bb{}\u00bb sticky_enabled=\u00bb0&#8243;]<\/p>\n<h3>Alfonsina Storni<\/h3>\n<p>\u201cLas primaveras al marcharse dejan las lloviznas de oto\u00f1o preparadas\u2026 Peque\u00f1a, ve despacio, mucho juicio, no te quemen tus llamas\u201d.<\/p>\n<p>[\/et_pb_text][\/et_pb_column][et_pb_column type=\u00bb1_3&#8243; _builder_version=\u00bb4.16&#8243; custom_padding=\u00bb|||\u00bb global_colors_info=\u00bb{}\u00bb custom_padding__hover=\u00bb|||\u00bb][et_pb_image src=\u00bbhttps:\/\/salondelasmujeres.ar\/wp-content\/uploads\/2024\/03\/Alfonsina-Storni_01.jpg\u00bb title_text=\u00bbAlfonsina Storni_01&#8243; align=\u00bbcenter\u00bb _builder_version=\u00bb4.24.2&#8243; global_colors_info=\u00bb{}\u00bb][\/et_pb_image][et_pb_text ul_position=\u00bbinside\u00bb _builder_version=\u00bb4.24.2&#8243; text_font=\u00bb||||||||\u00bb ul_font=\u00bb||||||||\u00bb header_font=\u00bb|700|||||||\u00bb header_font_size=\u00bb20px\u00bb header_line_height=\u00bb1.3em\u00bb header_3_font=\u00bb|700|||||||\u00bb header_3_font_size=\u00bb14px\u00bb header_3_line_height=\u00bb1.3em\u00bb text_orientation=\u00bbcenter\u00bb hover_enabled=\u00bb0&#8243; text_text_align=\u00bbcenter\u00bb locked=\u00bboff\u00bb global_colors_info=\u00bb{}\u00bb sticky_enabled=\u00bb0&#8243;]<\/p>\n<h3>Alfonsina Storni, a\u00f1o 1928<\/h3>\n<p>\u201cLos hombres de mi raza no han llorado. Eran de acero\u201d. Documento Fotogr\u00e1fico. Archivo General de la Naci\u00f3n Argentina<\/p>\n<p>[\/et_pb_text][\/et_pb_column][\/et_pb_row][\/et_pb_section][et_pb_section fb_built=\u00bb1&#8243; admin_label=\u00bbResume\u00bb _builder_version=\u00bb4.16&#8243; background_image=\u00bbhttps:\/\/salondelasmujeres.ar\/wp-content\/uploads\/2024\/03\/art-gallery-55.jpg\u00bb background_size=\u00bbinitial\u00bb background_repeat=\u00bbrepeat\u00bb global_colors_info=\u00bb{}\u00bb][et_pb_row custom_padding_last_edited=\u00bboff|phone\u00bb _builder_version=\u00bb4.16&#8243; background_position=\u00bbbottom_center\u00bb custom_padding_tablet=\u00bb17vw||17vw||false\u00bb use_custom_width=\u00bbon\u00bb width_unit=\u00bboff\u00bb custom_width_percent=\u00bb100%\u00bb locked=\u00bboff\u00bb global_colors_info=\u00bb{}\u00bb][et_pb_column type=\u00bb4_4&#8243; _builder_version=\u00bb4.16&#8243; custom_padding=\u00bb|||\u00bb global_colors_info=\u00bb{}\u00bb custom_padding__hover=\u00bb|||\u00bb][et_pb_text _builder_version=\u00bb4.24.2&#8243; text_font=\u00bb||||||||\u00bb header_font=\u00bb||||||||\u00bb header_2_font=\u00bbPrata|500|||||||\u00bb header_2_font_size=\u00bb56px\u00bb header_2_line_height=\u00bb1.3em\u00bb header_3_font=\u00bb|700||on|||||\u00bb header_3_text_color=\u00bbrgba(0,0,0,0.35)\u00bb header_3_font_size=\u00bb12px\u00bb header_3_letter_spacing=\u00bb5px\u00bb header_3_line_height=\u00bb2em\u00bb transform_translate_linked=\u00bboff\u00bb max_width=\u00bb700px\u00bb max_width_tablet=\u00bb70%\u00bb max_width_last_edited=\u00bboff|phone\u00bb module_alignment=\u00bbleft\u00bb header_2_font_size_tablet=\u00bb40px\u00bb header_2_font_size_phone=\u00bb26px\u00bb header_2_font_size_last_edited=\u00bbon|phone\u00bb header_3_font_size_phone=\u00bb10px\u00bb header_3_font_size_last_edited=\u00bboff|desktop\u00bb module_alignment_last_edited=\u00bboff|desktop\u00bb global_colors_info=\u00bb{}\u00bb]<\/p>\n<h3>Biograf\u00eda<\/h3>\n<p>[\/et_pb_text][\/et_pb_column][\/et_pb_row][et_pb_row _builder_version=\u00bb4.16&#8243; global_colors_info=\u00bb{}\u00bb][et_pb_column type=\u00bb4_4&#8243; _builder_version=\u00bb4.16&#8243; custom_padding=\u00bb|||\u00bb global_colors_info=\u00bb{}\u00bb custom_padding__hover=\u00bb|||\u00bb][et_pb_text ul_position=\u00bbinside\u00bb _builder_version=\u00bb4.24.2&#8243; text_font=\u00bb||||||||\u00bb ul_font=\u00bb||||||||\u00bb header_font=\u00bb|700|||||||\u00bb header_font_size=\u00bb20px\u00bb header_line_height=\u00bb1.3em\u00bb header_3_font=\u00bb|700|||||||\u00bb header_3_font_size=\u00bb14px\u00bb header_3_line_height=\u00bb1.3em\u00bb header_4_font=\u00bb|700|||||||\u00bb header_4_font_size=\u00bb14px\u00bb header_4_line_height=\u00bb1.3em\u00bb locked=\u00bboff\u00bb global_colors_info=\u00bb{}\u00bb]<\/p>\n<p>Alfonsina Storni, a la edad de 24 a\u00f1os, lanz\u00f3 su obra \u00abLa inquietud del rosal\u00bb. Sus padres, Alfonso Storni y Paulina Martignoni, emigraron junto a sus hermanos mayores, Mar\u00eda y Romero, desde Lugano, Suiza, hasta la provincia de San Juan en 1880. All\u00ed establecieron un negocio familiar, la empresa \u00abCerveza Los Alpes, de Storni y C\u00eda\u00bb, que pronto se expandi\u00f3 por toda la regi\u00f3n.<\/p>\n<p>En 1891, la familia regres\u00f3 a Suiza, dejando a los hermanos mayores en San Juan. Alfonsina naci\u00f3 el 22 de mayo de 1892 en la aldea de Sala Capriasca, al norte de Lugano. Su padre, un hombre con una naturaleza melanc\u00f3lica, eligi\u00f3 su nombre, que seg\u00fan ella misma indicar\u00eda m\u00e1s tarde, significaba \u00abdispuesta a todo\u00bb. Hubo versiones que apuntaban a que naci\u00f3 en alta mar y otras que discrepaban sobre la fecha exacta de su nacimiento. Fue bautizada en la parroquia de Tesserete, donde a\u00fan se conserva una inscripci\u00f3n del sacerdote Osvaldo Crivelli que la describe como \u00abgran poetisa muerta en el mar de la Plata\u00bb.<\/p>\n<p>Alfonsina creci\u00f3 hablando italiano y en 1896 regres\u00f3 a San Juan, donde pas\u00f3 sus primeros a\u00f1os. Desde muy temprana edad, mostr\u00f3 curiosidad e imaginaci\u00f3n desbordante, aunque tambi\u00e9n cierta tendencia a inventar historias. En 1900, con el nacimiento de su hermano Hildo Alberto, tuvo que asumir responsabilidades adicionales para protegerlo.<\/p>\n<p>En 1901, la familia se traslad\u00f3 a Rosario, provincia de Santa Fe, donde su madre abri\u00f3 una peque\u00f1a escuela domiciliaria para subsistir. Sin embargo, las dificultades econ\u00f3micas persistieron, y Alfonsina, a la edad de diez a\u00f1os, se vio obligada a trabajar lavando platos y atendiendo mesas. El fracaso del negocio familiar, agravado por el alcoholismo de su padre, marc\u00f3 una etapa dif\u00edcil en sus vidas.<\/p>\n<p>Mientras tanto, sus primeros escritos comenzaban a ser publicados en revistas locales. En 1910, a los diecisiete a\u00f1os, Alfonsina dej\u00f3 el hogar para continuar sus estudios en Coronda, donde fue aceptada en la carrera de maestra rural a pesar de no contar con los certificados requeridos. Durante este per\u00edodo, su talento literario fue reconocido por sus profesores, quienes la alentaron a seguir escribiendo.<\/p>\n<p>A pesar de los desaf\u00edos y las adversidades, Alfonsina continu\u00f3 cultivando su pasi\u00f3n por las letras, sentando as\u00ed las bases de una carrera que la llevar\u00eda a convertirse en una de las figuras m\u00e1s destacadas de la literatura argentina.<\/p>\n<p>Alfonsina Storni, reconocida poetisa, lleg\u00f3 a Buenos Aires en 1911, acompa\u00f1ada por su hijo Alejandro, nacido en 1912 sin padre conocido. Su arribo a la ciudad marc\u00f3 el inicio de una lucha constante por establecerse en un ambiente literario y laboral desafiante. Tras desembarcar en la estaci\u00f3n del ferrocarril del Norte, se instal\u00f3 en una pensi\u00f3n hasta el a\u00f1o siguiente, cuando se vio obligada a mudarse a una casa compartida con un matrimonio. Su determinaci\u00f3n por sostenerse econ\u00f3micamente la llev\u00f3 a desempe\u00f1ar diversos trabajos, desde cajera en una farmacia hasta corresponsal psicol\u00f3gica para Freixas Hermanos, empresa dedicada a la importaci\u00f3n de aceite. Este \u00faltimo empleo, obtenido con esfuerzo ante una competencia abrumadora de candidatos, marc\u00f3 un punto de inflexi\u00f3n en su situaci\u00f3n econ\u00f3mica, permiti\u00e9ndole no solo mejorar su estatus financiero, sino tambi\u00e9n establecer contactos valiosos en el mundo literario, como Jos\u00e9 Ingenieros y Manuel Baldomero Ugarte.<\/p>\n<p>A pesar de las adversidades econ\u00f3micas, Storni se abri\u00f3 camino en el mundo literario de Buenos Aires. En 1916, public\u00f3 su primer libro de poes\u00eda, \u00abLa inquietud del rosal\u00bb, una obra que reflejaba sus deseos y su experiencia como madre soltera, aunque no obtuvo una recepci\u00f3n entusiasta inicialmente. A trav\u00e9s de colaboraciones en revistas como Caras y Caretas y La Nota, Storni cultiv\u00f3 amistades con escritores prominentes como Amado Nervo y Jos\u00e9 Enrique Rod\u00f3, lo que le brind\u00f3 oportunidades para participar en c\u00edrculos literarios y eventos importantes. Su presencia en estos \u00e1mbitos la consolid\u00f3 como una figura relevante en la escena literaria de la \u00e9poca y le proporcion\u00f3 el impulso necesario para continuar escribiendo y publicando.<\/p>\n<p>A lo largo de la d\u00e9cada de 1920, Storni continu\u00f3 enfrentando desaf\u00edos personales y profesionales. Aunque su labor como docente en la Escuela para Ni\u00f1os D\u00e9biles del Parque Chacabuco en 1921 le proporcion\u00f3 un ingreso estable, no encontr\u00f3 plena satisfacci\u00f3n en ese trabajo debido a la falta de comprensi\u00f3n por parte de las autoridades. A pesar de ello, su compromiso con la escritura y su participaci\u00f3n en eventos literarios nunca flaquearon. Su vida y obra est\u00e1n marcadas por una incansable b\u00fasqueda de su voz como mujer y como escritora en un mundo que, en muchos aspectos, era adverso para las mujeres intelectuales de su \u00e9poca.<\/p>\n<p>La relaci\u00f3n entre Alfonsina Storni y Horacio Quiroga fue una combinaci\u00f3n de afinidad literaria y encuentros personales. Recomendado por Quiroga en una carta a un amigo, Storni y \u00e9l compartieron momentos cotidianos, como ir al cine juntos. Aunque la naturaleza exacta de su relaci\u00f3n sigue siendo un misterio, Storni valoraba a Quiroga como un amigo comprensivo, como lo evidencia el poema que le dedic\u00f3 tras su suicidio.<\/p>\n<p>Mientras tanto, Storni continu\u00f3 su carrera literaria, enfrentando desaf\u00edos como el fracaso de su obra de teatro \u00abEl amo del mundo\u00bb en 1927. A pesar de las cr\u00edticas, persisti\u00f3 en su compromiso con la escritura y la igualdad de g\u00e9nero, convirti\u00e9ndose en una figura influyente en la escena literaria argentina.<\/p>\n<p>Alfonsina Storni particip\u00f3 en reuniones literarias organizadas por Mar\u00eda V. de Muller en Montevideo, donde recit\u00f3 sus poemas el 12 de julio de 1934. Durante su estad\u00eda, se aloj\u00f3 en la casa de Muller y mantuvo una relaci\u00f3n cordial con ella. En ese mismo a\u00f1o, Storni public\u00f3 \u00abMundo de siete pozos\u00bb, dedicado a su hijo Alejandro, recibiendo el elogio de Gabriela Mistral. Pas\u00f3 los veranos siguientes en Real de San Carlos y Bariloche, enfrentando problemas de salud.<\/p>\n<p>En 1936, Storni dio conferencias destacadas, una de ellas sobre la identidad cultural de Buenos Aires. Posteriormente, en otras ponencias, explor\u00f3 la creatividad femenina y reflexion\u00f3 sobre su propia vida. En 1937, public\u00f3 su \u00faltimo libro, \u00abMascarilla y tr\u00e9bol\u00bb, mientras lidiaba con la p\u00e9rdida de Horacio Quiroga y su propia enfermedad.<\/p>\n<p>La salud de Storni empeor\u00f3 en 1938, y fue operada de c\u00e1ncer de mama en mayo de ese a\u00f1o. Se recluy\u00f3 en la casa de los Botana en Don Torcuato, pero su condici\u00f3n mental y f\u00edsica se deterior\u00f3. A pesar de la atenci\u00f3n m\u00e9dica y el apoyo de amigos, incluyendo un examen quirol\u00f3gico previo, Storni no pudo superar su depresi\u00f3n y paranoia.<\/p>\n<p>El 25 de octubre de 1938, Storni fue encontrada muerta en la playa de Mar del Plata, en un aparente suicidio. Su tr\u00e1gica muerte conmocion\u00f3 a la comunidad literaria, y sus restos fueron trasladados a Buenos Aires, donde recibieron un emotivo homenaje antes de ser enterrados en el Cementerio de la Chacarita.<\/p>\n<p>La obra de Alfonsina Storni sigue siendo recordada y valorada en la literatura latinoamericana, pero su vida estuvo marcada por luchas internas y problemas de salud que finalmente la llevaron a un desenlace prematuro y tr\u00e1gico, en consonancia con las muertes de otros escritores prominentes de la \u00e9poca.<\/p>\n<p>[\/et_pb_text][\/et_pb_column][\/et_pb_row][\/et_pb_section]<\/p>\n","protected":false},"excerpt":{"rendered":"<p>Alfonsina Storni Poetisa y escritora &#8211; Capriasca, Suiza, 29 de mayo de 1892 &#8211; Mar del Plata, Buenos Aires, Argentina, 25 de octubre de 1938 Alfonsina Storni fue una destacada poetisa y escritora argentina asociada al modernismo. Nacida en Capriasca en 1892, pas\u00f3 su infancia en San Juan y luego se traslad\u00f3 a Rosario, donde [&hellip;]<\/p>\n","protected":false},"author":1,"featured_media":0,"parent":0,"menu_order":0,"comment_status":"closed","ping_status":"closed","template":"","meta":{"_et_pb_use_builder":"on","_et_pb_old_content":"","_et_gb_content_width":"","footnotes":""},"class_list":["post-350","page","type-page","status-publish","hentry"],"_links":{"self":[{"href":"https:\/\/salondelasmujeres.ar\/index.php?rest_route=\/wp\/v2\/pages\/350","targetHints":{"allow":["GET"]}}],"collection":[{"href":"https:\/\/salondelasmujeres.ar\/index.php?rest_route=\/wp\/v2\/pages"}],"about":[{"href":"https:\/\/salondelasmujeres.ar\/index.php?rest_route=\/wp\/v2\/types\/page"}],"author":[{"embeddable":true,"href":"https:\/\/salondelasmujeres.ar\/index.php?rest_route=\/wp\/v2\/users\/1"}],"replies":[{"embeddable":true,"href":"https:\/\/salondelasmujeres.ar\/index.php?rest_route=%2Fwp%2Fv2%2Fcomments&post=350"}],"version-history":[{"count":20,"href":"https:\/\/salondelasmujeres.ar\/index.php?rest_route=\/wp\/v2\/pages\/350\/revisions"}],"predecessor-version":[{"id":909,"href":"https:\/\/salondelasmujeres.ar\/index.php?rest_route=\/wp\/v2\/pages\/350\/revisions\/909"}],"wp:attachment":[{"href":"https:\/\/salondelasmujeres.ar\/index.php?rest_route=%2Fwp%2Fv2%2Fmedia&parent=350"}],"curies":[{"name":"wp","href":"https:\/\/api.w.org\/{rel}","templated":true}]}}