{"id":310,"date":"2024-03-21T14:47:04","date_gmt":"2024-03-21T17:47:04","guid":{"rendered":"https:\/\/salondelasmujeres.ar\/?page_id=310"},"modified":"2024-03-26T20:55:40","modified_gmt":"2024-03-26T23:55:40","slug":"juana-azurduy","status":"publish","type":"page","link":"https:\/\/salondelasmujeres.ar\/?page_id=310","title":{"rendered":"Juana Azurduy"},"content":{"rendered":"<p>[et_pb_section fb_built=\u00bb1&#8243; custom_padding_last_edited=\u00bboff|desktop\u00bb admin_label=\u00bbHeader\u00bb _builder_version=\u00bb4.16&#8243; background_color_gradient_direction=\u00bb188deg\u00bb background_image=\u00bbhttps:\/\/salondelasmujeres.ar\/wp-content\/uploads\/2024\/03\/art-gallery-55.jpg\u00bb background_size=\u00bbinitial\u00bb background_repeat=\u00bbrepeat\u00bb width=\u00bb100%\u00bb custom_padding_tablet=\u00bb5vw||5vw||true\u00bb global_colors_info=\u00bb{}\u00bb][et_pb_row custom_padding_last_edited=\u00bboff|phone\u00bb _builder_version=\u00bb4.16&#8243; background_position=\u00bbbottom_center\u00bb custom_padding_tablet=\u00bb17vw||17vw||false\u00bb use_custom_width=\u00bbon\u00bb width_unit=\u00bboff\u00bb custom_width_percent=\u00bb100%\u00bb locked=\u00bboff\u00bb global_colors_info=\u00bb{}\u00bb][et_pb_column type=\u00bb4_4&#8243; _builder_version=\u00bb4.16&#8243; custom_padding=\u00bb|||\u00bb global_colors_info=\u00bb{}\u00bb custom_padding__hover=\u00bb|||\u00bb][et_pb_text _builder_version=\u00bb4.24.2&#8243; text_font=\u00bb||||||||\u00bb header_font=\u00bb||||||||\u00bb header_2_font=\u00bbPrata|500|||||||\u00bb header_2_text_align=\u00bbleft\u00bb header_2_font_size=\u00bb56px\u00bb header_2_line_height=\u00bb1.3em\u00bb header_4_font=\u00bb|700|||||||\u00bb header_4_font_size=\u00bb16px\u00bb header_4_line_height=\u00bb1.2em\u00bb transform_translate_linked=\u00bboff\u00bb max_width=\u00bb700px\u00bb max_width_tablet=\u00bb70%\u00bb max_width_last_edited=\u00bboff|phone\u00bb header_2_font_size_tablet=\u00bb40px\u00bb header_2_font_size_phone=\u00bb26px\u00bb header_2_font_size_last_edited=\u00bbon|desktop\u00bb global_colors_info=\u00bb{}\u00bb]<\/p>\n<h2>Juana Azurduy<\/h2>\n<h4>Patriota &#8211; Toroca, Intendencia de Potos\u00ed, Virreinato del R\u00edo de la Plata, 12 de julio de 1780 &#8211; Sucre, actual Bolivia, 25 de mayo de 1862<\/h4>\n<p><span>Juana Azurduy, una patriota del Alto Per\u00fa (actual Bolivia), lider\u00f3 las guerras de independencia contra la Monarqu\u00eda espa\u00f1ola y dirigi\u00f3 la Republiqueta de La Laguna. A pesar de su origen acomodado, qued\u00f3 hu\u00e9rfana y se cas\u00f3 con Manuel Ascensio Padilla, con quien tuvo cinco hijos, todos involucrados en la lucha independentista. Despu\u00e9s de la muerte de su esposo, se asoci\u00f3 con Mart\u00edn Miguel de G\u00fcemes, pero su fallecimiento marc\u00f3 el fin de su carrera. Muri\u00f3 en la pobreza, pero recibi\u00f3 homenajes p\u00f3stumos en Bolivia y Argentina, incluyendo ascensos militares y la aparici\u00f3n de su imagen en moneda y canciones.<\/span><\/p>\n<p>[\/et_pb_text][\/et_pb_column][\/et_pb_row][\/et_pb_section][et_pb_section fb_built=\u00bb1&#8243; custom_padding_last_edited=\u00bboff|desktop\u00bb admin_label=\u00bbWork\u00bb _builder_version=\u00bb4.16&#8243; background_color_gradient_direction=\u00bb188deg\u00bb background_image=\u00bbhttps:\/\/salondelasmujeres.ar\/wp-content\/uploads\/2024\/03\/art-gallery-55.jpg\u00bb background_size=\u00bbinitial\u00bb background_repeat=\u00bbrepeat\u00bb width=\u00bb100%\u00bb custom_padding_tablet=\u00bb5vw||5vw||true\u00bb global_colors_info=\u00bb{}\u00bb][et_pb_row custom_padding_last_edited=\u00bboff|phone\u00bb _builder_version=\u00bb4.16&#8243; background_position=\u00bbbottom_center\u00bb custom_padding_tablet=\u00bb17vw||17vw||false\u00bb use_custom_width=\u00bbon\u00bb width_unit=\u00bboff\u00bb custom_width_percent=\u00bb100%\u00bb locked=\u00bboff\u00bb global_colors_info=\u00bb{}\u00bb][et_pb_column type=\u00bb4_4&#8243; _builder_version=\u00bb4.16&#8243; custom_padding=\u00bb|||\u00bb global_colors_info=\u00bb{}\u00bb custom_padding__hover=\u00bb|||\u00bb][et_pb_text _builder_version=\u00bb4.24.2&#8243; text_font=\u00bb||||||||\u00bb header_font=\u00bb||||||||\u00bb header_2_font=\u00bbPrata|500|||||||\u00bb header_2_font_size=\u00bb56px\u00bb header_2_line_height=\u00bb1.3em\u00bb header_3_font=\u00bb|700||on|||||\u00bb header_3_text_color=\u00bbrgba(0,0,0,0.35)\u00bb header_3_font_size=\u00bb12px\u00bb header_3_letter_spacing=\u00bb5px\u00bb header_3_line_height=\u00bb2em\u00bb transform_translate_linked=\u00bboff\u00bb text_orientation=\u00bbcenter\u00bb max_width=\u00bb700px\u00bb max_width_tablet=\u00bb70%\u00bb max_width_last_edited=\u00bboff|phone\u00bb module_alignment=\u00bbcenter\u00bb hover_enabled=\u00bb0&#8243; header_2_font_size_tablet=\u00bb40px\u00bb header_2_font_size_phone=\u00bb26px\u00bb header_2_font_size_last_edited=\u00bbon|phone\u00bb header_3_font_size_phone=\u00bb10px\u00bb header_3_font_size_last_edited=\u00bboff|desktop\u00bb module_alignment_last_edited=\u00bboff|desktop\u00bb text_text_align=\u00bbcenter\u00bb global_colors_info=\u00bb{}\u00bb sticky_enabled=\u00bb0&#8243;]<\/p>\n<h3>Un recorrido a trav\u00e9s de<\/h3>\n<h2>Im\u00e1genes y Momentos<\/h2>\n<p>[\/et_pb_text][\/et_pb_column][\/et_pb_row][et_pb_row column_structure=\u00bb1_3,1_3,1_3&#8243; _builder_version=\u00bb4.16&#8243; global_colors_info=\u00bb{}\u00bb][et_pb_column type=\u00bb1_3&#8243; _builder_version=\u00bb4.16&#8243; custom_padding=\u00bb|||\u00bb global_colors_info=\u00bb{}\u00bb custom_padding__hover=\u00bb|||\u00bb][et_pb_image src=\u00bbhttps:\/\/salondelasmujeres.ar\/wp-content\/uploads\/2024\/03\/Juana-Azurduy_03.jpg\u00bb title_text=\u00bbJuana Azurduy_03&#8243; align=\u00bbcenter\u00bb _builder_version=\u00bb4.24.2&#8243; global_colors_info=\u00bb{}\u00bb][\/et_pb_image][et_pb_text ul_position=\u00bbinside\u00bb _builder_version=\u00bb4.24.2&#8243; text_font=\u00bb||||||||\u00bb ul_font=\u00bb||||||||\u00bb header_font=\u00bb|700|||||||\u00bb header_font_size=\u00bb20px\u00bb header_line_height=\u00bb1.3em\u00bb header_3_font=\u00bb|700|||||||\u00bb header_3_font_size=\u00bb14px\u00bb header_3_line_height=\u00bb1.3em\u00bb text_orientation=\u00bbcenter\u00bb hover_enabled=\u00bb0&#8243; text_text_align=\u00bbcenter\u00bb locked=\u00bboff\u00bb global_colors_info=\u00bb{}\u00bb sticky_enabled=\u00bb0&#8243;]<\/p>\n<h3>Retrato de Juana Azurduy, 1876<\/h3>\n<p>Autor desconocido &#8211; Archivo General de la Naci\u00f3n Argentina.<\/p>\n<p>\u201cYo no tuve miedo de luchar por la libertad de mi pueblo\u201d.<\/p>\n<p>[\/et_pb_text][\/et_pb_column][et_pb_column type=\u00bb1_3&#8243; _builder_version=\u00bb4.16&#8243; custom_padding=\u00bb|||\u00bb global_colors_info=\u00bb{}\u00bb custom_padding__hover=\u00bb|||\u00bb][et_pb_image src=\u00bbhttps:\/\/salondelasmujeres.ar\/wp-content\/uploads\/2024\/03\/Juana-Azurduy_02.jpg\u00bb title_text=\u00bbJuana Azurduy_02&#8243; align=\u00bbcenter\u00bb _builder_version=\u00bb4.24.2&#8243; global_colors_info=\u00bb{}\u00bb][\/et_pb_image][et_pb_text ul_position=\u00bbinside\u00bb _builder_version=\u00bb4.24.2&#8243; text_font=\u00bb||||||||\u00bb ul_font=\u00bb||||||||\u00bb header_font=\u00bb|700|||||||\u00bb header_font_size=\u00bb20px\u00bb header_line_height=\u00bb1.3em\u00bb header_3_font=\u00bb|700|||||||\u00bb header_3_font_size=\u00bb14px\u00bb header_3_line_height=\u00bb1.3em\u00bb text_orientation=\u00bbcenter\u00bb hover_enabled=\u00bb0&#8243; text_text_align=\u00bbcenter\u00bb locked=\u00bboff\u00bb global_colors_info=\u00bb{}\u00bb sticky_enabled=\u00bb0&#8243;]<\/p>\n<h3>Juana Azurduy<\/h3>\n<p><span class=\"mw-mmv-author\"><span lang=\"es\">Autor an\u00f3nimo<\/span><\/span><span>\u00a0&#8211;\u00a0<\/span><span class=\"mw-mmv-source\">Sal\u00f3n de Espejos de la Alcald\u00eda de Padilla.<\/span><\/p>\n<p><span class=\"mw-mmv-source\">Juana salv\u00f3 a su marido que hab\u00eda ca\u00eddo prisionero en febrero de 1814 en una operaci\u00f3n rel\u00e1mpago que dej\u00f3 sin rehenes y sin palabras al enemigo.<\/span><\/p>\n<p>[\/et_pb_text][\/et_pb_column][et_pb_column type=\u00bb1_3&#8243; _builder_version=\u00bb4.16&#8243; custom_padding=\u00bb|||\u00bb global_colors_info=\u00bb{}\u00bb custom_padding__hover=\u00bb|||\u00bb][et_pb_image src=\u00bbhttps:\/\/salondelasmujeres.ar\/wp-content\/uploads\/2024\/03\/Juana-Azurduy_01.jpg\u00bb title_text=\u00bbJuana Azurduy_01&#8243; align=\u00bbcenter\u00bb _builder_version=\u00bb4.24.2&#8243; global_colors_info=\u00bb{}\u00bb][\/et_pb_image][et_pb_text ul_position=\u00bbinside\u00bb _builder_version=\u00bb4.24.2&#8243; text_font=\u00bb||||||||\u00bb ul_font=\u00bb||||||||\u00bb header_font=\u00bb|700|||||||\u00bb header_font_size=\u00bb20px\u00bb header_line_height=\u00bb1.3em\u00bb header_3_font=\u00bb|700|||||||\u00bb header_3_font_size=\u00bb14px\u00bb header_3_line_height=\u00bb1.3em\u00bb text_orientation=\u00bbcenter\u00bb hover_enabled=\u00bb0&#8243; text_text_align=\u00bbcenter\u00bb locked=\u00bboff\u00bb global_colors_info=\u00bb{}\u00bb sticky_enabled=\u00bb0&#8243;]<\/p>\n<h3>Juana Azurduy<\/h3>\n<p>\u201cLa propuesta de dinero y otros intereses s\u00f3lo deber\u00eda hacerse a los infames que pelean por mantener la esclavitud, m\u00e1s no a los que defend\u00edan su dulce libertad, como \u00e9l lo har\u00eda a sangre y fuego\u201d.<br \/>(Se le atribuye como respuesta a un jefe espa\u00f1ol que intent\u00f3 sobornar a su marido. Felipe Pigna, \u201cJuana Azurduy, amazona de la libertad\u201d).<\/p>\n<p>[\/et_pb_text][\/et_pb_column][\/et_pb_row][\/et_pb_section][et_pb_section fb_built=\u00bb1&#8243; admin_label=\u00bbResume\u00bb _builder_version=\u00bb4.16&#8243; background_image=\u00bbhttps:\/\/salondelasmujeres.ar\/wp-content\/uploads\/2024\/03\/art-gallery-55.jpg\u00bb background_size=\u00bbinitial\u00bb background_repeat=\u00bbrepeat\u00bb global_colors_info=\u00bb{}\u00bb][et_pb_row custom_padding_last_edited=\u00bboff|phone\u00bb _builder_version=\u00bb4.16&#8243; background_position=\u00bbbottom_center\u00bb custom_padding_tablet=\u00bb17vw||17vw||false\u00bb use_custom_width=\u00bbon\u00bb width_unit=\u00bboff\u00bb custom_width_percent=\u00bb100%\u00bb locked=\u00bboff\u00bb global_colors_info=\u00bb{}\u00bb][et_pb_column type=\u00bb4_4&#8243; _builder_version=\u00bb4.16&#8243; custom_padding=\u00bb|||\u00bb global_colors_info=\u00bb{}\u00bb custom_padding__hover=\u00bb|||\u00bb][et_pb_text _builder_version=\u00bb4.24.2&#8243; text_font=\u00bb||||||||\u00bb header_font=\u00bb||||||||\u00bb header_2_font=\u00bbPrata|500|||||||\u00bb header_2_font_size=\u00bb56px\u00bb header_2_line_height=\u00bb1.3em\u00bb header_3_font=\u00bb|700||on|||||\u00bb header_3_text_color=\u00bbrgba(0,0,0,0.35)\u00bb header_3_font_size=\u00bb12px\u00bb header_3_letter_spacing=\u00bb5px\u00bb header_3_line_height=\u00bb2em\u00bb transform_translate_linked=\u00bboff\u00bb max_width=\u00bb700px\u00bb max_width_tablet=\u00bb70%\u00bb max_width_last_edited=\u00bboff|phone\u00bb module_alignment=\u00bbleft\u00bb header_2_font_size_tablet=\u00bb40px\u00bb header_2_font_size_phone=\u00bb26px\u00bb header_2_font_size_last_edited=\u00bbon|phone\u00bb header_3_font_size_phone=\u00bb10px\u00bb header_3_font_size_last_edited=\u00bboff|desktop\u00bb module_alignment_last_edited=\u00bboff|desktop\u00bb global_colors_info=\u00bb{}\u00bb]<\/p>\n<h3>Biograf\u00eda<\/h3>\n<p>[\/et_pb_text][\/et_pb_column][\/et_pb_row][et_pb_row _builder_version=\u00bb4.16&#8243; global_colors_info=\u00bb{}\u00bb][et_pb_column type=\u00bb4_4&#8243; _builder_version=\u00bb4.16&#8243; custom_padding=\u00bb|||\u00bb global_colors_info=\u00bb{}\u00bb custom_padding__hover=\u00bb|||\u00bb][et_pb_text ul_position=\u00bbinside\u00bb _builder_version=\u00bb4.24.2&#8243; text_font=\u00bb||||||||\u00bb ul_font=\u00bb||||||||\u00bb header_font=\u00bb|700|||||||\u00bb header_font_size=\u00bb20px\u00bb header_line_height=\u00bb1.3em\u00bb header_3_font=\u00bb|700|||||||\u00bb header_3_font_size=\u00bb14px\u00bb header_3_line_height=\u00bb1.3em\u00bb header_4_font=\u00bb|700|||||||\u00bb header_4_font_size=\u00bb14px\u00bb header_4_line_height=\u00bb1.3em\u00bb locked=\u00bboff\u00bb global_colors_info=\u00bb{}\u00bb]<\/p>\n<p>Juana Azurduy, una destacada hero\u00edna de la independencia americana y de Argentina, vivi\u00f3 una infancia en Chuquisaca, donde, a los doce a\u00f1os, fue educada en el Convento de Santa Teresa, aunque su car\u00e1cter rebelde la llev\u00f3 a ser expulsada a los 17 a\u00f1os. A los 25 a\u00f1os, contrajo matrimonio con Manuel Ascencio Padilla, uni\u00e9ndose a la Revoluci\u00f3n de Chuquisaca en 1809, que derroc\u00f3 al presidente de la Real Audiencia de Charcas.<\/p>\n<p>En 1811, tras la Revoluci\u00f3n de Mayo en Buenos Aires, Juana y su esposo se unieron al Ej\u00e9rcito Auxiliar del Norte para luchar contra los realistas del Alto Per\u00fa. Despu\u00e9s de ser derrotados y apresados junto con sus hijos, perdieron sus cosechas y ganados. Una vez liberados en 1812, se unieron al general Manuel Belgrano, donde Juana organiz\u00f3 el Batall\u00f3n Leales y demostr\u00f3 su valent\u00eda en la batalla de Ayohuma en 1813.<\/p>\n<p>En 1816, en Bolivia, lider\u00f3 a treinta jinetes, incluyendo mujeres, contra las fuerzas realistas, obteniendo un gran triunfo que le otorg\u00f3 el rango de teniente coronel. Tras ser herida en la batalla de La Laguna en noviembre de 1816, su esposo muri\u00f3 intentando rescatarla. Posteriormente, se uni\u00f3 a Mart\u00edn Miguel de G\u00fcemes y luego cay\u00f3 en la pobreza tras la muerte del caudillo en 1821.<\/p>\n<p>En 1825, Sim\u00f3n Bol\u00edvar la visit\u00f3 y, al ver su situaci\u00f3n precaria, la ascendi\u00f3 a coronel y le otorg\u00f3 una pensi\u00f3n, que perdi\u00f3 en 1830 debido a los cambios pol\u00edticos en Bolivia. Bol\u00edvar expres\u00f3 que el pa\u00eds deber\u00eda llamarse Padilla o Azurduy en su honor. Pas\u00f3 a\u00f1os en Salta, solicitando la devoluci\u00f3n de sus bienes confiscados, pero su pensi\u00f3n fue revocada en 1857. Muri\u00f3 en la pobreza a los 82 a\u00f1os, y cien a\u00f1os despu\u00e9s, sus restos fueron exhumados y colocados en un mausoleo en Sucre como homenaje.<\/p>\n<p>[\/et_pb_text][\/et_pb_column][\/et_pb_row][\/et_pb_section]<\/p>\n","protected":false},"excerpt":{"rendered":"<p>Juana Azurduy Patriota &#8211; Toroca, Intendencia de Potos\u00ed, Virreinato del R\u00edo de la Plata, 12 de julio de 1780 &#8211; Sucre, actual Bolivia, 25 de mayo de 1862 Juana Azurduy, una patriota del Alto Per\u00fa (actual Bolivia), lider\u00f3 las guerras de independencia contra la Monarqu\u00eda espa\u00f1ola y dirigi\u00f3 la Republiqueta de La Laguna. A pesar [&hellip;]<\/p>\n","protected":false},"author":1,"featured_media":0,"parent":0,"menu_order":0,"comment_status":"closed","ping_status":"closed","template":"","meta":{"_et_pb_use_builder":"on","_et_pb_old_content":"","_et_gb_content_width":"","footnotes":""},"class_list":["post-310","page","type-page","status-publish","hentry"],"_links":{"self":[{"href":"https:\/\/salondelasmujeres.ar\/index.php?rest_route=\/wp\/v2\/pages\/310","targetHints":{"allow":["GET"]}}],"collection":[{"href":"https:\/\/salondelasmujeres.ar\/index.php?rest_route=\/wp\/v2\/pages"}],"about":[{"href":"https:\/\/salondelasmujeres.ar\/index.php?rest_route=\/wp\/v2\/types\/page"}],"author":[{"embeddable":true,"href":"https:\/\/salondelasmujeres.ar\/index.php?rest_route=\/wp\/v2\/users\/1"}],"replies":[{"embeddable":true,"href":"https:\/\/salondelasmujeres.ar\/index.php?rest_route=%2Fwp%2Fv2%2Fcomments&post=310"}],"version-history":[{"count":10,"href":"https:\/\/salondelasmujeres.ar\/index.php?rest_route=\/wp\/v2\/pages\/310\/revisions"}],"predecessor-version":[{"id":895,"href":"https:\/\/salondelasmujeres.ar\/index.php?rest_route=\/wp\/v2\/pages\/310\/revisions\/895"}],"wp:attachment":[{"href":"https:\/\/salondelasmujeres.ar\/index.php?rest_route=%2Fwp%2Fv2%2Fmedia&parent=310"}],"curies":[{"name":"wp","href":"https:\/\/api.w.org\/{rel}","templated":true}]}}