{"id":290,"date":"2024-03-21T12:58:59","date_gmt":"2024-03-21T15:58:59","guid":{"rendered":"https:\/\/salondelasmujeres.ar\/?page_id=290"},"modified":"2024-03-26T20:50:14","modified_gmt":"2024-03-26T23:50:14","slug":"mariquita-sanchez-de-thompson","status":"publish","type":"page","link":"https:\/\/salondelasmujeres.ar\/?page_id=290","title":{"rendered":"Mariquita S\u00e1nchez de Thompson"},"content":{"rendered":"<p>[et_pb_section fb_built=\u00bb1&#8243; custom_padding_last_edited=\u00bboff|desktop\u00bb admin_label=\u00bbHeader\u00bb _builder_version=\u00bb4.16&#8243; background_color_gradient_direction=\u00bb188deg\u00bb background_image=\u00bbhttps:\/\/salondelasmujeres.ar\/wp-content\/uploads\/2024\/03\/art-gallery-55.jpg\u00bb background_size=\u00bbinitial\u00bb background_repeat=\u00bbrepeat\u00bb width=\u00bb100%\u00bb custom_padding_tablet=\u00bb5vw||5vw||true\u00bb global_colors_info=\u00bb{}\u00bb][et_pb_row custom_padding_last_edited=\u00bboff|phone\u00bb _builder_version=\u00bb4.16&#8243; background_position=\u00bbbottom_center\u00bb custom_padding_tablet=\u00bb17vw||17vw||false\u00bb use_custom_width=\u00bbon\u00bb width_unit=\u00bboff\u00bb custom_width_percent=\u00bb100%\u00bb locked=\u00bboff\u00bb global_colors_info=\u00bb{}\u00bb][et_pb_column type=\u00bb4_4&#8243; _builder_version=\u00bb4.16&#8243; custom_padding=\u00bb|||\u00bb global_colors_info=\u00bb{}\u00bb custom_padding__hover=\u00bb|||\u00bb][et_pb_text _builder_version=\u00bb4.24.2&#8243; text_font=\u00bb||||||||\u00bb header_font=\u00bb||||||||\u00bb header_2_font=\u00bbPrata|500|||||||\u00bb header_2_text_align=\u00bbleft\u00bb header_2_font_size=\u00bb56px\u00bb header_2_line_height=\u00bb1.3em\u00bb header_4_font=\u00bb|700|||||||\u00bb header_4_font_size=\u00bb16px\u00bb header_4_line_height=\u00bb1.2em\u00bb transform_translate_linked=\u00bboff\u00bb max_width=\u00bb700px\u00bb max_width_tablet=\u00bb70%\u00bb max_width_last_edited=\u00bboff|phone\u00bb header_2_font_size_tablet=\u00bb40px\u00bb header_2_font_size_phone=\u00bb26px\u00bb header_2_font_size_last_edited=\u00bbon|desktop\u00bb global_colors_info=\u00bb{}\u00bb]<\/p>\n<h2>Mariquita S\u00e1nchez de Thompson<\/h2>\n<h4>Patriota &#8211; Buenos Aires, Virreinato del R\u00edo de la Plata, 1 de noviembre de 1786 \u2013 Buenos Aires, Argentina, 23 de octubre de 1868<\/h4>\n<p>Mar\u00eda Josepha Petrona de Todos los Santos S\u00e1nchez de Velasco y Trillo, m\u00e1s conocida como Mariquita S\u00e1nchez, fue una destacada patriota argentina nacida el 1 de noviembre de 1786 en Buenos Aires y fallecida el 23 de octubre de 1868 en la misma ciudad. Su influencia trascendi\u00f3 su papel como anfitriona de tertulias literarias, convocando a los principales personajes de su tiempo. Es especialmente recordada en la historia argentina por haber sido el escenario donde se cant\u00f3 por primera vez la Marcha Patri\u00f3tica, que luego se convirti\u00f3 en el Himno Nacional Argentino, el 14 de mayo de 1813, en su casa.<\/p>\n<p>[\/et_pb_text][\/et_pb_column][\/et_pb_row][\/et_pb_section][et_pb_section fb_built=\u00bb1&#8243; custom_padding_last_edited=\u00bboff|desktop\u00bb admin_label=\u00bbWork\u00bb _builder_version=\u00bb4.16&#8243; background_color_gradient_direction=\u00bb188deg\u00bb background_image=\u00bbhttps:\/\/salondelasmujeres.ar\/wp-content\/uploads\/2024\/03\/art-gallery-55.jpg\u00bb background_size=\u00bbinitial\u00bb background_repeat=\u00bbrepeat\u00bb width=\u00bb100%\u00bb custom_padding_tablet=\u00bb5vw||5vw||true\u00bb global_colors_info=\u00bb{}\u00bb][et_pb_row custom_padding_last_edited=\u00bboff|phone\u00bb _builder_version=\u00bb4.16&#8243; background_position=\u00bbbottom_center\u00bb custom_padding_tablet=\u00bb17vw||17vw||false\u00bb use_custom_width=\u00bbon\u00bb width_unit=\u00bboff\u00bb custom_width_percent=\u00bb100%\u00bb locked=\u00bboff\u00bb global_colors_info=\u00bb{}\u00bb][et_pb_column type=\u00bb4_4&#8243; _builder_version=\u00bb4.16&#8243; custom_padding=\u00bb|||\u00bb global_colors_info=\u00bb{}\u00bb custom_padding__hover=\u00bb|||\u00bb][et_pb_text _builder_version=\u00bb4.24.2&#8243; text_font=\u00bb||||||||\u00bb header_font=\u00bb||||||||\u00bb header_2_font=\u00bbPrata|500|||||||\u00bb header_2_font_size=\u00bb56px\u00bb header_2_line_height=\u00bb1.3em\u00bb header_3_font=\u00bb|700||on|||||\u00bb header_3_text_color=\u00bbrgba(0,0,0,0.35)\u00bb header_3_font_size=\u00bb12px\u00bb header_3_letter_spacing=\u00bb5px\u00bb header_3_line_height=\u00bb2em\u00bb transform_translate_linked=\u00bboff\u00bb text_orientation=\u00bbcenter\u00bb max_width=\u00bb700px\u00bb max_width_tablet=\u00bb70%\u00bb max_width_last_edited=\u00bboff|phone\u00bb module_alignment=\u00bbcenter\u00bb hover_enabled=\u00bb0&#8243; header_2_font_size_tablet=\u00bb40px\u00bb header_2_font_size_phone=\u00bb26px\u00bb header_2_font_size_last_edited=\u00bbon|phone\u00bb header_3_font_size_phone=\u00bb10px\u00bb header_3_font_size_last_edited=\u00bboff|desktop\u00bb module_alignment_last_edited=\u00bboff|desktop\u00bb text_text_align=\u00bbcenter\u00bb global_colors_info=\u00bb{}\u00bb sticky_enabled=\u00bb0&#8243;]<\/p>\n<h3>Un recorrido a trav\u00e9s de<\/h3>\n<h2>Im\u00e1genes y Momentos<\/h2>\n<p>[\/et_pb_text][\/et_pb_column][\/et_pb_row][et_pb_row column_structure=\u00bb1_3,1_3,1_3&#8243; _builder_version=\u00bb4.16&#8243; global_colors_info=\u00bb{}\u00bb][et_pb_column type=\u00bb1_3&#8243; _builder_version=\u00bb4.16&#8243; custom_padding=\u00bb|||\u00bb global_colors_info=\u00bb{}\u00bb custom_padding__hover=\u00bb|||\u00bb][et_pb_image src=\u00bbhttps:\/\/salondelasmujeres.ar\/wp-content\/uploads\/2024\/03\/Mariquita-Sanchez-de-Thompson_01.jpg\u00bb title_text=\u00bbMariquita Sanchez de Thompson_01&#8243; align=\u00bbcenter\u00bb _builder_version=\u00bb4.24.2&#8243; global_colors_info=\u00bb{}\u00bb][\/et_pb_image][et_pb_text ul_position=\u00bbinside\u00bb _builder_version=\u00bb4.24.2&#8243; text_font=\u00bb||||||||\u00bb ul_font=\u00bb||||||||\u00bb header_font=\u00bb|700|||||||\u00bb header_font_size=\u00bb20px\u00bb header_line_height=\u00bb1.3em\u00bb header_3_font=\u00bb|700|||||||\u00bb header_3_font_size=\u00bb14px\u00bb header_3_line_height=\u00bb1.3em\u00bb text_orientation=\u00bbcenter\u00bb hover_enabled=\u00bb0&#8243; text_text_align=\u00bbcenter\u00bb locked=\u00bboff\u00bb global_colors_info=\u00bb{}\u00bb sticky_enabled=\u00bb0&#8243;]<\/p>\n<h3>Mariquita S\u00e1nchez de Thompson.\u00a0Autor Johann Moritz Rugendas. \u00d3leo sobre tela. Montevideo (Uruguay), 1845<\/h3>\n<p>Mariquita Sanchez, \u201cpatrona\u201d del feminismo argentino. Destinada a ser recordada simplemente como \u201cla se\u00f1ora del piano del himno nacional\u201d, fue mucho m\u00e1s que eso. Luch\u00f3 desde joven por los derechos de las mujeres y su libertad de elecci\u00f3n. Y lo hizo saber<\/p>\n<p>[\/et_pb_text][\/et_pb_column][et_pb_column type=\u00bb1_3&#8243; _builder_version=\u00bb4.16&#8243; custom_padding=\u00bb|||\u00bb global_colors_info=\u00bb{}\u00bb custom_padding__hover=\u00bb|||\u00bb][et_pb_image src=\u00bbhttps:\/\/salondelasmujeres.ar\/wp-content\/uploads\/2024\/03\/Mariquita-Sanchez-de-Thompson_02.jpg\u00bb title_text=\u00bbMariquita Sanchez de Thompson_02&#8243; align=\u00bbcenter\u00bb _builder_version=\u00bb4.24.2&#8243; global_colors_info=\u00bb{}\u00bb][\/et_pb_image][et_pb_text ul_position=\u00bbinside\u00bb _builder_version=\u00bb4.24.2&#8243; text_font=\u00bb||||||||\u00bb ul_font=\u00bb||||||||\u00bb header_font=\u00bb|700|||||||\u00bb header_font_size=\u00bb20px\u00bb header_line_height=\u00bb1.3em\u00bb header_3_font=\u00bb|700|||||||\u00bb header_3_font_size=\u00bb14px\u00bb header_3_line_height=\u00bb1.3em\u00bb text_orientation=\u00bbcenter\u00bb text_text_align=\u00bbcenter\u00bb locked=\u00bboff\u00bb global_colors_info=\u00bb{}\u00bb]<\/p>\n<h3>El Himno Nacional Argentino se interpreta por primera vez. \u00d3leo sobre tela. Autor: Pedro Subercaseaux. (Medida: 3040 x 2213 mm). Instituto Nacional Sanmartiniano<\/h3>\n<p><span>Este \u00f3leo fue pintado en ocasi\u00f3n del\u00a0<\/span><span class=\"_4yxo\">Centenario de la Revoluci\u00f3n de Mayo<\/span><span>. Es un testimonio pl\u00e1stico del Centenario y no de 1813 cuando se cant\u00f3 por primera vez el Himno Nacional. Es una construcci\u00f3n visual del sal\u00f3n de la casa de<\/span><span class=\"_4yxo\"><span>\u00a0<\/span>Mariquita S\u00e1nchez de Thompson<\/span><span>, basado en las\u00a0<\/span><span class=\"_4yxp\">Tradiciones Argentinas<span>\u00a0<\/span><\/span><span>de Pastor Obligado.<\/span><\/p>\n<p>[\/et_pb_text][\/et_pb_column][et_pb_column type=\u00bb1_3&#8243; _builder_version=\u00bb4.16&#8243; custom_padding=\u00bb|||\u00bb global_colors_info=\u00bb{}\u00bb custom_padding__hover=\u00bb|||\u00bb][et_pb_image src=\u00bbhttps:\/\/salondelasmujeres.ar\/wp-content\/uploads\/2024\/03\/Mariquita-Sanchez-de-Thompson_0003.jpg\u00bb title_text=\u00bbMariquita Sanchez de Thompson_0003&#8243; align=\u00bbcenter\u00bb _builder_version=\u00bb4.24.2&#8243; global_colors_info=\u00bb{}\u00bb][\/et_pb_image][et_pb_text ul_position=\u00bbinside\u00bb _builder_version=\u00bb4.24.2&#8243; text_font=\u00bb||||||||\u00bb ul_font=\u00bb||||||||\u00bb header_font=\u00bb|700|||||||\u00bb header_font_size=\u00bb20px\u00bb header_line_height=\u00bb1.3em\u00bb header_3_font=\u00bb|700|||||||\u00bb header_3_font_size=\u00bb14px\u00bb header_3_line_height=\u00bb1.3em\u00bb text_orientation=\u00bbcenter\u00bb hover_enabled=\u00bb0&#8243; text_text_align=\u00bbcenter\u00bb locked=\u00bboff\u00bb global_colors_info=\u00bb{}\u00bb sticky_enabled=\u00bb0&#8243;]<\/p>\n<h3>Mariquita S\u00e1nchez de Thompson. Daguerrotipo de 1854.<\/h3>\n<p>\u00ab\u2026Es preciso empezar por las mujeres si se quiere civilizar un pa\u00eds, y m\u00e1s entre nosotros, que los hombres no son bastantes y que tienen las armas en la mano para destruirse constantemente\u00bb.<br \/>(Carta escrita de su pu\u00f1o y letra a mediados de 1800).<\/p>\n<p>[\/et_pb_text][\/et_pb_column][\/et_pb_row][\/et_pb_section][et_pb_section fb_built=\u00bb1&#8243; admin_label=\u00bbResume\u00bb _builder_version=\u00bb4.16&#8243; background_image=\u00bbhttps:\/\/salondelasmujeres.ar\/wp-content\/uploads\/2024\/03\/art-gallery-55.jpg\u00bb background_size=\u00bbinitial\u00bb background_repeat=\u00bbrepeat\u00bb global_colors_info=\u00bb{}\u00bb][et_pb_row custom_padding_last_edited=\u00bboff|phone\u00bb _builder_version=\u00bb4.16&#8243; background_position=\u00bbbottom_center\u00bb custom_padding_tablet=\u00bb17vw||17vw||false\u00bb use_custom_width=\u00bbon\u00bb width_unit=\u00bboff\u00bb custom_width_percent=\u00bb100%\u00bb locked=\u00bboff\u00bb global_colors_info=\u00bb{}\u00bb][et_pb_column type=\u00bb4_4&#8243; _builder_version=\u00bb4.16&#8243; custom_padding=\u00bb|||\u00bb global_colors_info=\u00bb{}\u00bb custom_padding__hover=\u00bb|||\u00bb][et_pb_text _builder_version=\u00bb4.24.2&#8243; text_font=\u00bb||||||||\u00bb header_font=\u00bb||||||||\u00bb header_2_font=\u00bbPrata|500|||||||\u00bb header_2_font_size=\u00bb56px\u00bb header_2_line_height=\u00bb1.3em\u00bb header_3_font=\u00bb|700||on|||||\u00bb header_3_text_color=\u00bbrgba(0,0,0,0.35)\u00bb header_3_font_size=\u00bb12px\u00bb header_3_letter_spacing=\u00bb5px\u00bb header_3_line_height=\u00bb2em\u00bb transform_translate_linked=\u00bboff\u00bb max_width=\u00bb700px\u00bb max_width_tablet=\u00bb70%\u00bb max_width_last_edited=\u00bboff|phone\u00bb module_alignment=\u00bbleft\u00bb header_2_font_size_tablet=\u00bb40px\u00bb header_2_font_size_phone=\u00bb26px\u00bb header_2_font_size_last_edited=\u00bbon|phone\u00bb header_3_font_size_phone=\u00bb10px\u00bb header_3_font_size_last_edited=\u00bboff|desktop\u00bb module_alignment_last_edited=\u00bboff|desktop\u00bb global_colors_info=\u00bb{}\u00bb]<\/p>\n<h3>Biograf\u00eda<\/h3>\n<p>[\/et_pb_text][\/et_pb_column][\/et_pb_row][et_pb_row _builder_version=\u00bb4.16&#8243; global_colors_info=\u00bb{}\u00bb][et_pb_column type=\u00bb4_4&#8243; _builder_version=\u00bb4.16&#8243; custom_padding=\u00bb|||\u00bb global_colors_info=\u00bb{}\u00bb custom_padding__hover=\u00bb|||\u00bb][et_pb_text ul_position=\u00bbinside\u00bb _builder_version=\u00bb4.24.2&#8243; text_font=\u00bb||||||||\u00bb ul_font=\u00bb||||||||\u00bb header_font=\u00bb|700|||||||\u00bb header_font_size=\u00bb20px\u00bb header_line_height=\u00bb1.3em\u00bb header_3_font=\u00bb|700|||||||\u00bb header_3_font_size=\u00bb14px\u00bb header_3_line_height=\u00bb1.3em\u00bb header_4_font=\u00bb|700|||||||\u00bb header_4_font_size=\u00bb14px\u00bb header_4_line_height=\u00bb1.3em\u00bb locked=\u00bboff\u00bb global_colors_info=\u00bb{}\u00bb]<\/p>\n<p>\u200bMariquita S\u00e1nchez de Thompson, cuyo nombre completo era Mar\u00eda Josepha Petrona de Todos los Santos S\u00e1nchez de Velasco y Trillo, es una figura ic\u00f3nica en la historia argentina del siglo XIX. Nacida en Buenos Aires en una familia aristocr\u00e1tica, Mariquita destac\u00f3 no solo por su posici\u00f3n social, sino tambi\u00e9n por su firmeza de car\u00e1cter y su compromiso con la causa de la libertad.<\/p>\n<p>A lo largo de su vida, Mariquita desafi\u00f3 las expectativas de su \u00e9poca al involucrarse activamente en los eventos patri\u00f3ticos que marcaron el camino hacia la independencia argentina. Su casa en la calle Unquera se convirti\u00f3 en un centro de reuni\u00f3n para las mentes m\u00e1s brillantes de la \u00e9poca, donde se debat\u00edan ideas y se gestaban acciones en pro del pa\u00eds. Fue en este mismo lugar donde el 14 de mayo de 1813 se realiz\u00f3 la primera interpretaci\u00f3n de la \u00abMarcha Patri\u00f3tica\u00bb, que m\u00e1s tarde ser\u00eda adoptada como el Himno Nacional Argentino.<\/p>\n<p>Pero el legado de Mariquita va m\u00e1s all\u00e1 de su papel como anfitriona de tertulias literarias y patri\u00f3ticas. Su compromiso con el bienestar de su comunidad la llev\u00f3 a unirse a la Sociedad de Beneficencia, donde desempe\u00f1\u00f3 un papel fundamental en la educaci\u00f3n de mujeres y en el cuidado de los m\u00e1s necesitados en hospitales y orfanatos.<\/p>\n<p>A lo largo de su vida, Mariquita enfrent\u00f3 numerosas adversidades, incluidos dos matrimonios y la separaci\u00f3n de su segundo esposo, Washington de Mendeville. Sin embargo, su determinaci\u00f3n y pasi\u00f3n por la causa patri\u00f3tica nunca flaquearon. Incluso durante los tiempos turbulentos del r\u00e9gimen de Juan Manuel de Rosas, Mariquita permaneci\u00f3 firme en sus convicciones y opt\u00f3 por exiliarse en lugar de renunciar a sus ideales.<\/p>\n<p>Hoy en d\u00eda, el legado de Mariquita S\u00e1nchez de Thompson perdura como un s\u00edmbolo de valent\u00eda y compromiso con la libertad y la justicia. Su retrato adorna el Sal\u00f3n Mujeres Argentinas en la Casa Rosada, donde es recordada como una de las figuras m\u00e1s influyentes de su tiempo. Su vida y obra son un recordatorio de la lucha de una mujer fuerte y apasionada por el progreso y la independencia de su pa\u00eds, y su historia contin\u00faa inspirando a generaciones futuras en Argentina y m\u00e1s all\u00e1.<\/p>\n<p>[\/et_pb_text][\/et_pb_column][\/et_pb_row][\/et_pb_section]<\/p>\n","protected":false},"excerpt":{"rendered":"<p>Mariquita S\u00e1nchez de Thompson Patriota &#8211; Buenos Aires, Virreinato del R\u00edo de la Plata, 1 de noviembre de 1786 \u2013 Buenos Aires, Argentina, 23 de octubre de 1868 Mar\u00eda Josepha Petrona de Todos los Santos S\u00e1nchez de Velasco y Trillo, m\u00e1s conocida como Mariquita S\u00e1nchez, fue una destacada patriota argentina nacida el 1 de noviembre [&hellip;]<\/p>\n","protected":false},"author":1,"featured_media":0,"parent":0,"menu_order":0,"comment_status":"closed","ping_status":"closed","template":"","meta":{"_et_pb_use_builder":"on","_et_pb_old_content":"","_et_gb_content_width":"","footnotes":""},"class_list":["post-290","page","type-page","status-publish","hentry"],"_links":{"self":[{"href":"https:\/\/salondelasmujeres.ar\/index.php?rest_route=\/wp\/v2\/pages\/290","targetHints":{"allow":["GET"]}}],"collection":[{"href":"https:\/\/salondelasmujeres.ar\/index.php?rest_route=\/wp\/v2\/pages"}],"about":[{"href":"https:\/\/salondelasmujeres.ar\/index.php?rest_route=\/wp\/v2\/types\/page"}],"author":[{"embeddable":true,"href":"https:\/\/salondelasmujeres.ar\/index.php?rest_route=\/wp\/v2\/users\/1"}],"replies":[{"embeddable":true,"href":"https:\/\/salondelasmujeres.ar\/index.php?rest_route=%2Fwp%2Fv2%2Fcomments&post=290"}],"version-history":[{"count":14,"href":"https:\/\/salondelasmujeres.ar\/index.php?rest_route=\/wp\/v2\/pages\/290\/revisions"}],"predecessor-version":[{"id":891,"href":"https:\/\/salondelasmujeres.ar\/index.php?rest_route=\/wp\/v2\/pages\/290\/revisions\/891"}],"wp:attachment":[{"href":"https:\/\/salondelasmujeres.ar\/index.php?rest_route=%2Fwp%2Fv2%2Fmedia&parent=290"}],"curies":[{"name":"wp","href":"https:\/\/api.w.org\/{rel}","templated":true}]}}