{"id":1213,"date":"2025-05-08T12:20:53","date_gmt":"2025-05-08T15:20:53","guid":{"rendered":"https:\/\/salondelasmujeres.ar\/?page_id=1213"},"modified":"2025-05-08T12:21:16","modified_gmt":"2025-05-08T15:21:16","slug":"maria-luisa-bemberg","status":"publish","type":"page","link":"https:\/\/salondelasmujeres.ar\/?page_id=1213","title":{"rendered":"Mar\u00eda Luisa Bemberg"},"content":{"rendered":"<p>[et_pb_section fb_built=\u00bb1&#8243; custom_padding_last_edited=\u00bboff|desktop\u00bb admin_label=\u00bbHeader\u00bb _builder_version=\u00bb4.16&#8243; background_color_gradient_direction=\u00bb188deg\u00bb background_image=\u00bbhttps:\/\/salondelasmujeres.ar\/wp-content\/uploads\/2024\/03\/art-gallery-55.jpg\u00bb background_size=\u00bbinitial\u00bb background_repeat=\u00bbrepeat\u00bb width=\u00bb100%\u00bb custom_padding_tablet=\u00bb5vw||5vw||true\u00bb global_colors_info=\u00bb{}\u00bb theme_builder_area=\u00bbpost_content\u00bb][et_pb_row custom_padding_last_edited=\u00bboff|phone\u00bb _builder_version=\u00bb4.16&#8243; background_position=\u00bbbottom_center\u00bb custom_padding_tablet=\u00bb17vw||17vw||false\u00bb use_custom_width=\u00bbon\u00bb width_unit=\u00bboff\u00bb custom_width_percent=\u00bb100%\u00bb locked=\u00bboff\u00bb global_colors_info=\u00bb{}\u00bb theme_builder_area=\u00bbpost_content\u00bb][et_pb_column type=\u00bb4_4&#8243; _builder_version=\u00bb4.16&#8243; custom_padding=\u00bb|||\u00bb global_colors_info=\u00bb{}\u00bb custom_padding__hover=\u00bb|||\u00bb theme_builder_area=\u00bbpost_content\u00bb][et_pb_text _builder_version=\u00bb4.27.4&#8243; text_font=\u00bb||||||||\u00bb header_font=\u00bb||||||||\u00bb header_2_font=\u00bbPrata|500|||||||\u00bb header_2_text_align=\u00bbleft\u00bb header_2_font_size=\u00bb56px\u00bb header_2_line_height=\u00bb1.3em\u00bb header_4_font=\u00bb|700|||||||\u00bb header_4_font_size=\u00bb16px\u00bb header_4_line_height=\u00bb1.2em\u00bb transform_translate_linked=\u00bboff\u00bb max_width=\u00bb700px\u00bb max_width_tablet=\u00bb70%\u00bb max_width_last_edited=\u00bboff|phone\u00bb hover_enabled=\u00bb0&#8243; header_2_font_size_tablet=\u00bb40px\u00bb header_2_font_size_phone=\u00bb26px\u00bb header_2_font_size_last_edited=\u00bbon|desktop\u00bb global_colors_info=\u00bb{}\u00bb theme_builder_area=\u00bbpost_content\u00bb sticky_enabled=\u00bb0&#8243;]<\/p>\n<h2>Mar\u00eda Luisa Bemberg<\/h2>\n<h4>Directora de cine y guionista .\u00a0Buenos Aires, 14 de abril de 1922 \u2013 Buenos Aires, 7 de mayo de 1995.\u00a0<\/h4>\n<p>Directora de cine, guionista y pionera del feminismo audiovisual argentino. Una de las fundadoras de la Uni\u00f3n Feminista Argentina, Bemberg llev\u00f3 al cine historias de mujeres rebeldes, cr\u00edticas a la sociedad patriarcal y miradas valientes sobre el rol femenino. Su pel\u00edcula Camila fue nominada al Oscar y su filmograf\u00eda permanece como una obra comprometida, inteligente y transformadora. Parte esencial de nuestra cultura, supo plasmar con arte y coraje una visi\u00f3n feminista del mundo desde el coraz\u00f3n de la aristocracia argentina.<\/p>\n<p>[\/et_pb_text][\/et_pb_column][\/et_pb_row][\/et_pb_section][et_pb_section fb_built=\u00bb1&#8243; custom_padding_last_edited=\u00bboff|desktop\u00bb admin_label=\u00bbWork\u00bb _builder_version=\u00bb4.16&#8243; background_color_gradient_direction=\u00bb188deg\u00bb background_image=\u00bbhttps:\/\/salondelasmujeres.ar\/wp-content\/uploads\/2024\/03\/art-gallery-55.jpg\u00bb background_size=\u00bbinitial\u00bb background_repeat=\u00bbrepeat\u00bb width=\u00bb100%\u00bb custom_padding_tablet=\u00bb5vw||5vw||true\u00bb global_colors_info=\u00bb{}\u00bb theme_builder_area=\u00bbpost_content\u00bb][et_pb_row custom_padding_last_edited=\u00bboff|phone\u00bb _builder_version=\u00bb4.16&#8243; background_position=\u00bbbottom_center\u00bb custom_padding_tablet=\u00bb17vw||17vw||false\u00bb use_custom_width=\u00bbon\u00bb width_unit=\u00bboff\u00bb custom_width_percent=\u00bb100%\u00bb locked=\u00bboff\u00bb global_colors_info=\u00bb{}\u00bb theme_builder_area=\u00bbpost_content\u00bb][et_pb_column type=\u00bb4_4&#8243; _builder_version=\u00bb4.16&#8243; custom_padding=\u00bb|||\u00bb global_colors_info=\u00bb{}\u00bb custom_padding__hover=\u00bb|||\u00bb theme_builder_area=\u00bbpost_content\u00bb][et_pb_text _builder_version=\u00bb4.24.2&#8243; text_font=\u00bb||||||||\u00bb header_font=\u00bb||||||||\u00bb header_2_font=\u00bbPrata|500|||||||\u00bb header_2_font_size=\u00bb56px\u00bb header_2_line_height=\u00bb1.3em\u00bb header_3_font=\u00bb|700||on|||||\u00bb header_3_text_color=\u00bbrgba(0,0,0,0.35)\u00bb header_3_font_size=\u00bb12px\u00bb header_3_letter_spacing=\u00bb5px\u00bb header_3_line_height=\u00bb2em\u00bb transform_translate_linked=\u00bboff\u00bb text_orientation=\u00bbcenter\u00bb max_width=\u00bb700px\u00bb max_width_tablet=\u00bb70%\u00bb max_width_last_edited=\u00bboff|phone\u00bb module_alignment=\u00bbcenter\u00bb header_2_font_size_tablet=\u00bb40px\u00bb header_2_font_size_phone=\u00bb26px\u00bb header_2_font_size_last_edited=\u00bbon|phone\u00bb header_3_font_size_phone=\u00bb10px\u00bb header_3_font_size_last_edited=\u00bboff|desktop\u00bb module_alignment_last_edited=\u00bboff|desktop\u00bb text_text_align=\u00bbcenter\u00bb global_colors_info=\u00bb{}\u00bb theme_builder_area=\u00bbpost_content\u00bb]<\/p>\n<h3>Un recorrido en<\/h3>\n<h2>Im\u00e1genes y Momentos<\/h2>\n<p>[\/et_pb_text][\/et_pb_column][\/et_pb_row][et_pb_row column_structure=\u00bb1_3,1_3,1_3&#8243; _builder_version=\u00bb4.16&#8243; global_colors_info=\u00bb{}\u00bb theme_builder_area=\u00bbpost_content\u00bb][et_pb_column type=\u00bb1_3&#8243; _builder_version=\u00bb4.16&#8243; custom_padding=\u00bb|||\u00bb global_colors_info=\u00bb{}\u00bb custom_padding__hover=\u00bb|||\u00bb theme_builder_area=\u00bbpost_content\u00bb][et_pb_image src=\u00bbhttps:\/\/salondelasmujeres.ar\/wp-content\/uploads\/2025\/05\/Maria-Luisa-Bemberg_01.webp\u00bb title_text=\u00bbMar\u00eda Luisa Bemberg_01&#8243; align=\u00bbcenter\u00bb _builder_version=\u00bb4.27.4&#8243; hover_enabled=\u00bb0&#8243; global_colors_info=\u00bb{}\u00bb theme_builder_area=\u00bbpost_content\u00bb sticky_enabled=\u00bb0&#8243;][\/et_pb_image][et_pb_text ul_position=\u00bbinside\u00bb _builder_version=\u00bb4.27.4&#8243; text_font=\u00bb||||||||\u00bb ul_font=\u00bb||||||||\u00bb header_font=\u00bb|700|||||||\u00bb header_font_size=\u00bb20px\u00bb header_line_height=\u00bb1.3em\u00bb header_3_font=\u00bb|700|||||||\u00bb header_3_font_size=\u00bb14px\u00bb header_3_line_height=\u00bb1.3em\u00bb text_orientation=\u00bbcenter\u00bb hover_enabled=\u00bb0&#8243; text_text_align=\u00bbcenter\u00bb locked=\u00bboff\u00bb global_colors_info=\u00bb{}\u00bb theme_builder_area=\u00bbpost_content\u00bb sticky_enabled=\u00bb0&#8243;]<\/p>\n<h3>Mar\u00eda Luisa Bemberg<\/h3>\n<p>A pesar de pertenecer a una elite econ\u00f3mica y social, no recibi\u00f3 educaci\u00f3n formal, hecho que marc\u00f3 su mirada cr\u00edtica sobre el lugar que se esperaba de las mujeres de su clase.<\/p>\n<p>[\/et_pb_text][\/et_pb_column][et_pb_column type=\u00bb1_3&#8243; _builder_version=\u00bb4.16&#8243; custom_padding=\u00bb|||\u00bb global_colors_info=\u00bb{}\u00bb custom_padding__hover=\u00bb|||\u00bb theme_builder_area=\u00bbpost_content\u00bb][et_pb_image src=\u00bbhttps:\/\/salondelasmujeres.ar\/wp-content\/uploads\/2025\/05\/Maria-Luisa-Bemberg_02.webp\u00bb title_text=\u00bbMar\u00eda Luisa Bemberg_02&#8243; align=\u00bbcenter\u00bb _builder_version=\u00bb4.27.4&#8243; hover_enabled=\u00bb0&#8243; global_colors_info=\u00bb{}\u00bb theme_builder_area=\u00bbpost_content\u00bb sticky_enabled=\u00bb0&#8243;][\/et_pb_image][et_pb_text ul_position=\u00bbinside\u00bb _builder_version=\u00bb4.27.4&#8243; text_font=\u00bb||||||||\u00bb ul_font=\u00bb||||||||\u00bb header_font=\u00bb|700|||||||\u00bb header_font_size=\u00bb20px\u00bb header_line_height=\u00bb1.3em\u00bb header_3_font=\u00bb|700|||||||\u00bb header_3_font_size=\u00bb14px\u00bb header_3_line_height=\u00bb1.3em\u00bb text_orientation=\u00bbcenter\u00bb hover_enabled=\u00bb0&#8243; text_text_align=\u00bbcenter\u00bb locked=\u00bboff\u00bb global_colors_info=\u00bb{}\u00bb theme_builder_area=\u00bbpost_content\u00bb sticky_enabled=\u00bb0&#8243;]<\/p>\n<h3>Pel\u00edcula \u00abCamila\u00bb (1984)<\/h3>\n<p>La historia de Camila O&#8217;Gorman. \u00c9xito internacional que obtuvo una nominaci\u00f3n al Oscar.<\/p>\n<p>[\/et_pb_text][\/et_pb_column][et_pb_column type=\u00bb1_3&#8243; _builder_version=\u00bb4.16&#8243; custom_padding=\u00bb|||\u00bb global_colors_info=\u00bb{}\u00bb custom_padding__hover=\u00bb|||\u00bb theme_builder_area=\u00bbpost_content\u00bb][et_pb_image src=\u00bbhttps:\/\/salondelasmujeres.ar\/wp-content\/uploads\/2025\/05\/Maria-Luisa-Bemberg_04.webp\u00bb title_text=\u00bbMar\u00eda Luisa Bemberg_04&#8243; align=\u00bbcenter\u00bb _builder_version=\u00bb4.27.4&#8243; hover_enabled=\u00bb0&#8243; global_colors_info=\u00bb{}\u00bb theme_builder_area=\u00bbpost_content\u00bb sticky_enabled=\u00bb0&#8243;][\/et_pb_image][et_pb_text ul_position=\u00bbinside\u00bb _builder_version=\u00bb4.27.4&#8243; text_font=\u00bb||||||||\u00bb ul_font=\u00bb||||||||\u00bb header_font=\u00bb|700|||||||\u00bb header_font_size=\u00bb20px\u00bb header_line_height=\u00bb1.3em\u00bb header_3_font=\u00bb|700|||||||\u00bb header_3_font_size=\u00bb14px\u00bb header_3_line_height=\u00bb1.3em\u00bb text_orientation=\u00bbcenter\u00bb hover_enabled=\u00bb0&#8243; text_text_align=\u00bbcenter\u00bb locked=\u00bboff\u00bb global_colors_info=\u00bb{}\u00bb theme_builder_area=\u00bbpost_content\u00bb sticky_enabled=\u00bb0&#8243;]<\/p>\n<h3>A prop\u00f3sito del estreno de su primer largometraje, Bemberg escribi\u00f3:<\/h3>\n<p>\u00abSab\u00eda que si mi pel\u00edcula sal\u00eda mal no iban a decir &#8216;\u00a1qu\u00e9 bestia, la Bemberg!&#8217; sino &#8216;\u00bfNo ven que las mujeres no sirven para hacer cine?&#8217;, y ah\u00ed ca\u00edan en la volteada millones de mujeres inocentes\u00bb.<\/p>\n<p>[\/et_pb_text][\/et_pb_column][\/et_pb_row][\/et_pb_section][et_pb_section fb_built=\u00bb1&#8243; admin_label=\u00bbResume\u00bb _builder_version=\u00bb4.16&#8243; background_image=\u00bbhttps:\/\/salondelasmujeres.ar\/wp-content\/uploads\/2024\/03\/art-gallery-55.jpg\u00bb background_size=\u00bbinitial\u00bb background_repeat=\u00bbrepeat\u00bb global_colors_info=\u00bb{}\u00bb theme_builder_area=\u00bbpost_content\u00bb][et_pb_row custom_padding_last_edited=\u00bboff|phone\u00bb _builder_version=\u00bb4.16&#8243; background_position=\u00bbbottom_center\u00bb custom_padding_tablet=\u00bb17vw||17vw||false\u00bb use_custom_width=\u00bbon\u00bb width_unit=\u00bboff\u00bb custom_width_percent=\u00bb100%\u00bb locked=\u00bboff\u00bb global_colors_info=\u00bb{}\u00bb theme_builder_area=\u00bbpost_content\u00bb][et_pb_column type=\u00bb4_4&#8243; _builder_version=\u00bb4.16&#8243; custom_padding=\u00bb|||\u00bb global_colors_info=\u00bb{}\u00bb custom_padding__hover=\u00bb|||\u00bb theme_builder_area=\u00bbpost_content\u00bb][et_pb_text _builder_version=\u00bb4.24.2&#8243; text_font=\u00bb||||||||\u00bb header_font=\u00bb||||||||\u00bb header_2_font=\u00bbPrata|500|||||||\u00bb header_2_font_size=\u00bb56px\u00bb header_2_line_height=\u00bb1.3em\u00bb header_3_font=\u00bb|700||on|||||\u00bb header_3_text_color=\u00bbrgba(0,0,0,0.35)\u00bb header_3_font_size=\u00bb12px\u00bb header_3_letter_spacing=\u00bb5px\u00bb header_3_line_height=\u00bb2em\u00bb transform_translate_linked=\u00bboff\u00bb max_width=\u00bb700px\u00bb max_width_tablet=\u00bb70%\u00bb max_width_last_edited=\u00bboff|phone\u00bb module_alignment=\u00bbleft\u00bb header_2_font_size_tablet=\u00bb40px\u00bb header_2_font_size_phone=\u00bb26px\u00bb header_2_font_size_last_edited=\u00bbon|phone\u00bb header_3_font_size_phone=\u00bb10px\u00bb header_3_font_size_last_edited=\u00bboff|desktop\u00bb module_alignment_last_edited=\u00bboff|desktop\u00bb global_colors_info=\u00bb{}\u00bb theme_builder_area=\u00bbpost_content\u00bb]<\/p>\n<h3>Biograf\u00eda<\/h3>\n<p>[\/et_pb_text][\/et_pb_column][\/et_pb_row][et_pb_row _builder_version=\u00bb4.27.4&#8243; hover_enabled=\u00bb0&#8243; global_colors_info=\u00bb{}\u00bb theme_builder_area=\u00bbpost_content\u00bb sticky_enabled=\u00bb0&#8243;][et_pb_column type=\u00bb4_4&#8243; _builder_version=\u00bb4.16&#8243; custom_padding=\u00bb|||\u00bb global_colors_info=\u00bb{}\u00bb custom_padding__hover=\u00bb|||\u00bb theme_builder_area=\u00bbpost_content\u00bb][et_pb_text ul_position=\u00bbinside\u00bb _builder_version=\u00bb4.27.4&#8243; text_font=\u00bb||||||||\u00bb ul_font=\u00bb||||||||\u00bb header_font=\u00bb|700|||||||\u00bb header_font_size=\u00bb20px\u00bb header_line_height=\u00bb1.3em\u00bb header_3_font=\u00bb|700|||||||\u00bb header_3_font_size=\u00bb14px\u00bb header_3_line_height=\u00bb1.3em\u00bb header_4_font=\u00bb|700|||||||\u00bb header_4_font_size=\u00bb14px\u00bb header_4_line_height=\u00bb1.3em\u00bb hover_enabled=\u00bb0&#8243; locked=\u00bboff\u00bb global_colors_info=\u00bb{}\u00bb theme_builder_area=\u00bbpost_content\u00bb sticky_enabled=\u00bb0&#8243;]<\/p>\n<p><strong>Mar\u00eda Luisa Bemberg: la mujer que film\u00f3 la rebeld\u00eda<\/strong><\/p>\n<p><strong>Or\u00edgenes y formaci\u00f3n autodidacta<\/strong><br \/>Naci\u00f3 en Buenos Aires el 14 de abril de 1922 en el seno de la poderosa familia Bemberg, fundadora de la Cervecer\u00eda Quilmes. A pesar de pertenecer a una elite econ\u00f3mica y social, no recibi\u00f3 educaci\u00f3n formal, hecho que marc\u00f3 su mirada cr\u00edtica sobre el lugar que se esperaba de las mujeres de su clase. Desde joven, se interes\u00f3 por el arte, el teatro y la literatura, siendo una apasionada lectora de Julio Cort\u00e1zar.<\/p>\n<p><strong>De empresaria teatral a cineasta feminista<\/strong><br \/>Su carrera comenz\u00f3 en 1959 con la fundaci\u00f3n del Teatro del Globo junto a Catalina Wolff. A partir de all\u00ed, escribi\u00f3 guiones y tom\u00f3 contacto con grandes nombres del cine y el teatro, como Lee Strasberg en Nueva York y Beatriz Matar en Argentina. Su primer acercamiento al cine fue como guionista de Cr\u00f3nica de una se\u00f1ora (1971), y m\u00e1s tarde de Tri\u00e1ngulo de cuatro (1975).<\/p>\n<p>En 1981, ya con 58 a\u00f1os, dirigi\u00f3 su primer largometraje: Momentos, obra que fue combatida por la censura de la dictadura. A partir de all\u00ed, su carrera despeg\u00f3 como una de las m\u00e1s comprometidas con la mirada de g\u00e9nero en el cine nacional.<\/p>\n<p><strong>Tem\u00e1ticas, estilo y legado<\/strong><br \/>Bemberg enfoc\u00f3 su obra en la emancipaci\u00f3n femenina, la denuncia de las estructuras patriarcales y la representaci\u00f3n de mujeres fuertes y desobedientes. En Se\u00f1ora de nadie, Miss Mary o Yo, la peor de todas, retrat\u00f3 la lucha contra el rol impuesto a las mujeres por la iglesia, la familia y la sociedad. Su mirada se caracteriz\u00f3 por la iron\u00eda, el detalle y una profundidad psicol\u00f3gica inusual en el cine argentino de su \u00e9poca.<\/p>\n<p>Camila (1984), sobre la historia de Camila O&#8217;Gorman, fue un \u00e9xito internacional y obtuvo una nominaci\u00f3n al Oscar. Con Yo, la peor de todas (1990), basada en la vida de Sor Juana In\u00e9s de la Cruz, reafirm\u00f3 su prestigio internacional.<\/p>\n<p><strong>Vida personal y convicciones<\/strong><br \/>Se cas\u00f3 en 1945 con el arquitecto Carlos Mar\u00eda Miguens y tuvo cuatro hijos. Vivi\u00f3 en Europa hasta 1954, y diez a\u00f1os m\u00e1s tarde se divorci\u00f3, experiencia que inspir\u00f3 el t\u00edtulo de una de sus pel\u00edculas m\u00e1s conocidas: Se\u00f1ora de nadie. Fue cofundadora de la Uni\u00f3n Feminista Argentina y comprometida activista por los derechos de las mujeres. En sus propias palabras: \u00abSab\u00eda que si mi pel\u00edcula sal\u00eda mal, no iban a decir \u2018\u00a1qu\u00e9 bestia, la Bemberg!\u2019, sino \u2018\u00bfno ven que las mujeres no sirven para hacer cine?\u2019\u00bb.<\/p>\n<p><strong>\u00daltimos a\u00f1os y homenajes<\/strong><br \/>Falleci\u00f3 el 7 de mayo de 1995 en Buenos Aires, a los 73 a\u00f1os, mientras trabajaba en el guion de <em>El impostor<\/em>, basado en un cuento de Silvina Ocampo. Su colaborador Alejandro Maci complet\u00f3 el proyecto y la pel\u00edcula se estren\u00f3 en 1997.<\/p>\n<p>Fue declarada Personalidad Em\u00e9rita de la Cultura Argentina y recibi\u00f3 m\u00faltiples premios nacionales e internacionales. En 2021, se estren\u00f3 el documental El eco de mi voz, y en 2022, al cumplirse el centenario de su nacimiento, se le rindi\u00f3 homenaje con una retrospectiva en el Museo del Cine.<\/p>\n<p>[\/et_pb_text][\/et_pb_column][\/et_pb_row][\/et_pb_section]<\/p>\n","protected":false},"excerpt":{"rendered":"<p>Mar\u00eda Luisa Bemberg Directora de cine y guionista .\u00a0Buenos Aires, 14 de abril de 1922 \u2013 Buenos Aires, 7 de mayo de 1995.\u00a0 Directora de cine, guionista y pionera del feminismo audiovisual argentino. Una de las fundadoras de la Uni\u00f3n Feminista Argentina, Bemberg llev\u00f3 al cine historias de mujeres rebeldes, cr\u00edticas a la sociedad patriarcal [&hellip;]<\/p>\n","protected":false},"author":1,"featured_media":0,"parent":0,"menu_order":0,"comment_status":"closed","ping_status":"closed","template":"","meta":{"_et_pb_use_builder":"on","_et_pb_old_content":"","_et_gb_content_width":"","footnotes":""},"class_list":["post-1213","page","type-page","status-publish","hentry"],"_links":{"self":[{"href":"https:\/\/salondelasmujeres.ar\/index.php?rest_route=\/wp\/v2\/pages\/1213","targetHints":{"allow":["GET"]}}],"collection":[{"href":"https:\/\/salondelasmujeres.ar\/index.php?rest_route=\/wp\/v2\/pages"}],"about":[{"href":"https:\/\/salondelasmujeres.ar\/index.php?rest_route=\/wp\/v2\/types\/page"}],"author":[{"embeddable":true,"href":"https:\/\/salondelasmujeres.ar\/index.php?rest_route=\/wp\/v2\/users\/1"}],"replies":[{"embeddable":true,"href":"https:\/\/salondelasmujeres.ar\/index.php?rest_route=%2Fwp%2Fv2%2Fcomments&post=1213"}],"version-history":[{"count":2,"href":"https:\/\/salondelasmujeres.ar\/index.php?rest_route=\/wp\/v2\/pages\/1213\/revisions"}],"predecessor-version":[{"id":1216,"href":"https:\/\/salondelasmujeres.ar\/index.php?rest_route=\/wp\/v2\/pages\/1213\/revisions\/1216"}],"wp:attachment":[{"href":"https:\/\/salondelasmujeres.ar\/index.php?rest_route=%2Fwp%2Fv2%2Fmedia&parent=1213"}],"curies":[{"name":"wp","href":"https:\/\/api.w.org\/{rel}","templated":true}]}}