{"id":101,"date":"2024-03-19T00:24:17","date_gmt":"2024-03-19T03:24:17","guid":{"rendered":"https:\/\/salondelasmujeres.ar\/?page_id=101"},"modified":"2024-03-27T17:44:02","modified_gmt":"2024-03-27T20:44:02","slug":"sobre-nosotras","status":"publish","type":"page","link":"https:\/\/salondelasmujeres.ar\/?page_id=101","title":{"rendered":"Sobre Nosotras"},"content":{"rendered":"<p>[et_pb_section fb_built=\u00bb1&#8243; admin_label=\u00bbHeader\u00bb _builder_version=\u00bb4.16&#8243; background_image=\u00bbhttps:\/\/salondelasmujeres.ar\/wp-content\/uploads\/2024\/03\/art-gallery-55.jpg\u00bb background_size=\u00bbinitial\u00bb background_repeat=\u00bbrepeat\u00bb global_colors_info=\u00bb{}\u00bb][et_pb_row custom_padding_last_edited=\u00bboff|phone\u00bb _builder_version=\u00bb4.16&#8243; background_position=\u00bbbottom_center\u00bb custom_padding_tablet=\u00bb17vw||17vw||false\u00bb use_custom_width=\u00bbon\u00bb width_unit=\u00bboff\u00bb custom_width_percent=\u00bb100%\u00bb locked=\u00bboff\u00bb global_colors_info=\u00bb{}\u00bb][et_pb_column type=\u00bb4_4&#8243; _builder_version=\u00bb4.16&#8243; custom_padding=\u00bb|||\u00bb global_colors_info=\u00bb{}\u00bb custom_padding__hover=\u00bb|||\u00bb][et_pb_text _builder_version=\u00bb4.24.2&#8243; text_font=\u00bb||||||||\u00bb header_font=\u00bb||||||||\u00bb header_2_font=\u00bbPrata|500|||||||\u00bb header_2_text_align=\u00bbleft\u00bb header_2_font_size=\u00bb56px\u00bb header_2_line_height=\u00bb1.3em\u00bb transform_translate_linked=\u00bboff\u00bb max_width=\u00bb100%\u00bb max_width_tablet=\u00bb70%\u00bb max_width_last_edited=\u00bboff|phone\u00bb header_2_font_size_tablet=\u00bb40px\u00bb header_2_font_size_phone=\u00bb26px\u00bb header_2_font_size_last_edited=\u00bbon|desktop\u00bb global_colors_info=\u00bb{}\u00bb]<\/p>\n<h2>Sobre Nosotras<\/h2>\n<p>[\/et_pb_text][\/et_pb_column][\/et_pb_row][et_pb_row _builder_version=\u00bb4.16&#8243; global_colors_info=\u00bb{}\u00bb][et_pb_column type=\u00bb4_4&#8243; _builder_version=\u00bb4.16&#8243; custom_padding=\u00bb|||\u00bb global_colors_info=\u00bb{}\u00bb custom_padding__hover=\u00bb|||\u00bb][et_pb_text _builder_version=\u00bb4.24.2&#8243; text_font=\u00bb||||||||\u00bb header_font=\u00bb||||||||\u00bb max_width=\u00bb700px\u00bb module_alignment=\u00bbcenter\u00bb hover_enabled=\u00bb0&#8243; global_colors_info=\u00bb{}\u00bb sticky_enabled=\u00bb0&#8243;]<\/p>\n<p>Este espacio fue creado para sostener en la memoria colectiva el Sal\u00f3n conocido como \u00abSal\u00f3n de las Mujeres de Casa Rosada\u00bb, creado el 06 de Marzo de 2009 y desmantelado el\u00a0 08 de Marzo de 2024, por el Presidente Javier Milei, el mismo d\u00eda en el que en nuestro pa\u00eds, Argentina, se conmemora el D\u00eda de la Mujer.<\/p>\n<p>Su nombre al momento de ser inaugurado por Cristina Fern\u00e1ndez de Kirchner, el 06 de Marzo de 2009, fue \u00abSal\u00f3n de las Mujeres del Bicentenario\u00bb, ubicado en la Casa Rosada. El Sal\u00f3n era utilizado para eventos importantes, reuniones y all\u00ed se exhib\u00edan las im\u00e1genes de 14 mujeres fundamentales de nuestra historia: Mar\u00eda Remedios Del Valle, Mariquita S\u00e1nchez De Thompson, Juana Azurduy, Lola Mora, Alfonsina Storni, Cecilia Grierson, Alicia Moreau De Justo, Eva Duarte, Victoria Ocampo, Tita Merello, Mercedes Sosa, Madres De Plaza De Mayo, Aim\u00e9 Pain\u00e9 y Blackie.<\/p>\n<p>Pocos a\u00f1os despu\u00e9s, con el cambio de autoridades qued\u00f3 practicamente abandonado, olvidado y fuera de uso, fue subdivido y convertido en oficinas por la gesti\u00f3n del presidente Mauricio Macri en 2015.<\/p>\n<p>Al asumir en diciembre de 2019, el presidente Alberto Fern\u00e1ndez decidi\u00f3 recuperar ese espacio de homenaje a las grandes mujeres de la historia del pa\u00eds, e incorporar el reconocimiento a quienes lucharon por la igualdad de g\u00e9nero. Es as\u00ed como queda inaugurada a su vez la antesala de \u00abMujeres, G\u00e9neros y Diversidad\u00bb, donde se incorporaron las im\u00e1genes de: Diana Sacay\u00e1n, Claudia P\u00eda Baudrucco, Mujeres De Malvinas, N\u00e9stor Perlongher, Lohana Berkins, Carlos J\u00e1uregui, Mar\u00eda Elena Walsh y Mar\u00eda Florentina Gomez Miranda.<\/p>\n<p>Este sitio web es una r\u00e9plica \u00abvirtual\u00bb de aquellas Salas que fueron borradas de la Casa Rosada. Y como dec\u00eda Alicia Moreau de Justo: \u201cRecuerden las mujeres que dispersas las fuerzas se debilitan y que para conseguir el bien com\u00fan es necesario sacudir la apat\u00eda y elevarse por encima del bienestar del momento presente\u201d&#8230; aqu\u00ed estamos, no nos han dispersado. Es m\u00e1s, agregaremos nuevas \u00abSalas\u00bb o secciones para visibilizar que en Argentina, el feminismo ha sido hist\u00f3ricamente una fuerza impulsora en la lucha por los derechos de las mujeres y la diversidad. Desde las pioneras del siglo XIX, quienes lucharon por la educaci\u00f3n y la emancipaci\u00f3n femenina, hasta los movimientos contempor\u00e1neos, como \u00abNi Una Menos\u00bb, que demandan a\u00fan igualdad salarial, la eliminaci\u00f3n de leyes discriminatorias y de una cultura que las subestimaba.<\/p>\n<p>Es fundamental que, en momentos como este, en los que los espacios dedicados a la historia y la lucha de las mujeres est\u00e1n siendo desmantelados, reafirmemos nuestro compromiso con la igualdad de g\u00e9nero y la diversidad. Recordemos siempre el legado de aquellas mujeres valientes que nos precedieron y continuemos luchando por un futuro en el que todas las personas sean tratadas con dignidad y respeto, independientemente de su g\u00e9nero u orientaci\u00f3n sexual.<\/p>\n<p>[\/et_pb_text][\/et_pb_column][\/et_pb_row][\/et_pb_section][et_pb_section fb_built=\u00bb1&#8243; admin_label=\u00bbAbout\u00bb _builder_version=\u00bb4.16&#8243; background_image=\u00bbhttps:\/\/salondelasmujeres.ar\/wp-content\/uploads\/2024\/03\/art-gallery-55.jpg\u00bb background_size=\u00bbinitial\u00bb background_repeat=\u00bbrepeat\u00bb global_colors_info=\u00bb{}\u00bb][et_pb_row column_structure=\u00bb2_5,3_5&#8243; _builder_version=\u00bb4.16&#8243; max_width=\u00bb1280px\u00bb global_colors_info=\u00bb{}\u00bb][et_pb_column type=\u00bb2_5&#8243; _builder_version=\u00bb4.16&#8243; custom_padding=\u00bb|||\u00bb global_colors_info=\u00bb{}\u00bb custom_padding__hover=\u00bb|||\u00bb][et_pb_image src=\u00bbhttps:\/\/salondelasmujeres.ar\/wp-content\/uploads\/2024\/03\/Salon-de-las-mujeres-02.jpg\u00bb title_text=\u00bbSalon de las mujeres 02&#8243; _builder_version=\u00bb4.24.2&#8243; background_image=\u00bbhttps:\/\/salondelasmujeres.ar\/wp-content\/uploads\/2024\/03\/art-gallery-56.png\u00bb background_size=\u00bbinitial\u00bb background_position=\u00bbbottom_left\u00bb max_width_tablet=\u00bb560px\u00bb max_width_last_edited=\u00bboff|tablet\u00bb module_alignment=\u00bbright\u00bb custom_margin=\u00bb|-200px||\u00bb custom_margin_tablet=\u00bb|0px||\u00bb custom_margin_phone=\u00bb\u00bb custom_margin_last_edited=\u00bbon|tablet\u00bb custom_padding=\u00bb||40px|78px||\u00bb custom_padding_tablet=\u00bb40px|30px|0px|0px\u00bb custom_padding_phone=\u00bb\u00bb custom_padding_last_edited=\u00bbon|tablet\u00bb background_last_edited=\u00bbon|desktop\u00bb background_position_tablet=\u00bbtop_right\u00bb box_shadow_style=\u00bbpreset3&#8243; box_shadow_vertical=\u00bb20px\u00bb box_shadow_blur=\u00bb80px\u00bb box_shadow_spread=\u00bb0px\u00bb box_shadow_color=\u00bbrgba(67,58,122,0.2)\u00bb global_colors_info=\u00bb{}\u00bb][\/et_pb_image][et_pb_video src=\u00bbhttps:\/\/salondelasmujeres.ar\/wp-content\/uploads\/2024\/03\/Header-inicio-Salon-de-la-Mujeres.mp4&#8243; image_src=\u00bbhttps:\/\/salondelasmujeres.ar\/wp-content\/uploads\/2024\/03\/Portada-Video-Salon-Mujeres.jpg\u00bb _builder_version=\u00bb4.24.2&#8243; _module_preset=\u00bbdefault\u00bb global_colors_info=\u00bb{}\u00bb][\/et_pb_video][et_pb_video src=\u00bbhttps:\/\/salondelasmujeres.ar\/wp-content\/uploads\/2024\/03\/Header-Sala-Mujeres-Generos-Diversidad.mp4&#8243; image_src=\u00bbhttps:\/\/salondelasmujeres.ar\/wp-content\/uploads\/2024\/03\/Portada-Video-Sala-M-Genero-Diversidad.jpg\u00bb _builder_version=\u00bb4.24.2&#8243; _module_preset=\u00bbdefault\u00bb global_colors_info=\u00bb{}\u00bb][\/et_pb_video][\/et_pb_column][et_pb_column type=\u00bb3_5&#8243; _builder_version=\u00bb4.16&#8243; custom_padding=\u00bb|||\u00bb global_colors_info=\u00bb{}\u00bb custom_padding__hover=\u00bb|||\u00bb][et_pb_text _builder_version=\u00bb4.24.2&#8243; text_font=\u00bb||||||||\u00bb header_font=\u00bb|700|||||||\u00bb header_font_size=\u00bb20px\u00bb header_line_height=\u00bb1.3em\u00bb header_3_font=\u00bb|700|||||||\u00bb header_3_font_size=\u00bb20px\u00bb header_3_line_height=\u00bb1.3em\u00bb background_color=\u00bb#ffffff\u00bb custom_margin=\u00bb150px||\u00bb custom_margin_tablet=\u00bb0px|||\u00bb custom_margin_phone=\u00bb\u00bb custom_margin_last_edited=\u00bbon|tablet\u00bb custom_padding=\u00bb40px|40px|40px|40px|true|true\u00bb hover_enabled=\u00bb0&#8243; header_font_size_tablet=\u00bb\u00bb header_font_size_phone=\u00bb\u00bb header_font_size_last_edited=\u00bbon|desktop\u00bb box_shadow_style=\u00bbpreset3&#8243; box_shadow_horizontal=\u00bb-70px\u00bb box_shadow_vertical=\u00bb70px\u00bb box_shadow_blur=\u00bb80px\u00bb box_shadow_spread=\u00bb0px\u00bb box_shadow_color=\u00bbrgba(67,58,122,0.1)\u00bb global_colors_info=\u00bb{}\u00bb sticky_enabled=\u00bb0&#8243;]<\/p>\n<h3>Palabras de <span>Alicia Moreau de Justo<\/span><\/h3>\n<p>&nbsp;<\/p>\n<p><strong>Entrevista a Alicia Moreau de Justo.\u00a0Fuente: Revista Qu\u00e9, N\u00ba 56, 26 de agosto de 1947.<\/strong><\/p>\n<p>\u00abPara cumplir las decisiones internacionales son menester gobiernos respetuosos de sus compromisos, no s\u00f3lo en la forma sino en el fondo: gobiernos que sean la expresi\u00f3n genuina de la voluntad del pueblo, que respeten las libertades y los derechos, no s\u00f3lo en la forma sino en el fondo. En una palabra: la brega por la paz exige ante todo el afianzamiento de la democracia. Esta es el m\u00e1s precioso instrumento de acci\u00f3n para lograr la supresi\u00f3n de las guerras. Todo r\u00e9gimen basado sobre la autoridad unipersonal, de clan o de casta, s\u00f3lo se mantiene por la fuerza. La fuerza armada implica un proceso que se alimenta y engrandece por una especie de poder inmanente. No puede detenerse: absorbe poco a poco a la naci\u00f3n. En sus comienzos parece enriquecerla: se fabrica, se construye, hay trabajo y dinero: pero a poco de andar las reservas vitales quedan absorbidas y se aproxima la ruina: los gobernantes quieren escapar a ella lanz\u00e1ndose a la conquista, y de ah\u00ed a la guerra. El esfuerzo pacifista, para no ser vano, debe forzosamente tener objetivos claros y concretos, luchar contra el autoritarismo, contra el imperialismo econ\u00f3mico y pol\u00edtico que precede y encauza al militar\u00bb.<\/p>\n<p>[\/et_pb_text][\/et_pb_column][\/et_pb_row][et_pb_row column_structure=\u00bb1_3,1_3,1_3&#8243; disabled_on=\u00bbon|on|on\u00bb _builder_version=\u00bb4.16&#8243; disabled=\u00bbon\u00bb global_colors_info=\u00bb{}\u00bb][et_pb_column type=\u00bb1_3&#8243; _builder_version=\u00bb4.16&#8243; custom_padding=\u00bb|||\u00bb global_colors_info=\u00bb{}\u00bb custom_padding__hover=\u00bb|||\u00bb][et_pb_text ul_position=\u00bbinside\u00bb _builder_version=\u00bb4.16&#8243; text_font=\u00bb||||||||\u00bb ul_font=\u00bb||||||||\u00bb header_font=\u00bb|700|||||||\u00bb header_font_size=\u00bb20px\u00bb header_line_height=\u00bb1.3em\u00bb header_3_font=\u00bb|700|||||||\u00bb header_3_font_size=\u00bb20px\u00bb header_3_line_height=\u00bb1.3em\u00bb global_colors_info=\u00bb{}\u00bb]<\/p>\n<h3>Curatorial Affairs<\/h3>\n<ul>\n<li>Lorem ipsum dolor<\/li>\n<li>Consectetuer adipiscing<\/li>\n<li>Aliquam tincidunt<\/li>\n<li>Vestibulum auctor<\/li>\n<li>Dapibus neque<\/li>\n<li>Nunc dignissim risus<\/li>\n<\/ul>\n<p>[\/et_pb_text][\/et_pb_column][et_pb_column type=\u00bb1_3&#8243; _builder_version=\u00bb4.16&#8243; custom_padding=\u00bb|||\u00bb global_colors_info=\u00bb{}\u00bb custom_padding__hover=\u00bb|||\u00bb][et_pb_text ul_position=\u00bbinside\u00bb _builder_version=\u00bb4.16&#8243; text_font=\u00bb||||||||\u00bb ul_font=\u00bb||||||||\u00bb header_font=\u00bb|700|||||||\u00bb header_font_size=\u00bb20px\u00bb header_line_height=\u00bb1.3em\u00bb header_3_font=\u00bb|700|||||||\u00bb header_3_font_size=\u00bb20px\u00bb header_3_line_height=\u00bb1.3em\u00bb locked=\u00bboff\u00bb global_colors_info=\u00bb{}\u00bb]<\/p>\n<h3>Public Relations<\/h3>\n<ul>\n<li>Lorem ipsum dolor<\/li>\n<li>Consectetuer adipiscing<\/li>\n<li>Aliquam tincidunt<\/li>\n<li>Vestibulum auctor<\/li>\n<li>Dapibus neque<\/li>\n<li>Nunc dignissim risus<\/li>\n<\/ul>\n<p>[\/et_pb_text][\/et_pb_column][et_pb_column type=\u00bb1_3&#8243; _builder_version=\u00bb4.16&#8243; custom_padding=\u00bb|||\u00bb global_colors_info=\u00bb{}\u00bb custom_padding__hover=\u00bb|||\u00bb][et_pb_text ul_position=\u00bbinside\u00bb _builder_version=\u00bb4.16&#8243; text_font=\u00bb||||||||\u00bb ul_font=\u00bb||||||||\u00bb header_font=\u00bb|700|||||||\u00bb header_font_size=\u00bb20px\u00bb header_line_height=\u00bb1.3em\u00bb header_3_font=\u00bb|700|||||||\u00bb header_3_font_size=\u00bb20px\u00bb header_3_line_height=\u00bb1.3em\u00bb locked=\u00bboff\u00bb global_colors_info=\u00bb{}\u00bb]<\/p>\n<h3>Administrations<\/h3>\n<ul>\n<li>Lorem ipsum dolor<\/li>\n<li>Consectetuer adipiscing<\/li>\n<li>Aliquam tincidunt<\/li>\n<li>Vestibulum auctor<\/li>\n<li>Dapibus neque<\/li>\n<li>Nunc dignissim risus<\/li>\n<\/ul>\n<p>[\/et_pb_text][\/et_pb_column][\/et_pb_row][\/et_pb_section][et_pb_section fb_built=\u00bb1&#8243; disabled_on=\u00bbon|on|on\u00bb admin_label=\u00bbFeatures\u00bb _builder_version=\u00bb4.16&#8243; background_image=\u00bbhttps:\/\/salondelasmujeres.ar\/wp-content\/uploads\/2024\/03\/art-gallery-55.jpg\u00bb background_size=\u00bbinitial\u00bb background_repeat=\u00bbrepeat\u00bb disabled=\u00bbon\u00bb global_colors_info=\u00bb{}\u00bb][et_pb_row custom_padding_last_edited=\u00bboff|phone\u00bb _builder_version=\u00bb4.16&#8243; background_position=\u00bbbottom_center\u00bb custom_padding_tablet=\u00bb17vw||17vw||false\u00bb use_custom_width=\u00bbon\u00bb width_unit=\u00bboff\u00bb custom_width_percent=\u00bb100%\u00bb locked=\u00bboff\u00bb global_colors_info=\u00bb{}\u00bb][et_pb_column type=\u00bb4_4&#8243; _builder_version=\u00bb4.16&#8243; custom_padding=\u00bb|||\u00bb global_colors_info=\u00bb{}\u00bb custom_padding__hover=\u00bb|||\u00bb][et_pb_text _builder_version=\u00bb4.16&#8243; text_font=\u00bb||||||||\u00bb header_font=\u00bb||||||||\u00bb header_2_font=\u00bbPrata|500|||||||\u00bb header_2_font_size=\u00bb56px\u00bb header_2_line_height=\u00bb1.3em\u00bb header_3_font=\u00bb|700||on|||||\u00bb header_3_text_color=\u00bbrgba(0,0,0,0.35)\u00bb header_3_font_size=\u00bb12px\u00bb header_3_letter_spacing=\u00bb5px\u00bb header_3_line_height=\u00bb2em\u00bb transform_translate_linked=\u00bboff\u00bb text_orientation=\u00bbcenter\u00bb max_width=\u00bb700px\u00bb max_width_tablet=\u00bb70%\u00bb max_width_last_edited=\u00bboff|phone\u00bb module_alignment=\u00bbcenter\u00bb header_2_font_size_tablet=\u00bb40px\u00bb header_2_font_size_phone=\u00bb26px\u00bb header_2_font_size_last_edited=\u00bbon|phone\u00bb header_3_font_size_phone=\u00bb10px\u00bb header_3_font_size_last_edited=\u00bboff|desktop\u00bb module_alignment_last_edited=\u00bboff|desktop\u00bb text_text_align=\u00bbcenter\u00bb global_colors_info=\u00bb{}\u00bb]<\/p>\n<h3>Visit<\/h3>\n<h2>Make Yourself at Home<\/h2>\n<p>[\/et_pb_text][\/et_pb_column][\/et_pb_row][et_pb_row column_structure=\u00bb1_4,1_4,1_4,1_4&#8243; use_custom_gutter=\u00bbon\u00bb gutter_width=\u00bb2&#8243; _builder_version=\u00bb4.16&#8243; locked=\u00bboff\u00bb global_colors_info=\u00bb{}\u00bb][et_pb_column type=\u00bb1_4&#8243; _builder_version=\u00bb4.16&#8243; custom_padding=\u00bb|||\u00bb global_colors_info=\u00bb{}\u00bb custom_padding__hover=\u00bb|||\u00bb][et_pb_image src=\u00bbhttps:\/\/salondelasmujeres.ar\/wp-content\/uploads\/2024\/03\/art-gallery-29.jpg\u00bb align=\u00bbcenter\u00bb _builder_version=\u00bb4.16&#8243; border_width_all=\u00bb16px\u00bb border_color_all=\u00bb#ffffff\u00bb border_width_all_last_edited=\u00bboff|desktop\u00bb box_shadow_style=\u00bbpreset4&#8243; box_shadow_horizontal=\u00bb0px\u00bb box_shadow_vertical=\u00bb0px\u00bb box_shadow_spread=\u00bb1px\u00bb box_shadow_color=\u00bbrgba(0,0,0,0.34)\u00bb global_colors_info=\u00bb{}\u00bb box_shadow_color__hover=\u00bb#000000&#8243; border_width_all__hover=\u00bb20px\u00bb][\/et_pb_image][et_pb_text ul_position=\u00bbinside\u00bb _builder_version=\u00bb4.16&#8243; text_font=\u00bb||||||||\u00bb ul_font=\u00bb||||||||\u00bb header_font=\u00bb|700|||||||\u00bb header_font_size=\u00bb20px\u00bb header_line_height=\u00bb1.3em\u00bb header_3_font=\u00bb|700|||||||\u00bb header_3_font_size=\u00bb14px\u00bb header_3_line_height=\u00bb1.3em\u00bb text_orientation=\u00bbcenter\u00bb text_text_align=\u00bbcenter\u00bb locked=\u00bboff\u00bb global_colors_info=\u00bb{}\u00bb]<\/p>\n<h3>Free to Visit &amp; See<\/h3>\n<p>Nulla quis lorem ut libero malesuada feugiat sollicitudin molestie malesuada.<\/p>\n<p>[\/et_pb_text][\/et_pb_column][et_pb_column type=\u00bb1_4&#8243; _builder_version=\u00bb4.16&#8243; custom_padding=\u00bb|||\u00bb global_colors_info=\u00bb{}\u00bb custom_padding__hover=\u00bb|||\u00bb][et_pb_image src=\u00bbhttps:\/\/salondelasmujeres.ar\/wp-content\/uploads\/2024\/03\/art_gallery_04.jpg\u00bb align=\u00bbcenter\u00bb _builder_version=\u00bb4.16&#8243; border_width_all=\u00bb16px\u00bb border_color_all=\u00bb#ffffff\u00bb border_width_all_last_edited=\u00bboff|desktop\u00bb box_shadow_style=\u00bbpreset4&#8243; box_shadow_horizontal=\u00bb0px\u00bb box_shadow_vertical=\u00bb0px\u00bb box_shadow_spread=\u00bb1px\u00bb box_shadow_color=\u00bbrgba(0,0,0,0.34)\u00bb global_colors_info=\u00bb{}\u00bb box_shadow_color__hover=\u00bb#000000&#8243; border_width_all__hover=\u00bb20px\u00bb][\/et_pb_image][et_pb_text ul_position=\u00bbinside\u00bb _builder_version=\u00bb4.16&#8243; text_font=\u00bb||||||||\u00bb ul_font=\u00bb||||||||\u00bb header_font=\u00bb|700|||||||\u00bb header_font_size=\u00bb20px\u00bb header_line_height=\u00bb1.3em\u00bb header_3_font=\u00bb|700|||||||\u00bb header_3_font_size=\u00bb14px\u00bb header_3_line_height=\u00bb1.3em\u00bb text_orientation=\u00bbcenter\u00bb text_text_align=\u00bbcenter\u00bb locked=\u00bboff\u00bb global_colors_info=\u00bb{}\u00bb]<\/p>\n<h3>Temporary Collections<\/h3>\n<p>Nulla quis lorem ut libero malesuada feugiat sollicitudin molestie malesuada.<\/p>\n<p>[\/et_pb_text][\/et_pb_column][et_pb_column type=\u00bb1_4&#8243; _builder_version=\u00bb4.16&#8243; custom_padding=\u00bb|||\u00bb global_colors_info=\u00bb{}\u00bb custom_padding__hover=\u00bb|||\u00bb][et_pb_image src=\u00bbhttps:\/\/salondelasmujeres.ar\/wp-content\/uploads\/2024\/03\/art-gallery-30.jpg\u00bb align=\u00bbcenter\u00bb _builder_version=\u00bb4.16&#8243; border_width_all=\u00bb16px\u00bb border_color_all=\u00bb#ffffff\u00bb border_width_all_last_edited=\u00bboff|desktop\u00bb box_shadow_style=\u00bbpreset4&#8243; box_shadow_horizontal=\u00bb0px\u00bb box_shadow_vertical=\u00bb0px\u00bb box_shadow_spread=\u00bb1px\u00bb box_shadow_color=\u00bbrgba(0,0,0,0.34)\u00bb global_colors_info=\u00bb{}\u00bb box_shadow_color__hover=\u00bb#000000&#8243; border_width_all__hover=\u00bb20px\u00bb][\/et_pb_image][et_pb_text ul_position=\u00bbinside\u00bb _builder_version=\u00bb4.16&#8243; text_font=\u00bb||||||||\u00bb ul_font=\u00bb||||||||\u00bb header_font=\u00bb|700|||||||\u00bb header_font_size=\u00bb20px\u00bb header_line_height=\u00bb1.3em\u00bb header_3_font=\u00bb|700|||||||\u00bb header_3_font_size=\u00bb14px\u00bb header_3_line_height=\u00bb1.3em\u00bb text_orientation=\u00bbcenter\u00bb text_text_align=\u00bbcenter\u00bb locked=\u00bboff\u00bb global_colors_info=\u00bb{}\u00bb]<\/p>\n<h3>Food &amp; Drink<\/h3>\n<p>Nulla quis lorem ut libero malesuada feugiat sollicitudin molestie malesuada.<\/p>\n<p>[\/et_pb_text][\/et_pb_column][et_pb_column type=\u00bb1_4&#8243; _builder_version=\u00bb4.16&#8243; custom_padding=\u00bb|||\u00bb global_colors_info=\u00bb{}\u00bb custom_padding__hover=\u00bb|||\u00bb][et_pb_image src=\u00bbhttps:\/\/salondelasmujeres.ar\/wp-content\/uploads\/2024\/03\/art-gallery-35.jpg\u00bb align=\u00bbcenter\u00bb _builder_version=\u00bb4.16&#8243; border_width_all=\u00bb16px\u00bb border_color_all=\u00bb#ffffff\u00bb border_width_all_last_edited=\u00bboff|desktop\u00bb box_shadow_style=\u00bbpreset4&#8243; box_shadow_horizontal=\u00bb0px\u00bb box_shadow_vertical=\u00bb0px\u00bb box_shadow_spread=\u00bb1px\u00bb box_shadow_color=\u00bbrgba(0,0,0,0.34)\u00bb locked=\u00bboff\u00bb global_colors_info=\u00bb{}\u00bb box_shadow_color__hover=\u00bb#000000&#8243; border_width_all__hover=\u00bb20px\u00bb][\/et_pb_image][et_pb_text ul_position=\u00bbinside\u00bb _builder_version=\u00bb4.16&#8243; text_font=\u00bb||||||||\u00bb ul_font=\u00bb||||||||\u00bb header_font=\u00bb|700|||||||\u00bb header_font_size=\u00bb20px\u00bb header_line_height=\u00bb1.3em\u00bb header_3_font=\u00bb|700|||||||\u00bb header_3_font_size=\u00bb14px\u00bb header_3_line_height=\u00bb1.3em\u00bb text_orientation=\u00bbcenter\u00bb text_text_align=\u00bbcenter\u00bb locked=\u00bboff\u00bb global_colors_info=\u00bb{}\u00bb]<\/p>\n<h3>Open Spaces<\/h3>\n<p>Nulla quis lorem ut libero malesuada feugiat sollicitudin molestie malesuada.<\/p>\n<p>[\/et_pb_text][\/et_pb_column][\/et_pb_row][\/et_pb_section]<\/p>\n","protected":false},"excerpt":{"rendered":"<p>Sobre NosotrasEste espacio fue creado para sostener en la memoria colectiva el Sal\u00f3n conocido como \u00abSal\u00f3n de las Mujeres de Casa Rosada\u00bb, creado el 06 de Marzo de 2009 y desmantelado el\u00a0 08 de Marzo de 2024, por el Presidente Javier Milei, el mismo d\u00eda en el que en nuestro pa\u00eds, Argentina, se conmemora el [&hellip;]<\/p>\n","protected":false},"author":1,"featured_media":0,"parent":0,"menu_order":0,"comment_status":"closed","ping_status":"closed","template":"","meta":{"_et_pb_use_builder":"on","_et_pb_old_content":"","_et_gb_content_width":"","footnotes":""},"class_list":["post-101","page","type-page","status-publish","hentry"],"_links":{"self":[{"href":"https:\/\/salondelasmujeres.ar\/index.php?rest_route=\/wp\/v2\/pages\/101","targetHints":{"allow":["GET"]}}],"collection":[{"href":"https:\/\/salondelasmujeres.ar\/index.php?rest_route=\/wp\/v2\/pages"}],"about":[{"href":"https:\/\/salondelasmujeres.ar\/index.php?rest_route=\/wp\/v2\/types\/page"}],"author":[{"embeddable":true,"href":"https:\/\/salondelasmujeres.ar\/index.php?rest_route=\/wp\/v2\/users\/1"}],"replies":[{"embeddable":true,"href":"https:\/\/salondelasmujeres.ar\/index.php?rest_route=%2Fwp%2Fv2%2Fcomments&post=101"}],"version-history":[{"count":18,"href":"https:\/\/salondelasmujeres.ar\/index.php?rest_route=\/wp\/v2\/pages\/101\/revisions"}],"predecessor-version":[{"id":967,"href":"https:\/\/salondelasmujeres.ar\/index.php?rest_route=\/wp\/v2\/pages\/101\/revisions\/967"}],"wp:attachment":[{"href":"https:\/\/salondelasmujeres.ar\/index.php?rest_route=%2Fwp%2Fv2%2Fmedia&parent=101"}],"curies":[{"name":"wp","href":"https:\/\/api.w.org\/{rel}","templated":true}]}}