{"id":1000,"date":"2024-07-09T20:03:46","date_gmt":"2024-07-09T23:03:46","guid":{"rendered":"https:\/\/salondelasmujeres.ar\/?page_id=1000"},"modified":"2024-07-09T20:58:33","modified_gmt":"2024-07-09T23:58:33","slug":"matilde-malvina-vernet","status":"publish","type":"page","link":"https:\/\/salondelasmujeres.ar\/?page_id=1000","title":{"rendered":"Matilde Malvina Vernet"},"content":{"rendered":"<p>[et_pb_section fb_built=\u00bb1&#8243; custom_padding_last_edited=\u00bboff|desktop\u00bb admin_label=\u00bbHeader\u00bb _builder_version=\u00bb4.16&#8243; background_color_gradient_direction=\u00bb188deg\u00bb background_image=\u00bbhttps:\/\/salondelasmujeres.ar\/wp-content\/uploads\/2024\/03\/art-gallery-55.jpg\u00bb background_size=\u00bbinitial\u00bb background_repeat=\u00bbrepeat\u00bb width=\u00bb100%\u00bb custom_padding_tablet=\u00bb5vw||5vw||true\u00bb global_colors_info=\u00bb{}\u00bb theme_builder_area=\u00bbpost_content\u00bb][et_pb_row custom_padding_last_edited=\u00bboff|phone\u00bb _builder_version=\u00bb4.16&#8243; background_position=\u00bbbottom_center\u00bb custom_padding_tablet=\u00bb17vw||17vw||false\u00bb use_custom_width=\u00bbon\u00bb width_unit=\u00bboff\u00bb custom_width_percent=\u00bb100%\u00bb locked=\u00bboff\u00bb global_colors_info=\u00bb{}\u00bb theme_builder_area=\u00bbpost_content\u00bb][et_pb_column type=\u00bb4_4&#8243; _builder_version=\u00bb4.16&#8243; custom_padding=\u00bb|||\u00bb global_colors_info=\u00bb{}\u00bb custom_padding__hover=\u00bb|||\u00bb theme_builder_area=\u00bbpost_content\u00bb][et_pb_text _builder_version=\u00bb4.26.0&#8243; text_font=\u00bb||||||||\u00bb header_font=\u00bb||||||||\u00bb header_2_font=\u00bbPrata|500|||||||\u00bb header_2_text_align=\u00bbleft\u00bb header_2_font_size=\u00bb56px\u00bb header_2_line_height=\u00bb1.3em\u00bb header_4_font=\u00bb|700|||||||\u00bb header_4_font_size=\u00bb16px\u00bb header_4_line_height=\u00bb1.2em\u00bb transform_translate_linked=\u00bboff\u00bb max_width=\u00bb700px\u00bb max_width_tablet=\u00bb70%\u00bb max_width_last_edited=\u00bboff|phone\u00bb hover_enabled=\u00bb0&#8243; header_2_font_size_tablet=\u00bb40px\u00bb header_2_font_size_phone=\u00bb26px\u00bb header_2_font_size_last_edited=\u00bbon|desktop\u00bb global_colors_info=\u00bb{}\u00bb theme_builder_area=\u00bbpost_content\u00bb sticky_enabled=\u00bb0&#8243;]<\/p>\n<h2>Matilde Malvina Vernet<\/h2>\n<h4>Primera persona de la que se tenga registro oficial en nacer en las Islas Malvinas y primera descendiente de argentinos. Puerto Soledad, Islas Malvinas, 5 de febrero de 1830 &#8211; San Isidro, 24 de septiembre de 1924<\/h4>\n<p>Matilde <em>Malvina<\/em> Vernet y S\u00e1ez fue la primera mujer nacida en las Islas Malvinas y jug\u00f3 un papel crucial en el reclamo de Argentina sobre la soberan\u00eda de las Islas Malvinas tras la usurpaci\u00f3n brit\u00e1nica en 1833.<\/p>\n<p>Hija del comerciante alem\u00e1n y primer gobernador argentino de las Islas, Luis Vernet, y de Mar\u00eda S\u00e1ez P\u00e9rez, oriunda de Montevideo, Malvina fue llamada as\u00ed por su familia y amistades, prefiriendo este apodo a su nombre de bautismo. Su nacimiento en Puerto Soledad en 1830 marc\u00f3 un momento significativo, ya que fue la primera habitante aut\u00f3ctona de la colonia argentina, lo que gener\u00f3 grandes celebraciones en la isla.<\/p>\n<p>Mar\u00eda S\u00e1ez contar\u00eda desde el 15 de julio en su <em>\u00abDiario de 1829 en Malvinas\u00bb<\/em>, no solo la vida cotidiana de la colonia argentina, sino tambi\u00e9n todo el embarazo de Matilde.24\u200b25\u200b Al respecto del nacimiento, se cita a Mar\u00eda en su diario:<\/p>\n<p><em>\u00a1Mi mujercita malvinense! La tengo en mis brazos. Su boquita \u00e1vida como un bot\u00f3n de rosa ya quiere succionar. Me embarga de dulzura. Es un milagro. Beso sus deditos. Perfecta. Mi mujercita isle\u00f1a. Mi ni\u00f1a valiente que ha nacido en una isla, ahora m\u00e1s que nunca, como si hubi\u00e9ramos enarbolado entre las dos una bandera&#8230;<\/em><br \/><em>Diario de 1829 en Malvinas<\/em><\/p>\n<p>Tras la invasi\u00f3n brit\u00e1nica de 1833, la familia Vernet se retir\u00f3 de las islas. Malvina siempre reivindic\u00f3 su nacimiento en las Malvinas y los derechos argentinos sobre las islas. Junto a su esposo, Greenleaf Cilley, quien apoy\u00f3 su defensa de los derechos argentinos, Malvina destac\u00f3 la importancia del derecho poblacional y de propiedad de los primeros pobladores malvinenses.<\/p>\n<p>Matilde Vernet y S\u00e1ez falleci\u00f3 a los 94 a\u00f1os en San Isidro y fue sepultada en el cementerio de La Recoleta en Buenos Aires, junto a su padre. Su vida y legado contin\u00faan siendo un s\u00edmbolo del reclamo argentino sobre la soberan\u00eda de las Islas Malvinas.<\/p>\n<p>[\/et_pb_text][\/et_pb_column][\/et_pb_row][\/et_pb_section][et_pb_section fb_built=\u00bb1&#8243; custom_padding_last_edited=\u00bboff|desktop\u00bb admin_label=\u00bbWork\u00bb _builder_version=\u00bb4.16&#8243; background_color_gradient_direction=\u00bb188deg\u00bb background_image=\u00bbhttps:\/\/salondelasmujeres.ar\/wp-content\/uploads\/2024\/03\/art-gallery-55.jpg\u00bb background_size=\u00bbinitial\u00bb background_repeat=\u00bbrepeat\u00bb width=\u00bb100%\u00bb custom_padding_tablet=\u00bb5vw||5vw||true\u00bb global_colors_info=\u00bb{}\u00bb theme_builder_area=\u00bbpost_content\u00bb][et_pb_row custom_padding_last_edited=\u00bboff|phone\u00bb _builder_version=\u00bb4.16&#8243; background_position=\u00bbbottom_center\u00bb custom_padding_tablet=\u00bb17vw||17vw||false\u00bb use_custom_width=\u00bbon\u00bb width_unit=\u00bboff\u00bb custom_width_percent=\u00bb100%\u00bb locked=\u00bboff\u00bb global_colors_info=\u00bb{}\u00bb theme_builder_area=\u00bbpost_content\u00bb][et_pb_column type=\u00bb4_4&#8243; _builder_version=\u00bb4.16&#8243; custom_padding=\u00bb|||\u00bb global_colors_info=\u00bb{}\u00bb custom_padding__hover=\u00bb|||\u00bb theme_builder_area=\u00bbpost_content\u00bb][et_pb_text _builder_version=\u00bb4.24.2&#8243; text_font=\u00bb||||||||\u00bb header_font=\u00bb||||||||\u00bb header_2_font=\u00bbPrata|500|||||||\u00bb header_2_font_size=\u00bb56px\u00bb header_2_line_height=\u00bb1.3em\u00bb header_3_font=\u00bb|700||on|||||\u00bb header_3_text_color=\u00bbrgba(0,0,0,0.35)\u00bb header_3_font_size=\u00bb12px\u00bb header_3_letter_spacing=\u00bb5px\u00bb header_3_line_height=\u00bb2em\u00bb transform_translate_linked=\u00bboff\u00bb text_orientation=\u00bbcenter\u00bb max_width=\u00bb700px\u00bb max_width_tablet=\u00bb70%\u00bb max_width_last_edited=\u00bboff|phone\u00bb module_alignment=\u00bbcenter\u00bb header_2_font_size_tablet=\u00bb40px\u00bb header_2_font_size_phone=\u00bb26px\u00bb header_2_font_size_last_edited=\u00bbon|phone\u00bb header_3_font_size_phone=\u00bb10px\u00bb header_3_font_size_last_edited=\u00bboff|desktop\u00bb module_alignment_last_edited=\u00bboff|desktop\u00bb text_text_align=\u00bbcenter\u00bb global_colors_info=\u00bb{}\u00bb theme_builder_area=\u00bbpost_content\u00bb]<\/p>\n<h3>Un recorrido a trav\u00e9s de<\/h3>\n<h2>Im\u00e1genes y Momentos<\/h2>\n<p>[\/et_pb_text][\/et_pb_column][\/et_pb_row][et_pb_row column_structure=\u00bb1_3,1_3,1_3&#8243; _builder_version=\u00bb4.16&#8243; global_colors_info=\u00bb{}\u00bb theme_builder_area=\u00bbpost_content\u00bb][et_pb_column type=\u00bb1_3&#8243; _builder_version=\u00bb4.16&#8243; custom_padding=\u00bb|||\u00bb global_colors_info=\u00bb{}\u00bb custom_padding__hover=\u00bb|||\u00bb theme_builder_area=\u00bbpost_content\u00bb][et_pb_image src=\u00bbhttps:\/\/salondelasmujeres.ar\/wp-content\/uploads\/2024\/07\/Matilde-Malvina-Vernet_03.jpg\u00bb title_text=\u00bbMatilde Malvina Vernet_03&#8243; align=\u00bbcenter\u00bb _builder_version=\u00bb4.26.0&#8243; hover_enabled=\u00bb0&#8243; global_colors_info=\u00bb{}\u00bb theme_builder_area=\u00bbpost_content\u00bb sticky_enabled=\u00bb0&#8243;][\/et_pb_image][et_pb_text ul_position=\u00bbinside\u00bb _builder_version=\u00bb4.26.0&#8243; text_font=\u00bb||||||||\u00bb ul_font=\u00bb||||||||\u00bb header_font=\u00bb|700|||||||\u00bb header_font_size=\u00bb20px\u00bb header_line_height=\u00bb1.3em\u00bb header_3_font=\u00bb|700|||||||\u00bb header_3_font_size=\u00bb14px\u00bb header_3_line_height=\u00bb1.3em\u00bb text_orientation=\u00bbcenter\u00bb hover_enabled=\u00bb0&#8243; text_text_align=\u00bbcenter\u00bb locked=\u00bboff\u00bb global_colors_info=\u00bb{}\u00bb theme_builder_area=\u00bbpost_content\u00bb sticky_enabled=\u00bb0&#8243;]<\/p>\n<h3>Mar\u00eda S\u00e1ez de Vernet, madre de Malvina, y su Diario<\/h3>\n<p>Se conserva hasta la actualidad el \u00abDiario de 1829 en Malvinas\u00bb escrito por Mar\u00eda durante su residencia en Puerto Soledad, Islas Malvinas, que contaba sus impresiones, los primeros pasos de su hija Sof\u00eda, el embarazo y nacimiento de Matilde, sus amistades y el d\u00eda a d\u00eda del asentamiento argentino.<\/p>\n<p>[\/et_pb_text][\/et_pb_column][et_pb_column type=\u00bb1_3&#8243; _builder_version=\u00bb4.16&#8243; custom_padding=\u00bb|||\u00bb global_colors_info=\u00bb{}\u00bb custom_padding__hover=\u00bb|||\u00bb theme_builder_area=\u00bbpost_content\u00bb][et_pb_image src=\u00bbhttps:\/\/salondelasmujeres.ar\/wp-content\/uploads\/2024\/07\/Matilde-Malvina-Vernet_04.jpg\u00bb title_text=\u00bbMatilde Malvina Vernet_04&#8243; align=\u00bbcenter\u00bb _builder_version=\u00bb4.26.0&#8243; hover_enabled=\u00bb0&#8243; global_colors_info=\u00bb{}\u00bb theme_builder_area=\u00bbpost_content\u00bb sticky_enabled=\u00bb0&#8243;][\/et_pb_image][et_pb_text ul_position=\u00bbinside\u00bb _builder_version=\u00bb4.26.0&#8243; text_font=\u00bb||||||||\u00bb ul_font=\u00bb||||||||\u00bb header_font=\u00bb|700|||||||\u00bb header_font_size=\u00bb20px\u00bb header_line_height=\u00bb1.3em\u00bb header_3_font=\u00bb|700|||||||\u00bb header_3_font_size=\u00bb14px\u00bb header_3_line_height=\u00bb1.3em\u00bb text_orientation=\u00bbcenter\u00bb hover_enabled=\u00bb0&#8243; text_text_align=\u00bbcenter\u00bb locked=\u00bboff\u00bb global_colors_info=\u00bb{}\u00bb theme_builder_area=\u00bbpost_content\u00bb sticky_enabled=\u00bb0&#8243;]<\/p>\n<h3>Matilde Malvina y su reclamo por la soberan\u00eda<\/h3>\n<p>Matilde siempre reivindic\u00f3 ante el periodismo mundial, su nacimiento en el archipi\u00e9lago y los reclamos argentinos. Su esposo tambi\u00e9n la apoy\u00f3 en su defensa de los derechos argentinos en las islas. Cilley, ante el consulado de Estados Unidos en Buenos Aires, protocoliz\u00f3 de pu\u00f1o y letra su desagravio personal ante el incidente de la Lexington.<\/p>\n<p>[\/et_pb_text][\/et_pb_column][et_pb_column type=\u00bb1_3&#8243; _builder_version=\u00bb4.16&#8243; custom_padding=\u00bb|||\u00bb global_colors_info=\u00bb{}\u00bb custom_padding__hover=\u00bb|||\u00bb theme_builder_area=\u00bbpost_content\u00bb][et_pb_image src=\u00bbhttps:\/\/salondelasmujeres.ar\/wp-content\/uploads\/2024\/07\/Matilde-Malvina-Vernet_01.jpg\u00bb title_text=\u00bbMatilde Malvina Vernet_01&#8243; align=\u00bbcenter\u00bb _builder_version=\u00bb4.26.0&#8243; hover_enabled=\u00bb0&#8243; global_colors_info=\u00bb{}\u00bb theme_builder_area=\u00bbpost_content\u00bb sticky_enabled=\u00bb0&#8243;][\/et_pb_image][et_pb_text ul_position=\u00bbinside\u00bb _builder_version=\u00bb4.26.0&#8243; text_font=\u00bb||||||||\u00bb ul_font=\u00bb||||||||\u00bb header_font=\u00bb|700|||||||\u00bb header_font_size=\u00bb20px\u00bb header_line_height=\u00bb1.3em\u00bb header_3_font=\u00bb|700|||||||\u00bb header_3_font_size=\u00bb14px\u00bb header_3_line_height=\u00bb1.3em\u00bb text_orientation=\u00bbcenter\u00bb hover_enabled=\u00bb0&#8243; text_text_align=\u00bbcenter\u00bb locked=\u00bboff\u00bb global_colors_info=\u00bb{}\u00bb theme_builder_area=\u00bbpost_content\u00bb sticky_enabled=\u00bb0&#8243;]<\/p>\n<h3>Su descendencia<\/h3>\n<p>El 10 de junio de 1929, en el centenario del nombramiento como gobernador de Malvinas de Luis Vernet, se reunieron en la casona de San Isidro casi cien descendientes. Por parte de Malvina, cinco de sus hijos vivieron y, antes de su muerte, ten\u00eda ya veintid\u00f3s nietos. Las generaciones posteriores continuaron bautizando a muchas de sus mujeres Malvina.\u200b La quinta sigue siendo habitada por sus descendientes en la actualidad.<\/p>\n<p>[\/et_pb_text][\/et_pb_column][\/et_pb_row][\/et_pb_section][et_pb_section fb_built=\u00bb1&#8243; admin_label=\u00bbResume\u00bb _builder_version=\u00bb4.16&#8243; background_image=\u00bbhttps:\/\/salondelasmujeres.ar\/wp-content\/uploads\/2024\/03\/art-gallery-55.jpg\u00bb background_size=\u00bbinitial\u00bb background_repeat=\u00bbrepeat\u00bb global_colors_info=\u00bb{}\u00bb theme_builder_area=\u00bbpost_content\u00bb][et_pb_row custom_padding_last_edited=\u00bboff|phone\u00bb _builder_version=\u00bb4.16&#8243; background_position=\u00bbbottom_center\u00bb custom_padding_tablet=\u00bb17vw||17vw||false\u00bb use_custom_width=\u00bbon\u00bb width_unit=\u00bboff\u00bb custom_width_percent=\u00bb100%\u00bb locked=\u00bboff\u00bb global_colors_info=\u00bb{}\u00bb theme_builder_area=\u00bbpost_content\u00bb][et_pb_column type=\u00bb4_4&#8243; _builder_version=\u00bb4.16&#8243; custom_padding=\u00bb|||\u00bb global_colors_info=\u00bb{}\u00bb custom_padding__hover=\u00bb|||\u00bb theme_builder_area=\u00bbpost_content\u00bb][et_pb_text _builder_version=\u00bb4.24.2&#8243; text_font=\u00bb||||||||\u00bb header_font=\u00bb||||||||\u00bb header_2_font=\u00bbPrata|500|||||||\u00bb header_2_font_size=\u00bb56px\u00bb header_2_line_height=\u00bb1.3em\u00bb header_3_font=\u00bb|700||on|||||\u00bb header_3_text_color=\u00bbrgba(0,0,0,0.35)\u00bb header_3_font_size=\u00bb12px\u00bb header_3_letter_spacing=\u00bb5px\u00bb header_3_line_height=\u00bb2em\u00bb transform_translate_linked=\u00bboff\u00bb max_width=\u00bb700px\u00bb max_width_tablet=\u00bb70%\u00bb max_width_last_edited=\u00bboff|phone\u00bb module_alignment=\u00bbleft\u00bb header_2_font_size_tablet=\u00bb40px\u00bb header_2_font_size_phone=\u00bb26px\u00bb header_2_font_size_last_edited=\u00bbon|phone\u00bb header_3_font_size_phone=\u00bb10px\u00bb header_3_font_size_last_edited=\u00bboff|desktop\u00bb module_alignment_last_edited=\u00bboff|desktop\u00bb global_colors_info=\u00bb{}\u00bb theme_builder_area=\u00bbpost_content\u00bb]<\/p>\n<h3>Biograf\u00eda<\/h3>\n<p>[\/et_pb_text][\/et_pb_column][\/et_pb_row][et_pb_row _builder_version=\u00bb4.16&#8243; global_colors_info=\u00bb{}\u00bb theme_builder_area=\u00bbpost_content\u00bb][et_pb_column type=\u00bb4_4&#8243; _builder_version=\u00bb4.16&#8243; custom_padding=\u00bb|||\u00bb global_colors_info=\u00bb{}\u00bb custom_padding__hover=\u00bb|||\u00bb theme_builder_area=\u00bbpost_content\u00bb][et_pb_text ul_position=\u00bbinside\u00bb _builder_version=\u00bb4.26.0&#8243; text_font=\u00bb||||||||\u00bb ul_font=\u00bb||||||||\u00bb header_font=\u00bb|700|||||||\u00bb header_font_size=\u00bb20px\u00bb header_line_height=\u00bb1.3em\u00bb header_3_font=\u00bb|700|||||||\u00bb header_3_font_size=\u00bb14px\u00bb header_3_line_height=\u00bb1.3em\u00bb header_4_font=\u00bb|700|||||||\u00bb header_4_font_size=\u00bb14px\u00bb header_4_line_height=\u00bb1.3em\u00bb hover_enabled=\u00bb0&#8243; locked=\u00bboff\u00bb global_colors_info=\u00bb{}\u00bb theme_builder_area=\u00bbpost_content\u00bb sticky_enabled=\u00bb0&#8243;]<\/p>\n<p>Matilde Vernet y S\u00e1ez (Puerto Soledad, Islas Malvinas, 5 de febrero de 1830 &#8211; San Isidro, 24 de septiembre de 1924), apodada <em>Malvina<\/em>, fue la primera mujer nacida en las Islas Malvinas y desempe\u00f1\u00f3 un papel crucial en el reclamo de Argentina sobre la soberan\u00eda de las islas tras la ocupaci\u00f3n brit\u00e1nica en 1833.<\/p>\n<p><strong>Primeros A\u00f1os en las Islas Malvinas<\/strong><br \/>Matilde naci\u00f3 en Puerto Soledad, siendo la primera persona de la que se tiene registro oficial en nacer en las Islas Malvinas y la primera descendiente de argentinos antes de la ocupaci\u00f3n brit\u00e1nica del territorio. Era hija de Luis Vernet, comerciante alem\u00e1n y primer gobernador-comandante argentino de las Islas Malvinas, y de Mar\u00eda S\u00e1ez P\u00e9rez, oriunda de Montevideo. Al momento de su nacimiento, su familia ya se hab\u00eda establecido en Puerto Soledad, y su madre, Mar\u00eda S\u00e1ez, detall\u00f3 el embarazo y nacimiento de Matilde en su <em>\u00abDiario de 1829 en Malvinas\u00bb<\/em>.<\/p>\n<p><strong>Vida en la Colonia y Retiro Forzado<\/strong><br \/>El 19 de noviembre de 1832, tras el ataque de la Lexington, la familia Vernet se vio obligada a retirarse de las islas. A bordo de la goleta Harriet, se trasladaron primero a Brasil y luego a Uruguay, antes de establecerse en Buenos Aires. Posteriormente, la familia se asent\u00f3 en San Isidro, donde Matilde pas\u00f3 gran parte de su vida.<\/p>\n<p><strong>Matrimonio y Vida en Estados Unidos<\/strong><br \/>En 1861, Matilde se cas\u00f3 con el capit\u00e1n naval estadounidense Greenleaf Cilley en Montevideo y se traslad\u00f3 con \u00e9l a Estados Unidos, donde Cilley particip\u00f3 en la Guerra de Secesi\u00f3n.\u00a0<\/p>\n<p>La pareja tuvo seis hijos, tres mujeres y tres varones. Dos de sus hijas, D\u00e9borah Malvinas Cilley Vernet y Malvina Justa Cilley Vernet, nacieron en Uruguay y fueron las primeras en llevar el nombre \u00abMalvina\u00bb de forma oficial, continuando la tradici\u00f3n familiar.<\/p>\n<p><strong>Retorno a Argentina y Defensa de la Soberan\u00eda<\/strong><br \/>Despu\u00e9s de la muerte de uno de sus hijos y el fin de la Guerra de Secesi\u00f3n, Matilde y su familia regresaron a Argentina, estableci\u00e9ndose en la finca familiar <em>Las Acacias<\/em> en San Isidro. Matilde siempre reivindic\u00f3 ante el periodismo mundial su nacimiento en las Islas Malvinas y los derechos argentinos sobre el archipi\u00e9lago. Su esposo, Greenleaf Cilley, tambi\u00e9n apoy\u00f3 su defensa, protocolizando un desagravio personal ante el consulado estadounidense en Buenos Aires por el incidente de la Lexington.<\/p>\n<p><strong>Legado y Homenajes<\/strong><br \/>Matilde falleci\u00f3 a los 94 a\u00f1os en San Isidro y fue sepultada en el cementerio de La Recoleta en Buenos Aires, junto a su padre. Su vida y legado contin\u00faan siendo un s\u00edmbolo del reclamo argentino sobre la soberan\u00eda de las Islas Malvinas. En 1946, Luis Ortiz Behety le dedic\u00f3 un poema en el <em>\u00abCancionero de las Islas Malvinas\u00bb<\/em>, y en 1981 se erigi\u00f3 un memorial para ella y su padre en el cementerio de La Recoleta. En 2015, el Museo Malvinas e Islas del Atl\u00e1ntico Sur en Buenos Aires recibi\u00f3 una donaci\u00f3n de la obra pict\u00f3rica <em>\u00abMalvina Vernet\u00bb<\/em> en su homenaje.<\/p>\n<p>Matilde Vernet y S\u00e1ez sigue siendo recordada como una figura clave en la historia de las Islas Malvinas y en la lucha por la soberan\u00eda argentina sobre el territorio.<\/p>\n<p>[\/et_pb_text][\/et_pb_column][\/et_pb_row][\/et_pb_section]<\/p>\n","protected":false},"excerpt":{"rendered":"<p>Matilde Malvina Vernet Primera persona de la que se tenga registro oficial en nacer en las Islas Malvinas y primera descendiente de argentinos. Puerto Soledad, Islas Malvinas, 5 de febrero de 1830 &#8211; San Isidro, 24 de septiembre de 1924 Matilde Malvina Vernet y S\u00e1ez fue la primera mujer nacida en las Islas Malvinas y [&hellip;]<\/p>\n","protected":false},"author":1,"featured_media":0,"parent":0,"menu_order":0,"comment_status":"closed","ping_status":"closed","template":"","meta":{"_et_pb_use_builder":"on","_et_pb_old_content":"","_et_gb_content_width":"","footnotes":""},"class_list":["post-1000","page","type-page","status-publish","hentry"],"_links":{"self":[{"href":"https:\/\/salondelasmujeres.ar\/index.php?rest_route=\/wp\/v2\/pages\/1000","targetHints":{"allow":["GET"]}}],"collection":[{"href":"https:\/\/salondelasmujeres.ar\/index.php?rest_route=\/wp\/v2\/pages"}],"about":[{"href":"https:\/\/salondelasmujeres.ar\/index.php?rest_route=\/wp\/v2\/types\/page"}],"author":[{"embeddable":true,"href":"https:\/\/salondelasmujeres.ar\/index.php?rest_route=\/wp\/v2\/users\/1"}],"replies":[{"embeddable":true,"href":"https:\/\/salondelasmujeres.ar\/index.php?rest_route=%2Fwp%2Fv2%2Fcomments&post=1000"}],"version-history":[{"count":4,"href":"https:\/\/salondelasmujeres.ar\/index.php?rest_route=\/wp\/v2\/pages\/1000\/revisions"}],"predecessor-version":[{"id":1011,"href":"https:\/\/salondelasmujeres.ar\/index.php?rest_route=\/wp\/v2\/pages\/1000\/revisions\/1011"}],"wp:attachment":[{"href":"https:\/\/salondelasmujeres.ar\/index.php?rest_route=%2Fwp%2Fv2%2Fmedia&parent=1000"}],"curies":[{"name":"wp","href":"https:\/\/api.w.org\/{rel}","templated":true}]}}